{"id":20784,"date":"2023-08-31T11:55:37","date_gmt":"2023-08-31T16:55:37","guid":{"rendered":"https:\/\/www.cesantiapn.com.ec\/?page_id=20784"},"modified":"2023-08-31T11:55:38","modified_gmt":"2023-08-31T16:55:38","slug":"terminos-y-condiciones-de-uso","status":"publish","type":"page","link":"https:\/\/www.cesantiapn.com.ec\/es\/terminos-y-condiciones-de-uso\/","title":{"rendered":"T\u00e9rminos y condiciones de uso"},"content":{"rendered":"<p>T\u00e9rminos de Uso<\/p>\n\n\n\n<p>1. ACEPTACI\u00d3N DE LOS T\u00c9RMINOS Y CONDICIONES<\/p>\n\n\n\n<p>1.1 Los presentes t\u00e9rminos y condiciones tienen car\u00e1cter vinculante y obligatorio. Los mismos son aplicados a la utilizaci\u00f3n de los servicios ofrecidos o puestos a disposici\u00f3n de los usuarios de internet por&nbsp;<strong>LA EMPRESA<\/strong>, con domicilio en&nbsp;<strong>ECUADOR<\/strong>, a trav\u00e9s del sitio de la p\u00e1gina web).<\/p>\n\n\n\n<p>1.2 La utilizaci\u00f3n de los Servicios atribuye a la condici\u00f3n de usuario del Sitio e implica la aceptaci\u00f3n expresa, plena y sin reservas, de todas y cada una de las cl\u00e1usulas de los T\u00e9rminos y Condiciones en la versi\u00f3n publicada por la Empresa en el momento mismo en que el Usuario utilice los Servicios y dem\u00e1s informaci\u00f3n suministrada en el Sitio. En caso de no estar de acuerdo con los T\u00e9rminos y Condiciones deber\u00e1 abstenerse de utilizar los Servicios.<\/p>\n\n\n\n<p>1.3 La utilizaci\u00f3n de los Servicios se encuentra, asimismo, sometida a todos los avisos, reglamentos de uso, instrucciones, pol\u00edticas de privacidad, t\u00e9rminos y condiciones complementarias, suplementarias o espec\u00edficos, presentes o que en el futuro pueda publicar Hoodies Shop en el sitio de internet&nbsp;, las cuales ser\u00e1n comunicadas en forma previa al Usuario.<\/p>\n\n\n\n<p>1.4 La empresa podr\u00e1 modificar los T\u00e9rminos y Condiciones en cualquier momento comunicando dichas modificaciones en forma previa a los Usuarios. Las nuevas versiones de los T\u00e9rminos y Condiciones ser\u00e1n notificadas mediante: (i) publicaci\u00f3n de la \u00faltima versi\u00f3n actualizada y vigente en la p\u00e1gina <strong>T\u00c9RMINOS DE USO<\/strong>, y\/o (ii) por mensaje de correo electr\u00f3nico dirigido al Usuario con un enlace a&nbsp;nuestro <strong>SITIO WEB.<\/strong><\/p>\n\n\n\n<p>2. REGISTRO<\/p>\n\n\n\n<p>2.1 Los Servicios de la Empresa que ofrece a trav\u00e9s del Sitio son de acceso restringido, con lo cual s\u00f3lo podr\u00e1n acceder a los mismos aquellos Usuarios que se registren completando todos los campos obligatorios del formulario de registro (en adelante el \u201cFormulario\u201d), con datos aut\u00e9nticos y actuales.<\/p>\n\n\n\n<p>2.2 Al completar el Formulario, el Usuario acepta:<\/p>\n\n\n\n<ul>\n<li>Proveer informaci\u00f3n verdadera, cierta, correcta, actualizada y completa, que ser\u00e1n procesados y almacenados en servidores con sistemas de seguridad para su protecci\u00f3n y seguridad.<\/li>\n\n\n\n<li>Mantener actualizados los Datos de Registro, de manera que los mismos contin\u00faen siendo verdaderos, ciertos, correctos, actualizados, y completos.<\/li>\n\n\n\n<li>En caso que el Usuario provea informaci\u00f3n que sea falsa, incorrecta, desactualizada o incompleta, o la Empresa tenga una base razonable de sospecha de que dicha informaci\u00f3n sea falsa, incorrecta, desactualizada o incompleta, HOODIES SHOP tendr\u00e1 el derecho de suspender o terminar la posibilidad del Usuario de utilizar los Servicios, as\u00ed como a rechazar cualquier nuevo o futuro uso de los Servicios por dicho Usuario (o s\u00f3lo alguno de ellos).<\/li>\n<\/ul>\n\n\n\n<p>2.3 Una vez completado el Formulario se le informar\u00e1 al Usuario dicha aceptaci\u00f3n y el registro de su cuenta (en adelante la \u201cCuenta\u201d), v\u00eda correo electr\u00f3nico, a la misma direcci\u00f3n ingresada en el Formulario.<\/p>\n\n\n\n<p>2.4 El Usuario deber\u00e1 tener capacidad legal para contratar y no encontrarse bajo ning\u00fan impedimento legal o de hecho para contratar.<\/p>\n\n\n\n<p>2.5 El Usuario, una vez registrado, se obliga a preservar la confidencialidad de su contrase\u00f1a. En consecuencia, el Usuario ser\u00e1 responsable por el acceso a los Servicios y las operaciones que se realicen con su Cuenta y\/o Direcci\u00f3n de Correo Electr\u00f3nico y Contrase\u00f1a, y se obliga a indemnizar y mantener indemne a la Empresa y\/o los dem\u00e1s Usuarios, Proveedores o terceros, por todo costo, gasto, da\u00f1o o perjuicio (incluyendo los honorarios legales) que la Empresa y\/o los dem\u00e1s Usuarios, Proveedores o terceros pudieren tener que pagar o pudieren sufrir como consecuencia, directa o indirecta, de cualquier acceso a los Servicios y\/ u operaciones realizadas con su Cuenta y\/o Direcci\u00f3n de Correo Electr\u00f3nico y Contrase\u00f1a.<\/p>\n\n\n\n<p>2.6 En virtud de lo expuesto anteriormente, el Usuario se obliga a notificar inmediatamente a la Empresa cualquier uso no autorizado o robo de su contrase\u00f1a o cualquier otra violaci\u00f3n a la seguridad, y de proveer la prueba documentada pertinente que sea razonablemente requerida por la Empresa. Asimismo, la Empresa no ser\u00e1 responsable por cualquier p\u00e9rdida incurrida por el Usuario como consecuencia de la utilizaci\u00f3n de la Cuenta por parte de un tercero, haya sucedido esto con o sin el conocimiento del Usuario. Sin embargo, el Usuario ser\u00e1 responsable por cualquier p\u00e9rdida incurrida por la Empresa o cualquier tercero, como consecuencia de la utilizaci\u00f3n de la Cuenta por parte de un tercero.<\/p>\n\n\n\n<p>2.7 La Empresa podr\u00e1, a su exclusivo arbitrio, dar de baja temporal o permanentemente, las Cuentas de aquellos Usuarios que violen los T\u00e9rminos y Condiciones, y\/o la Pol\u00edtica de Privacidad, y\/o por cualquier otro motivo que la Empresa considere violatorio de la moral, las buenas costumbres, las buenas pr\u00e1cticas profesionales y\/o comerciales y\/o sean perjudiciales para la Empresa o terceros. Dicho acto podr\u00e1 adem\u00e1s ser ejercido en adici\u00f3n a otro tipo de sanciones o decisiones contempladas en estos T\u00e9rminos y Condiciones.<\/p>\n\n\n\n<p>3. UTILIZACI\u00d3N DE LOS SERVICIOS<\/p>\n\n\n\n<p>3.1 Una vez registrado en el Sitio, el Usuario podr\u00e1 hacer uso de los Servicios, consistente en:<\/p>\n\n\n\n<ul>\n<li>Compra de productos:La Empresa dispone al p\u00fablico en general, a trav\u00e9s de internet, la venta de productos o servicios en la medida que el contenido se ajuste a los presentes T\u00e9rminos y Condiciones y dem\u00e1s pol\u00edticas vigentes.<\/li>\n\n\n\n<li>Sistema de \u201cCarrito de Compras\u201d:La Empresa tendr\u00e1 la posibilidad de contar con un sistema que permite que los visitantes que deseen adquirir productos puedan seleccionar aquellos de su inter\u00e9s (en adelante el \u201cCarrito de Compras\u201d), en donde se informar\u00e1 en forma detallada todos los pasos necesarios para formalizar la compra, brindando los medios t\u00e9cnicos para identificar y corregir errores de datos previo a efectuar la misma.<\/li>\n\n\n\n<li>Aceptaci\u00f3n de pagos: La Empresa otorga la posibilidad de que el Usuario pueda aceptar el pago por la compra de productos a trav\u00e9s de distintos medios de pago habilitados que se encuentren disponibles en el Sitio (en adelante los \u201cMedios de Pago\u201d).&nbsp;La Empresa no tiene ninguna intervenci\u00f3n en el procesamiento de pagos, ni recibe, ni tiene acceso a informaci\u00f3n o datos de titulares de tarjetas de cr\u00e9dito. En todas las transacciones que se gestionen y\/o se realizan a trav\u00e9s de servicios de terceros habilitados, la Empresa, en ning\u00fan caso es responsable por errores, da\u00f1os, perjuicios, fraude, o robo de informaci\u00f3n que pueda ocurrir durante el proceso de pago.<\/li>\n\n\n\n<li>Servicio de env\u00edo:La Empresa podr\u00e1 contar con un servicio de env\u00edo al domicilio que El Usuario consigne. El Usuario entiende y acepta que el servicio de env\u00edo es prestado por terceros no siendo responsable por demoras o errores en el env\u00edo.<\/li>\n<\/ul>\n\n\n\n<p>4. PRECIO Y PAGO DEL SERVICIO<\/p>\n\n\n\n<p>4.1 El precio de los productos seleccionados son aquellos precios vigentes y actualizados que se encuentran informados en el Sitio. Los precios podr\u00e1n ser modificados en cualquier momento y ser\u00e1n comunicados en forma previa a la entrada en vigencia, conforme al procedimiento mencionado en el Punto 1.4.<\/p>\n\n\n\n<p>4.2. Cualquier pago que se realice de forma online por el Servicio, ser\u00e1 a trav\u00e9s de Gateways de pago externos provistos por otras compa\u00f1\u00edas o por transferencias bancarias, seg\u00fan se encuentre habilitado, y\/o cualquier otro medio o servicio provisto por terceros que en el futuro se habilite. La Empresa no se responsabiliza por ning\u00fan inconveniente, da\u00f1o, perjuicio o p\u00e9rdida de dinero que pueda ocurrir durante el proceso de pago, debiendo el Usuario reclamar directamente al proveedor del servicio de pago utilizado.<\/p>\n\n\n\n<p>4.3 El Usuario deber\u00e1 pagar el precio en los plazos y forma detallados en el Sitio. La mora se producir\u00e1 por el mero vencimiento del plazo para el pago sin necesidad de interpelaci\u00f3n judicial o extrajudicial, facultando a la Empresa a dar de baja la cuenta del Usuario.<\/p>\n\n\n\n<p>4.4 Una vez pagado el producto, la Empresa emitir\u00e1 la factura correspondiente.<\/p>\n\n\n\n<p>5. OBLIGACIONES Y DEBERES DEL USUARIO<\/p>\n\n\n\n<p>5.1 El Usuario se compromete a utilizar los Servicios de conformidad a la ley aplicable, estos T\u00e9rminos y Condiciones, la Pol\u00edtica de Privacidad, as\u00ed como con la moral y buenas costumbres y el orden p\u00fablico. El Usuario se obliga a abstenerse de utilizar los Servicios con fines o efectos il\u00edcitos, contrarios a lo establecido en estos T\u00e9rminos y Condiciones, lesivos de los derechos e intereses de la Empresa, otros Usuarios y\/o terceros, o que de cualquier forma puedan da\u00f1ar, inutilizar, sobrecargar o deteriorar los Servicios, o impedir la normal utilizaci\u00f3n o disfrute de los Servicios por parte de la Empresa, los Proveedores, otros Usuarios y\/o terceros.<\/p>\n\n\n\n<p>5.2 En especial, el Usuario se obliga a abstenerse de realizar cualquiera de los siguientes actos:<\/p>\n\n\n\n<ul>\n<li>Queda prohibido: Utilizar los Servicios y\/o Productos directa o indirectamente, para violar cualquier ley aplicable, cualquiera fuese su naturaleza, ya sea provincial, nacional o internacional; , o violatorio de cualquier ley aplicable, nacional o internacional, o de la moral, las buenas costumbres, o el orden p\u00fablico; transmitir, distribuir, o almacenar cualquier tipo de informaci\u00f3n, datos o materiales que violen leyes o regulaciones provinciales, nacionales o internacionales; enviar o transmitir informaci\u00f3n cuyo contenido sea, directa o indirectamente, y sin que lo siguiente se considere una limitaci\u00f3n, transgresor, profano, abusivo, difamatorio y\/ o fraudulento, o que revele asuntos privados o personales que afecten a persona alguna, o de alguna forma violen los derechos de los dem\u00e1s; acceder los Servicios utilizando un nombre falso, err\u00f3neo o inexistente, ya sea como persona f\u00edsica o jur\u00eddica; enviar o transmitir material alguno que el Usuario no tenga derecho a transmitir con arreglo a las leyes (ya sea de Copyright, marca registrada, secreto comercial, patentes u otros derechos de la propiedad de terceros aunque no limitado a ello solamente) o con arreglo a relaciones contractuales o fiduciarias (tales como los contratos de no divulgaci\u00f3n).<\/li>\n\n\n\n<li>Queda prohibido: Violar o alterar de cualquier forma los sistemas de autenticaci\u00f3n, verificaci\u00f3n de identidad y seguridad de los Servicios, redes o cuentas de Usuarios, y\/o administradores y\/o responsables de los Servicios; esto incluye, y no se limita, a tratar de acceder a datos no destinados al Usuario, intentar ingresar a los Servicios o cuentas sin contar con la expresa autorizaci\u00f3n para hacerlo, o intentar probar o alterar de cualquier forma y a cualquier nivel la seguridad de las redes de la Empresa, utilizando cualquier clase de herramientas que sirvan a id\u00e9nticos o similares fines; intentar interrupciones, variaciones o cortes en las comunicaciones de internet, tales como alterar informaci\u00f3n de ruteo, derivaci\u00f3n y\/o distribuci\u00f3n, sobrecargar deliberadamente uno o m\u00e1s Servicios (overflow o similar), efectuar ataques inform\u00e1ticos a otras computadoras sobre internet u otro tipo de red de comunicaciones inform\u00e1tica, global, local y\/o interna, entre otros; utilizar cualquier programa, comando o grupo de comandos, o enviar mensajes de cualquier tipo, destinados a interferir con la sesi\u00f3n establecida por un Usuario en cualquier punto de internet; efectuar cualquier tipo de monitoreo que implique la intercepci\u00f3n de informaci\u00f3n no destinada al Usuario; enviar o transmitir archivos que contengan virus u otras caracter\u00edsticas destructivas que puedan afectar de manera adversa el funcionamiento de una computadora ajena y\/ o puedan afectar el correcto funcionamiento de las mismas y\/ o de los Servicios; utilizar cualquier programa de computaci\u00f3n (software) u otro medio, que induzca a enga\u00f1o, a los fines de aumentar o procurar ventajas patrimoniales o comerciales en favor del Usuario o de terceros no autorizados por la Empresa o no previstos en estos T\u00e9rminos y Condiciones; efectuar acciones que restrinjan, denieguen o impidan a cualquier individuo, grupo, entidad u organizaci\u00f3n el uso de los Servicios, y de internet en general. Asimismo, el uso de cualquier m\u00e9todo o sistema, de computaci\u00f3n o no, por parte del Usuario y\/o terceros en favor de \u00e9ste a los fines de la utilizaci\u00f3n de los Servicios, que no est\u00e9n expresamente autorizados por la Empresa en \u00e9stos T\u00e9rminos y Condiciones y\/o por otro medio expreso, queda prohibido y ser\u00e1 causal de las sanciones y\/o procedimientos que se contemplan en ellos, sin perjuicio de las acciones legales que la Empresa y\/o sus representantes y\/o sucesores puedan interponer a sus efectos.<\/li>\n\n\n\n<li>Queda prohibido: Reproducir, duplicar, copiar, vender, revender o explotar, total o parcialmente el Servicio, Productos y\/o su contenido sin el consentimiento expreso y por escrito de la Empresa.<\/li>\n<\/ul>\n\n\n\n<p>6. LIMITACI\u00d3N DE RESPONSABILIDAD POR LOS SERVICIOS<\/p>\n\n\n\n<p>6.1 La Empresa contrata su acceso a internet y el de sus servidores con un tercero, proveedor de dicho servicio. El Usuario acepta y reconoce que los Servicios pueden no siempre estar disponibles debido a dificultades t\u00e9cnicas o fallas de internet, del proveedor, o por cualquier otro motivo ajeno a la Empresa. En consecuencia, la Empresa no garantiza la disponibilidad y continuidad del funcionamiento de los Servicios; como tampoco garantiza la utilidad de los Servicios para la realizaci\u00f3n de ninguna actividad en particular, ni su infalibilidad y, en particular, aunque no de modo exclusivo, que el Usuario pueda efectivamente utilizar los Servicios, o la totalidad de los mismos, o acceder a la totalidad de las secciones del Sitio. La Empresa excluye cualquier responsabilidad por los da\u00f1os y perjuicios de toda naturaleza que sean originados en forma directa, indirecta o remota, por la interrupci\u00f3n, suspensi\u00f3n, finalizaci\u00f3n, falta de disponibilidad o de continuidad del funcionamiento de los Servicios, por la defraudaci\u00f3n de la utilidad, ingresos, ganancias o beneficios que el Usuarios hubieren podido atribuir a la empresa, a la falibilidad de los Servicios, y en particular, aunque no de modo exclusivo, por las fallas en el acceso a los Servicios. En la medida m\u00e1xima permitida por las leyes aplicables, la empresa no se responsabiliza por cualquier da\u00f1o, perjuicio o p\u00e9rdida en el o los equipos del Usuario y\/o sus autorizados y\/o terceros originados por fallas en el sistema, servidor o en internet.<\/p>\n\n\n\n<p>6.2 El Usuario declara y acepta que al publicar contenido en su cuenta, otros usuarios de Internet pueden verla, autorizando a la Empresa a mostrar dichos contenidos en Internet y almacenarlos en sus bases de datos, manteniendo indemne a la Empresa por cualquier reclamo y\/o da\u00f1o vinculado por la utilizaci\u00f3n de tales contenidos.<\/p>\n\n\n\n<p>6.3 En la medida m\u00e1xima permitida por las leyes aplicables, la Empresa no estar\u00e1 obligada a realizar reembolsos y\/o indemnizaciones de da\u00f1os y perjuicios al frente al Usuario y terceras personas, ni asume garant\u00eda alguna por la informaci\u00f3n y\/o las obligaciones asumidas por el Usuario.<\/p>\n\n\n\n<p>7. PROPIEDAD INTELECTUAL. DERECHOS RESERVADOS<\/p>\n\n\n\n<p>7.1 Todos los derechos del sitio web referido est\u00e1n reservados y pertenecen a la Empresa.<\/p>\n\n\n\n<p>7.2 El contenido del Sitio, as\u00ed como la marca de <strong>NUESTRA EMPRESA<\/strong>, la base de datos y los dise\u00f1os en general son propiedad de la Empresa y se encuentran protegidos por la legislaci\u00f3n nacional e internacional vigente sobre la propiedad intelectual.<\/p>\n\n\n\n<p>7.3 La reproducci\u00f3n total o parcial sin autorizaci\u00f3n de la Empresa y\/o el uso indebido de los contenidos presentes est\u00e1 totalmente prohibida.<\/p>\n\n\n\n<p>8. NOTIFICACIONES Y CANCELACI\u00d3N DE LA CUENTA<\/p>\n\n\n\n<p>8.1 Para poder realizar notificaciones referidas al Sitio y\/o Servicio, como as\u00ed tambi\u00e9n la cancelaci\u00f3n, sin costo alguno, de la cuenta y Servicio, el Usuario tendr\u00e1 que dirigirse por escrito a nuestro correo electr\u00f3nico o a su domicilio legal antes mencionado.<\/p>\n\n\n\n<p>9. JURISDICCI\u00d3N Y LEGISLACI\u00d3N APLICABLE<\/p>\n\n\n\n<p>9.1 Todos los \u00edtems de estos T\u00e9rminos y Condiciones del sitio web presente est\u00e1n regidos por las leyes vigentes en la Rep\u00fablica de Ecuador siempre y cuando las legislaciones locales en donde la Empresa ofrezca sus servicios lo permitan.<\/p>","protected":false},"excerpt":{"rendered":"<p>T\u00e9rminos de Uso 1. ACEPTACI\u00d3N DE LOS T\u00c9RMINOS Y CONDICIONES 1.1 Los presentes t\u00e9rminos y condiciones tienen car\u00e1cter vinculante y<\/p>","protected":false},"author":14,"featured_media":0,"parent":0,"menu_order":0,"comment_status":"closed","ping_status":"closed","template":"","meta":{"footnotes":""},"yoast_head":"<!-- This site is optimized with the Yoast SEO plugin v22.3 - https:\/\/yoast.com\/wordpress\/plugins\/seo\/ -->\n<title>T\u00e9rminos y condiciones de uso - Servicio de Cesant\u00eda de la Polic\u00eda Nacional<\/title>\n<meta name=\"robots\" content=\"index, follow, max-snippet:-1, max-image-preview:large, max-video-preview:-1\" \/>\n<link rel=\"canonical\" href=\"https:\/\/www.cesantiapn.com.ec\/es\/terminos-y-condiciones-de-uso\/\" \/>\n<meta property=\"og:locale\" content=\"es_ES\" \/>\n<meta property=\"og:type\" content=\"article\" \/>\n<meta property=\"og:title\" content=\"T\u00e9rminos y condiciones de uso - Servicio de Cesant\u00eda de la Polic\u00eda Nacional\" \/>\n<meta property=\"og:description\" content=\"T\u00e9rminos de Uso 1. ACEPTACI\u00d3N DE LOS T\u00c9RMINOS Y CONDICIONES 1.1 Los presentes t\u00e9rminos y condiciones tienen car\u00e1cter vinculante y\" \/>\n<meta property=\"og:url\" content=\"https:\/\/www.cesantiapn.com.ec\/es\/terminos-y-condiciones-de-uso\/\" \/>\n<meta property=\"og:site_name\" content=\"Servicio de Cesant\u00eda de la Polic\u00eda Nacional\" \/>\n<meta property=\"article:modified_time\" content=\"2023-08-31T16:55:38+00:00\" \/>\n<meta name=\"twitter:card\" content=\"summary_large_image\" \/>\n<meta name=\"twitter:label1\" content=\"Tiempo de lectura\" \/>\n\t<meta name=\"twitter:data1\" content=\"13 minutos\" \/>\n<script type=\"application\/ld+json\" class=\"yoast-schema-graph\">{\"@context\":\"https:\/\/schema.org\",\"@graph\":[{\"@type\":\"WebPage\",\"@id\":\"https:\/\/www.cesantiapn.com.ec\/terminos-y-condiciones-de-uso\/\",\"url\":\"https:\/\/www.cesantiapn.com.ec\/terminos-y-condiciones-de-uso\/\",\"name\":\"T\u00e9rminos y condiciones de uso - Servicio de Cesant\u00eda de la Polic\u00eda Nacional\",\"isPartOf\":{\"@id\":\"https:\/\/www.cesantiapn.com.ec\/#website\"},\"datePublished\":\"2023-08-31T16:55:37+00:00\",\"dateModified\":\"2023-08-31T16:55:38+00:00\",\"breadcrumb\":{\"@id\":\"https:\/\/www.cesantiapn.com.ec\/terminos-y-condiciones-de-uso\/#breadcrumb\"},\"inLanguage\":\"es\",\"potentialAction\":[{\"@type\":\"ReadAction\",\"target\":[\"https:\/\/www.cesantiapn.com.ec\/terminos-y-condiciones-de-uso\/\"]}]},{\"@type\":\"BreadcrumbList\",\"@id\":\"https:\/\/www.cesantiapn.com.ec\/terminos-y-condiciones-de-uso\/#breadcrumb\",\"itemListElement\":[{\"@type\":\"ListItem\",\"position\":1,\"name\":\"Portada\",\"item\":\"https:\/\/www.cesantiapn.com.ec\/\"},{\"@type\":\"ListItem\",\"position\":2,\"name\":\"T\u00e9rminos y condiciones de uso\"}]},{\"@type\":\"WebSite\",\"@id\":\"https:\/\/www.cesantiapn.com.ec\/#website\",\"url\":\"https:\/\/www.cesantiapn.com.ec\/\",\"name\":\"Servicio de Cesant\u00eda de la Polic\u00eda Nacional\",\"description\":\"\",\"potentialAction\":[{\"@type\":\"SearchAction\",\"target\":{\"@type\":\"EntryPoint\",\"urlTemplate\":\"https:\/\/www.cesantiapn.com.ec\/?s={search_term_string}\"},\"query-input\":\"required name=search_term_string\"}],\"inLanguage\":\"es\"}]}<\/script>\n<!-- \/ Yoast SEO plugin. -->","yoast_head_json":{"title":"T\u00e9rminos y condiciones de uso - Servicio de Cesant\u00eda de la Polic\u00eda Nacional","robots":{"index":"index","follow":"follow","max-snippet":"max-snippet:-1","max-image-preview":"max-image-preview:large","max-video-preview":"max-video-preview:-1"},"canonical":"https:\/\/www.cesantiapn.com.ec\/es\/terminos-y-condiciones-de-uso\/","og_locale":"es_ES","og_type":"article","og_title":"T\u00e9rminos y condiciones de uso - Servicio de Cesant\u00eda de la Polic\u00eda Nacional","og_description":"T\u00e9rminos de Uso 1. ACEPTACI\u00d3N DE LOS T\u00c9RMINOS Y CONDICIONES 1.1 Los presentes t\u00e9rminos y condiciones tienen car\u00e1cter vinculante y","og_url":"https:\/\/www.cesantiapn.com.ec\/es\/terminos-y-condiciones-de-uso\/","og_site_name":"Servicio de Cesant\u00eda de la Polic\u00eda Nacional","article_modified_time":"2023-08-31T16:55:38+00:00","twitter_card":"summary_large_image","twitter_misc":{"Tiempo de lectura":"13 minutos"},"schema":{"@context":"https:\/\/schema.org","@graph":[{"@type":"WebPage","@id":"https:\/\/www.cesantiapn.com.ec\/terminos-y-condiciones-de-uso\/","url":"https:\/\/www.cesantiapn.com.ec\/terminos-y-condiciones-de-uso\/","name":"T\u00e9rminos y condiciones de uso - Servicio de Cesant\u00eda de la Polic\u00eda Nacional","isPartOf":{"@id":"https:\/\/www.cesantiapn.com.ec\/#website"},"datePublished":"2023-08-31T16:55:37+00:00","dateModified":"2023-08-31T16:55:38+00:00","breadcrumb":{"@id":"https:\/\/www.cesantiapn.com.ec\/terminos-y-condiciones-de-uso\/#breadcrumb"},"inLanguage":"es","potentialAction":[{"@type":"ReadAction","target":["https:\/\/www.cesantiapn.com.ec\/terminos-y-condiciones-de-uso\/"]}]},{"@type":"BreadcrumbList","@id":"https:\/\/www.cesantiapn.com.ec\/terminos-y-condiciones-de-uso\/#breadcrumb","itemListElement":[{"@type":"ListItem","position":1,"name":"Portada","item":"https:\/\/www.cesantiapn.com.ec\/"},{"@type":"ListItem","position":2,"name":"T\u00e9rminos y condiciones de uso"}]},{"@type":"WebSite","@id":"https:\/\/www.cesantiapn.com.ec\/#website","url":"https:\/\/www.cesantiapn.com.ec\/","name":"Servicio de Cesant\u00eda de la Polic\u00eda Nacional","description":"","potentialAction":[{"@type":"SearchAction","target":{"@type":"EntryPoint","urlTemplate":"https:\/\/www.cesantiapn.com.ec\/?s={search_term_string}"},"query-input":"required name=search_term_string"}],"inLanguage":"es"}]}},"_links":{"self":[{"href":"https:\/\/www.cesantiapn.com.ec\/es\/wp-json\/wp\/v2\/pages\/20784"}],"collection":[{"href":"https:\/\/www.cesantiapn.com.ec\/es\/wp-json\/wp\/v2\/pages"}],"about":[{"href":"https:\/\/www.cesantiapn.com.ec\/es\/wp-json\/wp\/v2\/types\/page"}],"author":[{"embeddable":true,"href":"https:\/\/www.cesantiapn.com.ec\/es\/wp-json\/wp\/v2\/users\/14"}],"replies":[{"embeddable":true,"href":"https:\/\/www.cesantiapn.com.ec\/es\/wp-json\/wp\/v2\/comments?post=20784"}],"version-history":[{"count":1,"href":"https:\/\/www.cesantiapn.com.ec\/es\/wp-json\/wp\/v2\/pages\/20784\/revisions"}],"predecessor-version":[{"id":20785,"href":"https:\/\/www.cesantiapn.com.ec\/es\/wp-json\/wp\/v2\/pages\/20784\/revisions\/20785"}],"wp:attachment":[{"href":"https:\/\/www.cesantiapn.com.ec\/es\/wp-json\/wp\/v2\/media?parent=20784"}],"curies":[{"name":"wp","href":"https:\/\/api.w.org\/{rel}","templated":true}]}}