{"id":20927,"date":"2023-09-01T10:32:41","date_gmt":"2023-09-01T15:32:41","guid":{"rendered":"https:\/\/www.cesantiapn.com.ec\/?page_id=20927"},"modified":"2024-07-18T12:54:20","modified_gmt":"2024-07-18T17:54:20","slug":"nosotros","status":"publish","type":"page","link":"https:\/\/www.cesantiapn.com.ec\/es\/nosotros\/","title":{"rendered":"Nosotros"},"content":{"rendered":"<div class=\"wpb-content-wrapper\"><div class=\"vc_row wpb_row vc_row-fluid vc_custom_1699543338327 vc_row-o-equal-height vc_row-o-content-middle vc_row-flex wd-rs-654cf9611f084\"><div class=\"wpb_column vc_column_container vc_col-sm-6 vc_col-has-fill wd-rs-654cf83297716\"><div class=\"vc_column-inner vc_custom_1699543030511\"><div class=\"wpb_wrapper\">\t\t\t<link rel=\"stylesheet\" id=\"wd-section-title-css\" href=\"https:\/\/www.cesantiapn.com.ec\/wp-content\/themes\/woodmart\/css\/parts\/el-section-title.min.css?ver=2.2\" type=\"text\/css\" media=\"all\" \/> \t\t\t\t\t\t<link rel=\"stylesheet\" id=\"wd-section-title-style-simple-and-brd-css\" href=\"https:\/\/www.cesantiapn.com.ec\/wp-content\/themes\/woodmart\/css\/parts\/el-section-title-style-simple-and-brd.min.css?ver=2.2\" type=\"text\/css\" media=\"all\" \/> \t\t\t\t\t\t<link rel=\"stylesheet\" id=\"wd-mod-highlighted-text-css\" href=\"https:\/\/www.cesantiapn.com.ec\/wp-content\/themes\/woodmart\/css\/parts\/mod-highlighted-text.min.css?ver=2.2\" type=\"text\/css\" media=\"all\" \/> \t\t\t\n\t\t<div id=\"wd-655171f507835\" class=\"title-wrapper wd-wpb set-mb-s reset-last-child  wd-rs-655171f507835 wd-title-color-primary wd-title-style-simple text-center  wd-underline-colored\">\n\t\t\t\n\t\t\t<div class=\"liner-continer\">\n\t\t\t\t<h4 class=\"woodmart-title-container title  wd-font-weight-500 wd-fontsize-xl\" >MISI\u00d3N<\/h4>\n\t\t\t\t\t\t\t<\/div>\n\t\t\t\n\t\t\t\n\t\t\t\n\t\t<\/div>\n\t\t\n\t\t\t\t\t<link rel=\"stylesheet\" id=\"wd-text-block-css\" href=\"https:\/\/www.cesantiapn.com.ec\/wp-content\/themes\/woodmart\/css\/parts\/el-text-block.min.css?ver=2.2\" type=\"text\/css\" media=\"all\" \/> \t\t\t\t\t<div id=\"wd-64f2512432a12\" class=\"wd-text-block wd-wpb reset-last-child wd-rs-64f2512432a12 text-left\">\n\t\t\t<p align=\"justify\">Administrar las aportaciones de los servidores policiales, aplicando sistemas de gesti\u00f3n eficientes a fin de ofertar prestaciones solidarias y servicios financieros de calidad, garantizando la solvencia y liquidez sostenible para entregar de manera oportuna los beneficios de ley al personal policial cesante.<\/p>\n\t\t<\/div>\n\t\t<\/div><\/div><\/div><div class=\"wpb_column vc_column_container vc_col-sm-6 vc_col-has-fill wd-rs-654cf86518a45\"><div class=\"vc_column-inner vc_custom_1699543082185\"><div class=\"wpb_wrapper\">\t\t<div id=\"wd-654cf909b793d\" class=\"wd-image wd-wpb wd-rs-654cf909b793d text-center\">\n\t\t\t\n\t\t\t<img loading=\"lazy\" decoding=\"async\" width=\"650\" height=\"490\" src=\"https:\/\/www.cesantiapn.com.ec\/wp-content\/uploads\/2023\/09\/prestaciones.png\" class=\"attachment-full size-full\" alt=\"\" srcset=\"https:\/\/www.cesantiapn.com.ec\/wp-content\/uploads\/2023\/09\/prestaciones.png 650w, https:\/\/www.cesantiapn.com.ec\/wp-content\/uploads\/2023\/09\/prestaciones-300x226.png 300w\" sizes=\"(max-width: 650px) 100vw, 650px\" \/>\n\t\t\t\t\t<\/div>\n\t\t<\/div><\/div><\/div><\/div><div class=\"vc_row wpb_row vc_row-fluid vc_row-o-equal-height vc_row-o-content-middle vc_row-flex row-reverse-mobile wd-rs-654d0004d074a\"><div class=\"wpb_column vc_column_container vc_col-sm-6 vc_col-has-fill wd-rs-654cf8559568c\"><div class=\"vc_column-inner vc_custom_1699543071393\"><div class=\"wpb_wrapper\">\t\t<div id=\"wd-669956c0d812e\" class=\"wd-image wd-wpb wd-rs-669956c0d812e text-center\">\n\t\t\t\n\t\t\t<img loading=\"lazy\" decoding=\"async\" width=\"650\" height=\"490\" src=\"https:\/\/www.cesantiapn.com.ec\/wp-content\/uploads\/2024\/07\/foto-c1-1.jpg\" class=\"attachment-full size-full\" alt=\"\" srcset=\"https:\/\/www.cesantiapn.com.ec\/wp-content\/uploads\/2024\/07\/foto-c1-1.jpg 650w, https:\/\/www.cesantiapn.com.ec\/wp-content\/uploads\/2024\/07\/foto-c1-1-300x226.jpg 300w, https:\/\/www.cesantiapn.com.ec\/wp-content\/uploads\/2024\/07\/foto-c1-1-16x12.jpg 16w\" sizes=\"(max-width: 650px) 100vw, 650px\" \/>\n\t\t\t\t\t<\/div>\n\t\t<\/div><\/div><\/div><div class=\"wpb_column vc_column_container vc_col-sm-6 vc_col-has-fill wd-rs-6541cc6787589\"><div class=\"vc_column-inner vc_custom_1698810932686\"><div class=\"wpb_wrapper\">\n\t\t<div id=\"wd-6551721171ad0\" class=\"title-wrapper wd-wpb set-mb-s reset-last-child  wd-rs-6551721171ad0 wd-title-color-primary wd-title-style-simple text-center  wd-underline-colored\">\n\t\t\t\n\t\t\t<div class=\"liner-continer\">\n\t\t\t\t<h4 class=\"woodmart-title-container title  wd-font-weight-500 wd-fontsize-xl\" >VISI\u00d3N<\/h4>\n\t\t\t\t\t\t\t<\/div>\n\t\t\t\n\t\t\t\n\t\t\t\n\t\t<\/div>\n\t\t\n\t\t\t\t<div id=\"wd-6541cc501f781\" class=\"wd-text-block wd-wpb reset-last-child wd-rs-6541cc501f781 text-left\">\n\t\t\t<p align=\"justify\">Ser una instituci\u00f3n solvente en el manejo de fondos de cesant\u00eda de los servidores policiales, asegurando servicios \u00e1giles, accesibles y seguros en beneficio de sus aportantes, contando con el talento humano id\u00f3neo y medios tecnol\u00f3gicos que garanticen una gesti\u00f3n eficiente y eficaz.<\/p>\n\t\t<\/div>\n\t\t<\/div><\/div><\/div><\/div><div class=\"vc_row wpb_row vc_row-fluid\"><div class=\"wpb_column vc_column_container vc_col-sm-12\"><div class=\"vc_column-inner\"><div class=\"wpb_wrapper\"><div class=\"vc_empty_space\"   style=\"height: 32px\"><span class=\"vc_empty_space_inner\"><\/span><\/div>\n\t\t<div id=\"wd-6551722e87370\" class=\"title-wrapper wd-wpb set-mb-s reset-last-child  wd-rs-6551722e87370 wd-title-color-primary wd-title-style-simple text-center  wd-underline-colored\">\n\t\t\t\n\t\t\t<div class=\"liner-continer\">\n\t\t\t\t<h4 class=\"woodmart-title-container title  wd-font-weight-700 wd-fontsize-xxl\" >VALORES CORPORATIVOS<\/h4>\n\t\t\t\t\t\t\t<\/div>\n\t\t\t\n\t\t\t\n\t\t\t\n\t\t<\/div>\n\t\t\n\t\t<\/div><\/div><\/div><\/div><div class=\"vc_row wpb_row vc_row-fluid vc_row-o-equal-height vc_row-o-content-middle vc_row-flex wd-rs-64f15adec6ecb\"><div class=\"wpb_column vc_column_container vc_col-sm-4\"><div class=\"vc_column-inner\"><div class=\"wpb_wrapper\">\t\t\t<link rel=\"stylesheet\" id=\"wd-info-box-css\" href=\"https:\/\/www.cesantiapn.com.ec\/wp-content\/themes\/woodmart\/css\/parts\/el-info-box.min.css?ver=2.2\" type=\"text\/css\" media=\"all\" \/> \t\t\t\t\t\t<div class=\"info-box-wrapper\">\n\t\t\t\t<div id=\"wd-65517250959fd\" class=\"wd-rs-65517250959fd wd-info-box wd-wpb text-right box-icon-align-right box-style- color-scheme- wd-bg-none wd-items-middle\"  >\n\t\t\t\t\t\t\t\t\t\t\t<div class=\"box-icon-wrapper  box-with-icon box-icon-simple\">\n\t\t\t\t\t\t\t<div class=\"info-box-icon\">\n\n\t\t\t\t\t\t\t\n\t\t\t\t\t\t\t\t\t\t\t\t\t\t\t\t\t<img loading=\"lazy\" decoding=\"async\" width=\"40\" height=\"40\" src=\"https:\/\/www.cesantiapn.com.ec\/wp-content\/uploads\/2023\/10\/solidaridad-40x40.png\" class=\"attachment-40x40 size-40x40\" alt=\"\" srcset=\"https:\/\/www.cesantiapn.com.ec\/wp-content\/uploads\/2023\/10\/solidaridad-40x40.png 40w, https:\/\/www.cesantiapn.com.ec\/wp-content\/uploads\/2023\/10\/solidaridad.png 80w\" sizes=\"(max-width: 40px) 100vw, 40px\" \/>\t\t\t\t\t\t\t\t\t\t\t\t\t\t\t\n\t\t\t\t\t\t\t<\/div>\n\t\t\t\t\t\t<\/div>\n\t\t\t\t\t\t\t\t\t\t<div class=\"info-box-content\">\n\t\t\t\t\t\t<h4 class=\"info-box-title title wd-font-weight-500 box-title-style-default wd-fontsize-xl\">Solidaridad<\/h4>\t\t\t\t\t\t<div class=\"info-box-inner set-cont-mb-s reset-last-child\"><\/p>\n<p align=\"justify\">Promover en los miembros del SCPN un esp\u00edritu de colaboraci\u00f3n y ayuda mutua buscando siempre brindar un mejor servicio a los beneficiarios.<\/p>\n<p>\n<\/div>\n\n\t\t\t\t\t\t\t\t\t\t\t<\/div>\n\n\t\t\t\t\t\t\t\t\t<\/div>\n\t\t\t<\/div>\n\t\t\t\t\t<div class=\"info-box-wrapper\">\n\t\t\t\t<div id=\"wd-655172c6097e0\" class=\"wd-rs-655172c6097e0 wd-info-box wd-wpb text-right box-icon-align-right box-style- color-scheme- wd-bg-none wd-items-middle\"  >\n\t\t\t\t\t\t\t\t\t\t\t<div class=\"box-icon-wrapper  box-with-icon box-icon-simple\">\n\t\t\t\t\t\t\t<div class=\"info-box-icon\">\n\n\t\t\t\t\t\t\t\n\t\t\t\t\t\t\t\t\t\t\t\t\t\t\t\t\t<img loading=\"lazy\" decoding=\"async\" width=\"40\" height=\"40\" src=\"https:\/\/www.cesantiapn.com.ec\/wp-content\/uploads\/2023\/10\/confidencialidad-40x40.png\" class=\"attachment-40x40 size-40x40\" alt=\"\" srcset=\"https:\/\/www.cesantiapn.com.ec\/wp-content\/uploads\/2023\/10\/confidencialidad-40x40.png 40w, https:\/\/www.cesantiapn.com.ec\/wp-content\/uploads\/2023\/10\/confidencialidad.png 80w\" sizes=\"(max-width: 40px) 100vw, 40px\" \/>\t\t\t\t\t\t\t\t\t\t\t\t\t\t\t\n\t\t\t\t\t\t\t<\/div>\n\t\t\t\t\t\t<\/div>\n\t\t\t\t\t\t\t\t\t\t<div class=\"info-box-content\">\n\t\t\t\t\t\t<h4 class=\"info-box-title title wd-font-weight-500 box-title-style-default wd-fontsize-xl\">Confidencialidad<\/h4>\t\t\t\t\t\t<div class=\"info-box-inner set-cont-mb-s reset-last-child\"><\/p>\n<p align=\"justify\">Los funcionarios de la SCPN deben adoptar todas las medidas necesarias, a fin de que las inquietudes se manejen de manera confidencial.<\/p>\n<p>\n<\/div>\n\n\t\t\t\t\t\t\t\t\t\t\t<\/div>\n\n\t\t\t\t\t\t\t\t\t<\/div>\n\t\t\t<\/div>\n\t\t<\/div><\/div><\/div><div class=\"wpb_column vc_column_container vc_col-sm-4\"><div class=\"vc_column-inner\"><div class=\"wpb_wrapper\">\t\t<div id=\"wd-654cf8d485874\" class=\"wd-image wd-wpb wd-rs-654cf8d485874 text-center\">\n\t\t\t\n\t\t\t<img loading=\"lazy\" decoding=\"async\" width=\"823\" height=\"998\" src=\"https:\/\/www.cesantiapn.com.ec\/wp-content\/uploads\/2023\/08\/policia-mujer-e1693539424565.png\" class=\"attachment-full size-full\" alt=\"\" srcset=\"https:\/\/www.cesantiapn.com.ec\/wp-content\/uploads\/2023\/08\/policia-mujer-e1693539424565.png 823w, https:\/\/www.cesantiapn.com.ec\/wp-content\/uploads\/2023\/08\/policia-mujer-e1693539424565-247x300.png 247w, https:\/\/www.cesantiapn.com.ec\/wp-content\/uploads\/2023\/08\/policia-mujer-e1693539424565-768x931.png 768w\" sizes=\"(max-width: 823px) 100vw, 823px\" \/>\n\t\t\t\t\t<\/div>\n\t\t<\/div><\/div><\/div><div class=\"wpb_column vc_column_container vc_col-sm-4\"><div class=\"vc_column-inner\"><div class=\"wpb_wrapper\">\t\t\t<div class=\"info-box-wrapper\">\n\t\t\t\t<div id=\"wd-655172e644c9c\" class=\"wd-rs-655172e644c9c wd-info-box wd-wpb text-left box-icon-align-left box-style- color-scheme- wd-bg-none wd-items-middle\"  >\n\t\t\t\t\t\t\t\t\t\t\t<div class=\"box-icon-wrapper  box-with-icon box-icon-simple\">\n\t\t\t\t\t\t\t<div class=\"info-box-icon\">\n\n\t\t\t\t\t\t\t\n\t\t\t\t\t\t\t\t\t\t\t\t\t\t\t\t\t<img loading=\"lazy\" decoding=\"async\" width=\"40\" height=\"40\" src=\"https:\/\/www.cesantiapn.com.ec\/wp-content\/uploads\/2023\/10\/honestidad-40x40.png\" class=\"attachment-40x40 size-40x40\" alt=\"\" srcset=\"https:\/\/www.cesantiapn.com.ec\/wp-content\/uploads\/2023\/10\/honestidad-40x40.png 40w, https:\/\/www.cesantiapn.com.ec\/wp-content\/uploads\/2023\/10\/honestidad.png 80w\" sizes=\"(max-width: 40px) 100vw, 40px\" \/>\t\t\t\t\t\t\t\t\t\t\t\t\t\t\t\n\t\t\t\t\t\t\t<\/div>\n\t\t\t\t\t\t<\/div>\n\t\t\t\t\t\t\t\t\t\t<div class=\"info-box-content\">\n\t\t\t\t\t\t<h4 class=\"info-box-title title wd-font-weight-500 box-title-style-default wd-fontsize-xl\">Honestidad<\/h4>\t\t\t\t\t\t<div class=\"info-box-inner set-cont-mb-s reset-last-child\"><\/p>\n<p align=\"justify\">Los miembros de la SCPN deber\u00e1n actuar con total rectitud e integridad, adem\u00e1s de mantener un cuidado profundo y minucioso en la administraci\u00f3n de los fondos confiados a la Instituci\u00f3n.<\/p>\n<p>\n<\/div>\n\n\t\t\t\t\t\t\t\t\t\t\t<\/div>\n\n\t\t\t\t\t\t\t\t\t<\/div>\n\t\t\t<\/div>\n\t\t\t\t\t<div class=\"info-box-wrapper\">\n\t\t\t\t<div id=\"wd-65517305cc5fb\" class=\"wd-rs-65517305cc5fb wd-info-box wd-wpb text-left box-icon-align-left box-style- color-scheme- wd-bg-none wd-items-middle\"  >\n\t\t\t\t\t\t\t\t\t\t\t<div class=\"box-icon-wrapper  box-with-icon box-icon-simple\">\n\t\t\t\t\t\t\t<div class=\"info-box-icon\">\n\n\t\t\t\t\t\t\t\n\t\t\t\t\t\t\t\t\t\t\t\t\t\t\t\t\t<img loading=\"lazy\" decoding=\"async\" width=\"40\" height=\"40\" src=\"https:\/\/www.cesantiapn.com.ec\/wp-content\/uploads\/2023\/10\/liderazgo-40x40.png\" class=\"attachment-40x40 size-40x40\" alt=\"\" srcset=\"https:\/\/www.cesantiapn.com.ec\/wp-content\/uploads\/2023\/10\/liderazgo-40x40.png 40w, https:\/\/www.cesantiapn.com.ec\/wp-content\/uploads\/2023\/10\/liderazgo.png 80w\" sizes=\"(max-width: 40px) 100vw, 40px\" \/>\t\t\t\t\t\t\t\t\t\t\t\t\t\t\t\n\t\t\t\t\t\t\t<\/div>\n\t\t\t\t\t\t<\/div>\n\t\t\t\t\t\t\t\t\t\t<div class=\"info-box-content\">\n\t\t\t\t\t\t<h4 class=\"info-box-title title wd-font-weight-500 box-title-style-default wd-fontsize-xl\">Liderazgo<\/h4>\t\t\t\t\t\t<div class=\"info-box-inner set-cont-mb-s reset-last-child\"><\/p>\n<p align=\"justify\">Los funcionarios de la SCPN deber\u00e1n asumir un rol proactivo al realizar sus actividades diarias, demostrando iniciativa y liderazgo; respetando siempre las disposiciones generales emitidas por las autoridades.<\/p>\n<p>\n<\/div>\n\n\t\t\t\t\t\t\t\t\t\t\t<\/div>\n\n\t\t\t\t\t\t\t\t\t<\/div>\n\t\t\t<\/div>\n\t\t<\/div><\/div><\/div><\/div>\n<\/div>","protected":false},"excerpt":{"rendered":"MISI\u00d3N Administrar las aportaciones de los servidores policiales, aplicando sistemas de gesti\u00f3n eficientes a fin de ofertar prestaciones solidarias y","protected":false},"author":14,"featured_media":0,"parent":0,"menu_order":0,"comment_status":"closed","ping_status":"closed","template":"","meta":{"footnotes":""},"yoast_head":"<!-- This site is optimized with the Yoast SEO plugin v22.3 - https:\/\/yoast.com\/wordpress\/plugins\/seo\/ -->\n<title>Nosotros - Servicio de Cesant\u00eda de la Polic\u00eda Nacional<\/title>\n<meta name=\"robots\" content=\"index, follow, max-snippet:-1, max-image-preview:large, max-video-preview:-1\" \/>\n<link rel=\"canonical\" href=\"https:\/\/www.cesantiapn.com.ec\/es\/nosotros\/\" \/>\n<meta property=\"og:locale\" content=\"es_ES\" \/>\n<meta property=\"og:type\" content=\"article\" \/>\n<meta property=\"og:title\" content=\"Nosotros - Servicio de Cesant\u00eda de la Polic\u00eda Nacional\" \/>\n<meta property=\"og:url\" content=\"https:\/\/www.cesantiapn.com.ec\/es\/nosotros\/\" \/>\n<meta property=\"og:site_name\" content=\"Servicio de Cesant\u00eda de la Polic\u00eda Nacional\" \/>\n<meta property=\"article:modified_time\" content=\"2024-07-18T17:54:20+00:00\" \/>\n<meta name=\"twitter:card\" content=\"summary_large_image\" \/>\n<meta name=\"twitter:label1\" content=\"Tiempo de lectura\" \/>\n\t<meta name=\"twitter:data1\" content=\"4 minutos\" \/>\n<script type=\"application\/ld+json\" class=\"yoast-schema-graph\">{\"@context\":\"https:\/\/schema.org\",\"@graph\":[{\"@type\":\"WebPage\",\"@id\":\"https:\/\/www.cesantiapn.com.ec\/nosotros\/\",\"url\":\"https:\/\/www.cesantiapn.com.ec\/nosotros\/\",\"name\":\"Nosotros - Servicio de Cesant\u00eda de la Polic\u00eda Nacional\",\"isPartOf\":{\"@id\":\"https:\/\/www.cesantiapn.com.ec\/#website\"},\"datePublished\":\"2023-09-01T15:32:41+00:00\",\"dateModified\":\"2024-07-18T17:54:20+00:00\",\"breadcrumb\":{\"@id\":\"https:\/\/www.cesantiapn.com.ec\/nosotros\/#breadcrumb\"},\"inLanguage\":\"es\",\"potentialAction\":[{\"@type\":\"ReadAction\",\"target\":[\"https:\/\/www.cesantiapn.com.ec\/nosotros\/\"]}]},{\"@type\":\"BreadcrumbList\",\"@id\":\"https:\/\/www.cesantiapn.com.ec\/nosotros\/#breadcrumb\",\"itemListElement\":[{\"@type\":\"ListItem\",\"position\":1,\"name\":\"Portada\",\"item\":\"https:\/\/www.cesantiapn.com.ec\/\"},{\"@type\":\"ListItem\",\"position\":2,\"name\":\"Nosotros\"}]},{\"@type\":\"WebSite\",\"@id\":\"https:\/\/www.cesantiapn.com.ec\/#website\",\"url\":\"https:\/\/www.cesantiapn.com.ec\/\",\"name\":\"Servicio de Cesant\u00eda de la Polic\u00eda Nacional\",\"description\":\"\",\"potentialAction\":[{\"@type\":\"SearchAction\",\"target\":{\"@type\":\"EntryPoint\",\"urlTemplate\":\"https:\/\/www.cesantiapn.com.ec\/?s={search_term_string}\"},\"query-input\":\"required name=search_term_string\"}],\"inLanguage\":\"es\"}]}<\/script>\n<!-- \/ Yoast SEO plugin. -->","yoast_head_json":{"title":"Nosotros - Servicio de Cesant\u00eda de la Polic\u00eda Nacional","robots":{"index":"index","follow":"follow","max-snippet":"max-snippet:-1","max-image-preview":"max-image-preview:large","max-video-preview":"max-video-preview:-1"},"canonical":"https:\/\/www.cesantiapn.com.ec\/es\/nosotros\/","og_locale":"es_ES","og_type":"article","og_title":"Nosotros - Servicio de Cesant\u00eda de la Polic\u00eda Nacional","og_url":"https:\/\/www.cesantiapn.com.ec\/es\/nosotros\/","og_site_name":"Servicio de Cesant\u00eda de la Polic\u00eda Nacional","article_modified_time":"2024-07-18T17:54:20+00:00","twitter_card":"summary_large_image","twitter_misc":{"Tiempo de lectura":"4 minutos"},"schema":{"@context":"https:\/\/schema.org","@graph":[{"@type":"WebPage","@id":"https:\/\/www.cesantiapn.com.ec\/nosotros\/","url":"https:\/\/www.cesantiapn.com.ec\/nosotros\/","name":"Nosotros - Servicio de Cesant\u00eda de la Polic\u00eda Nacional","isPartOf":{"@id":"https:\/\/www.cesantiapn.com.ec\/#website"},"datePublished":"2023-09-01T15:32:41+00:00","dateModified":"2024-07-18T17:54:20+00:00","breadcrumb":{"@id":"https:\/\/www.cesantiapn.com.ec\/nosotros\/#breadcrumb"},"inLanguage":"es","potentialAction":[{"@type":"ReadAction","target":["https:\/\/www.cesantiapn.com.ec\/nosotros\/"]}]},{"@type":"BreadcrumbList","@id":"https:\/\/www.cesantiapn.com.ec\/nosotros\/#breadcrumb","itemListElement":[{"@type":"ListItem","position":1,"name":"Portada","item":"https:\/\/www.cesantiapn.com.ec\/"},{"@type":"ListItem","position":2,"name":"Nosotros"}]},{"@type":"WebSite","@id":"https:\/\/www.cesantiapn.com.ec\/#website","url":"https:\/\/www.cesantiapn.com.ec\/","name":"Servicio de Cesant\u00eda de la Polic\u00eda Nacional","description":"","potentialAction":[{"@type":"SearchAction","target":{"@type":"EntryPoint","urlTemplate":"https:\/\/www.cesantiapn.com.ec\/?s={search_term_string}"},"query-input":"required name=search_term_string"}],"inLanguage":"es"}]}},"_links":{"self":[{"href":"https:\/\/www.cesantiapn.com.ec\/es\/wp-json\/wp\/v2\/pages\/20927"}],"collection":[{"href":"https:\/\/www.cesantiapn.com.ec\/es\/wp-json\/wp\/v2\/pages"}],"about":[{"href":"https:\/\/www.cesantiapn.com.ec\/es\/wp-json\/wp\/v2\/types\/page"}],"author":[{"embeddable":true,"href":"https:\/\/www.cesantiapn.com.ec\/es\/wp-json\/wp\/v2\/users\/14"}],"replies":[{"embeddable":true,"href":"https:\/\/www.cesantiapn.com.ec\/es\/wp-json\/wp\/v2\/comments?post=20927"}],"version-history":[{"count":13,"href":"https:\/\/www.cesantiapn.com.ec\/es\/wp-json\/wp\/v2\/pages\/20927\/revisions"}],"predecessor-version":[{"id":23760,"href":"https:\/\/www.cesantiapn.com.ec\/es\/wp-json\/wp\/v2\/pages\/20927\/revisions\/23760"}],"wp:attachment":[{"href":"https:\/\/www.cesantiapn.com.ec\/es\/wp-json\/wp\/v2\/media?parent=20927"}],"curies":[{"name":"wp","href":"https:\/\/api.w.org\/{rel}","templated":true}]}}