{"id":20936,"date":"2023-09-01T11:10:35","date_gmt":"2023-09-01T16:10:35","guid":{"rendered":"https:\/\/www.cesantiapn.com.ec\/?page_id=20936"},"modified":"2025-11-14T12:29:07","modified_gmt":"2025-11-14T17:29:07","slug":"planificacion-institucional","status":"publish","type":"page","link":"https:\/\/www.cesantiapn.com.ec\/es\/planificacion-institucional\/","title":{"rendered":"Normativa"},"content":{"rendered":"<div class=\"wpb-content-wrapper\"><div class=\"vc_row wpb_row vc_row-fluid vc_custom_1700156921900 wd-rs-655655f43b4aa\"><div class=\"wpb_column vc_column_container vc_col-sm-12\"><div class=\"vc_column-inner\"><div class=\"wpb_wrapper\">\n\t\t\t<!-- START Normativa REVOLUTION SLIDER 6.6.18 --><p class=\"rs-p-wp-fix\"><\/p>\n\t\t\t<rs-module-wrap id=\"rev_slider_22_1_wrapper\" data-source=\"gallery\" style=\"visibility:hidden;background:transparent;padding:0;margin:0px auto;margin-top:0;margin-bottom:0;\">\n\t\t\t\t<rs-module id=\"rev_slider_22_1\" style=\"\" data-version=\"6.6.18\">\n\t\t\t\t\t<rs-slides style=\"overflow: hidden; position: absolute;\">\n\t\t\t\t\t\t<rs-slide style=\"position: absolute;\" data-key=\"rs-80\" data-title=\"Slide\" data-anim=\"ms:50;\" data-in=\"o:0;\" data-out=\"a:false;\">\n\t\t\t\t\t\t\t<img decoding=\"async\" src=\"\/\/www.cesantiapn.com.ec\/wp-content\/plugins\/revslider\/public\/assets\/assets\/dummy.png\" alt=\"Slide\" title=\"Normativa\" class=\"rev-slidebg tp-rs-img rs-lazyload\" data-lazyload=\"\/\/www.cesantiapn.com.ec\/wp-content\/plugins\/revslider\/public\/assets\/assets\/transparent.png\" data-bg=\"c:#ffffff;\" data-no-retina>\n<!--\n\t\t\t\t\t\t\t--><rs-layer\n\t\t\t\t\t\t\t\tid=\"slider-22-slide-80-layer-0\" \n\t\t\t\t\t\t\t\tdata-type=\"image\"\n\t\t\t\t\t\t\t\tdata-rsp_ch=\"on\"\n\t\t\t\t\t\t\t\tdata-xy=\"x:l,l,l,c;xo:1407px,1407px,1407px,170px;y:b;yo:0,0,0,-122px;\"\n\t\t\t\t\t\t\t\tdata-text=\"w:normal;s:20,20,20,4;l:0,0,0,6;\"\n\t\t\t\t\t\t\t\tdata-dim=\"w:367px,367px,367px,411px;h:477px,477px,477px,534px;\"\n\t\t\t\t\t\t\t\tdata-frame_1=\"st:340;sp:710;sR:340;\"\n\t\t\t\t\t\t\t\tdata-frame_999=\"o:0;st:w;sR:7950;\"\n\t\t\t\t\t\t\t\tstyle=\"z-index:11;\"\n\t\t\t\t\t\t\t><img decoding=\"async\" src=\"\/\/www.cesantiapn.com.ec\/wp-content\/plugins\/revslider\/public\/assets\/assets\/dummy.png\" alt=\"\" class=\"tp-rs-img rs-lazyload\" width=\"500\" height=\"650\" data-lazyload=\"\/\/www.cesantiapn.com.ec\/wp-content\/uploads\/2023\/10\/para-normativa-1.png\" data-no-retina> \n\t\t\t\t\t\t\t<\/rs-layer><!--\n\n\t\t\t\t\t\t\t--><rs-layer\n\t\t\t\t\t\t\t\tid=\"slider-22-slide-80-layer-1\" \n\t\t\t\t\t\t\t\tdata-type=\"image\"\n\t\t\t\t\t\t\t\tdata-rsp_ch=\"on\"\n\t\t\t\t\t\t\t\tdata-xy=\"x:c;y:m;\"\n\t\t\t\t\t\t\t\tdata-text=\"w:normal;s:20,20,20,4;l:0,0,0,6;\"\n\t\t\t\t\t\t\t\tdata-dim=\"w:1920px,1920px,1920px,480px;h:500px,500px,500px,124px;\"\n\t\t\t\t\t\t\t\tdata-vbility=\"t,t,f,f\"\n\t\t\t\t\t\t\t\tdata-frame_999=\"o:0;st:w;sR:8700;\"\n\t\t\t\t\t\t\t\tstyle=\"z-index:7;\"\n\t\t\t\t\t\t\t><img decoding=\"async\" src=\"\/\/www.cesantiapn.com.ec\/wp-content\/plugins\/revslider\/public\/assets\/assets\/dummy.png\" alt=\"\" class=\"tp-rs-img rs-lazyload\" width=\"1920\" height=\"500\" data-lazyload=\"\/\/www.cesantiapn.com.ec\/wp-content\/uploads\/2023\/11\/transparencia-2.jpg\" data-no-retina> \n\t\t\t\t\t\t\t<\/rs-layer><!--\n\n\t\t\t\t\t\t\t--><rs-layer\n\t\t\t\t\t\t\t\tid=\"slider-22-slide-80-layer-3\" \n\t\t\t\t\t\t\t\tdata-type=\"shape\"\n\t\t\t\t\t\t\t\tdata-rsp_ch=\"on\"\n\t\t\t\t\t\t\t\tdata-xy=\"xo:-30px,-30px,-30px,-7px;yo:-38px,-38px,-38px,-9px;\"\n\t\t\t\t\t\t\t\tdata-text=\"w:normal;s:20,20,20,4;l:0,0,0,6;\"\n\t\t\t\t\t\t\t\tdata-dim=\"w:618px,618px,618px,153px;h:605px,605px,605px,150px;\"\n\t\t\t\t\t\t\t\tdata-vbility=\"t,t,f,f\"\n\t\t\t\t\t\t\t\tdata-frame_1=\"sp:50;\"\n\t\t\t\t\t\t\t\tdata-frame_999=\"o:0;st:w;sR:8950;\"\n\t\t\t\t\t\t\t\tstyle=\"z-index:8;background-color:#ffffff;\"\n\t\t\t\t\t\t\t> \n\t\t\t\t\t\t\t<\/rs-layer><!--\n\n\t\t\t\t\t\t\t--><rs-layer\n\t\t\t\t\t\t\t\tid=\"slider-22-slide-80-layer-4\" \n\t\t\t\t\t\t\t\tdata-type=\"image\"\n\t\t\t\t\t\t\t\tdata-rsp_ch=\"on\"\n\t\t\t\t\t\t\t\tdata-xy=\"x:l,l,l,c;xo:50px,50px,50px,-14px;yo:50px,50px,50px,0;\"\n\t\t\t\t\t\t\t\tdata-text=\"w:normal;s:20,20,20,4;l:0,0,0,6;\"\n\t\t\t\t\t\t\t\tdata-dim=\"w:300px,300px,300px,707px;h:180px,180px,180px,301px;\"\n\t\t\t\t\t\t\t\tdata-vbility=\"f,f,t,t\"\n\t\t\t\t\t\t\t\tdata-frame_999=\"o:0;st:w;sR:8700;\"\n\t\t\t\t\t\t\t\tstyle=\"z-index:6;\"\n\t\t\t\t\t\t\t><img decoding=\"async\" src=\"\/\/www.cesantiapn.com.ec\/wp-content\/plugins\/revslider\/public\/assets\/assets\/dummy.png\" alt=\"\" class=\"tp-rs-img rs-lazyload\" width=\"1175\" height=\"500\" data-lazyload=\"\/\/www.cesantiapn.com.ec\/wp-content\/uploads\/2023\/11\/transparencia-MOBIL.jpg\" data-no-retina> \n\t\t\t\t\t\t\t<\/rs-layer><!--\n\n\t\t\t\t\t\t\t--><rs-layer\n\t\t\t\t\t\t\t\tid=\"slider-22-slide-80-layer-11\" \n\t\t\t\t\t\t\t\tdata-type=\"text\"\n\t\t\t\t\t\t\t\tdata-color=\"#24254c\"\n\t\t\t\t\t\t\t\tdata-rsp_ch=\"on\"\n\t\t\t\t\t\t\t\tdata-xy=\"x:c;xo:-714px,-714px,-714px,-118px;yo:206px,206px,206px,311px;\"\n\t\t\t\t\t\t\t\tdata-text=\"w:normal;s:50,50,50,30;l:65,65,65,15;fw:700;a:center;\"\n\t\t\t\t\t\t\t\tdata-dim=\"w:auto,auto,auto,187px;h:auto,auto,auto,62px;\"\n\t\t\t\t\t\t\t\tdata-frame_999=\"o:0;st:w;sR:8700;\"\n\t\t\t\t\t\t\t\tstyle=\"z-index:9;font-family:'Montserrat';\"\n\t\t\t\t\t\t\t>Normativa \n\t\t\t\t\t\t\t<\/rs-layer><!--\n\n\t\t\t\t\t\t\t--><rs-layer\n\t\t\t\t\t\t\t\tid=\"slider-22-slide-80-layer-12\" \n\t\t\t\t\t\t\t\tdata-type=\"text\"\n\t\t\t\t\t\t\t\tdata-color=\"#24254c\"\n\t\t\t\t\t\t\t\tdata-rsp_ch=\"on\"\n\t\t\t\t\t\t\t\tdata-xy=\"x:c;xo:-446px,-446px,-446px,437px;yo:290px,290px,290px,63px;\"\n\t\t\t\t\t\t\t\tdata-text=\"w:normal;s:35,35,35,15;l:39,39,39,18;fw:500;\"\n\t\t\t\t\t\t\t\tdata-dim=\"w:807px,807px,807px,334px;\"\n\t\t\t\t\t\t\t\tdata-frame_1=\"st:270;sp:460;sR:270;\"\n\t\t\t\t\t\t\t\tdata-frame_999=\"o:0;st:w;sR:8270;\"\n\t\t\t\t\t\t\t\tstyle=\"z-index:10;font-family:'Montserrat';\"\n\t\t\t\t\t\t\t>El presente reglamento establece normas de car\u00e1cter general y obligatorio, a ser aplicadas en el Servicio de Cesant\u00eda de la Polic\u00eda Nacional. \n\t\t\t\t\t\t\t<\/rs-layer><!--\n-->\t\t\t\t\t\t<\/rs-slide>\n\t\t\t\t\t<\/rs-slides>\n\t\t\t\t<\/rs-module>\n\t\t\t\t<script>\n\t\t\t\t\tsetREVStartSize({c: 'rev_slider_22_1',rl:[192,192,192,480],el:[500,500,500,500],gw:[1920,1920,1920,480],gh:[500,500,500,500],type:'standard',justify:'',layout:'fullwidth',mh:\"0\"});if (window.RS_MODULES!==undefined && window.RS_MODULES.modules!==undefined && window.RS_MODULES.modules[\"revslider221\"]!==undefined) {window.RS_MODULES.modules[\"revslider221\"].once = false;window.revapi22 = undefined;if (window.RS_MODULES.checkMinimal!==undefined) window.RS_MODULES.checkMinimal()}\n\t\t\t\t<\/script>\n\t\t\t<\/rs-module-wrap>\n\t\t\t<!-- END REVOLUTION SLIDER -->\n<\/div><\/div><\/div><\/div><div class=\"vc_row wpb_row vc_row-fluid vc_custom_1700157996572 wd-rs-65565a2327242\"><div class=\"wpb_column vc_column_container vc_col-sm-6\"><div class=\"vc_column-inner\"><div class=\"wpb_wrapper\">\t\t\t<link rel=\"stylesheet\" id=\"wd-text-block-css\" href=\"https:\/\/www.cesantiapn.com.ec\/wp-content\/themes\/woodmart\/css\/parts\/el-text-block.min.css?ver=2.2\" type=\"text\/css\" media=\"all\" \/> \t\t\t\t\t<div id=\"wd-64f2475e5347f\" class=\"wd-text-block wd-wpb reset-last-child wd-rs-64f2475e5347f text-left\">\n\t\t\t<p align=\"justify\">El presente reglamento establece normas de car\u00e1cter general y obligatorio, a ser aplicadas en el Servicio de Cesant\u00eda de la Polic\u00eda Nacional para su normal estructura y funcionamiento; determina los procedimientos especiales para la prestaci\u00f3n del seguro de cesant\u00eda y para la devoluci\u00f3n de aportes; as\u00ed como, las condiciones y procedimientos a los que deben someterse los beneficiarios para hacer efectivo este beneficio de seguridad social.<\/p>\n\t\t<\/div>\n\t\t\t\t\t<link rel=\"stylesheet\" id=\"wd-mfp-popup-css\" href=\"https:\/\/www.cesantiapn.com.ec\/wp-content\/themes\/woodmart\/css\/parts\/lib-magnific-popup.min.css?ver=2.2\" type=\"text\/css\" media=\"all\" \/> \t\t\t<div id=\"wd-65517edca798d\" class=\"wd-rs-65517edca798d  wd-button-wrapper text-center\"><a href=\"#constitucion\" title=\"\" class=\"btn btn-color-primary btn-style-bordered btn-style-rectangle btn-size-default btn-full-width wd-open-popup\">Constituci\u00f3n de la Rep\u00fablica del Ecuador<\/a><\/div><div id=\"constitucion\" class=\"mfp-with-anim wd-popup wd-popup-element mfp-hide wd-rs-65517edca798d\" style=\"max-width:800px;\"><div class=\"wd-popup-inner\">\n\t<div class=\"wpb_raw_code wpb_content_element wpb_raw_html\" >\n\t\t<div class=\"wpb_wrapper\">\n\t\t\t<a href=\"https:\/\/www.cesantiapn.com.ec\/wp-content\/uploads\/2023\/09\/CONSTITUCION-REPUBLICA-ECUADOR.pdf\" class=\"pdfemb-viewer\" style=\"\" data-width=\"max\" data-height=\"max\" data-toolbar=\"bottom\" data-toolbar-fixed=\"off\">CONSTITUCION-REPUBLICA-ECUADOR<\/a>\n\t\t<\/div>\n\t<\/div>\n<\/div><\/div><div class=\"vc_empty_space\"   style=\"height: 18px\"><span class=\"vc_empty_space_inner\"><\/span><\/div><div id=\"wd-65517ef12d426\" class=\"wd-rs-65517ef12d426  wd-button-wrapper text-center\"><a href=\"#leycesantia\" title=\"\" class=\"btn btn-color-primary btn-style-bordered btn-style-rectangle btn-size-default btn-full-width wd-open-popup\">Ley del servicio de cesant\u00eda de la Polic\u00eda Nacional<\/a><\/div><div id=\"leycesantia\" class=\"mfp-with-anim wd-popup wd-popup-element mfp-hide wd-rs-65517ef12d426\" style=\"max-width:800px;\"><div class=\"wd-popup-inner\">\n\t<div class=\"wpb_raw_code wpb_content_element wpb_raw_html\" >\n\t\t<div class=\"wpb_wrapper\">\n\t\t\t<a href=\"https:\/\/www.cesantiapn.com.ec\/wp-content\/uploads\/2023\/09\/LEY-DEL-SCPN.pdf\" class=\"pdfemb-viewer\" style=\"\" data-width=\"max\" data-height=\"max\" data-toolbar=\"bottom\" data-toolbar-fixed=\"off\">LEY-DEL-SCPN<\/a>\n\t\t<\/div>\n\t<\/div>\n<\/div><\/div><div class=\"vc_empty_space\"   style=\"height: 18px\"><span class=\"vc_empty_space_inner\"><\/span><\/div><div id=\"wd-65517effbc6be\" class=\"wd-rs-65517effbc6be  wd-button-wrapper text-center\"><a href=\"#reglamentoley\" title=\"\" class=\"btn btn-color-primary btn-style-bordered btn-style-rectangle btn-size-default btn-full-width wd-open-popup\">Reglamento a la Ley del Servicio de Cesant\u00eda de la Polic\u00eda Nacional<\/a><\/div><div id=\"reglamentoley\" class=\"mfp-with-anim wd-popup wd-popup-element mfp-hide wd-rs-65517effbc6be\" style=\"max-width:800px;\"><div class=\"wd-popup-inner\">\n\t<div class=\"wpb_raw_code wpb_content_element wpb_raw_html\" >\n\t\t<div class=\"wpb_wrapper\">\n\t\t\t<a href=\"https:\/\/www.cesantiapn.com.ec\/wp-content\/uploads\/2023\/09\/REGLAMENTO_A_LA_LEY_DEL_SERVICIO_DE_CESANTIA_DE_LA_POLICIA.pdf\" class=\"pdfemb-viewer\" style=\"\" data-width=\"max\" data-height=\"max\" data-toolbar=\"bottom\" data-toolbar-fixed=\"off\">REGLAMENTO_A_LA_LEY_DEL_SERVICIO_DE_CESANTIA_DE_LA_POLICIA<\/a>\n\t\t<\/div>\n\t<\/div>\n<\/div><\/div><div class=\"vc_empty_space\"   style=\"height: 18px\"><span class=\"vc_empty_space_inner\"><\/span><\/div><div id=\"wd-65517f33458dc\" class=\"wd-rs-65517f33458dc  wd-button-wrapper text-center\"><a href=\"#estatutoorga\" title=\"\" class=\"btn btn-color-primary btn-style-bordered btn-style-rectangle btn-size-default btn-full-width wd-open-popup\">Estatuto Org\u00e1nico de Gesti\u00f3n por Procesos del Servicio de Cesant\u00eda de la Polic\u00eda Nacional<\/a><\/div><div id=\"estatutoorga\" class=\"mfp-with-anim wd-popup wd-popup-element mfp-hide wd-rs-65517f33458dc\" style=\"max-width:800px;\"><div class=\"wd-popup-inner\">\n\t<div class=\"wpb_raw_code wpb_content_element wpb_raw_html\" >\n\t\t<div class=\"wpb_wrapper\">\n\t\t\t<a href=\"https:\/\/www.cesantiapn.com.ec\/wp-content\/uploads\/2024\/10\/Propuesta-Estatuto-Organico-por-Procesos-FINAL-02.10.2024_FINAL.pdf\" class=\"pdfemb-viewer\" style=\"\" data-width=\"max\" data-height=\"max\" data-toolbar=\"bottom\" data-toolbar-fixed=\"off\">Propuesta-Estatuto-Organico-por-Procesos-FINAL-02.10.2024_FINAL<\/a>\n\t\t<\/div>\n\t<\/div>\n<\/div><\/div><div class=\"vc_empty_space\"   style=\"height: 18px\"><span class=\"vc_empty_space_inner\"><\/span><\/div><div id=\"wd-67b3b705c74b6\" class=\"wd-rs-67b3b705c74b6  wd-button-wrapper text-center\"><a href=\"#my_popup\" title=\"\" class=\"btn btn-color-primary btn-style-bordered btn-style-rectangle btn-size-default btn-full-width wd-open-popup\">Pol\u00edticas de Calidad del SCPN<\/a><\/div><div id=\"my_popup\" class=\"mfp-with-anim wd-popup wd-popup-element mfp-hide wd-rs-67b3b705c74b6\" style=\"max-width:800px;\"><div class=\"wd-popup-inner\">\n\t<div class=\"wpb_raw_code wpb_content_element wpb_raw_html\" >\n\t\t<div class=\"wpb_wrapper\">\n\t\t\t<a href=\"https:\/\/www.cesantiapn.com.ec\/wp-content\/uploads\/2025\/02\/1.-Politica-de-Calidad-del-SCPN.pdf\" class=\"pdfemb-viewer\" style=\"\" data-width=\"max\" data-height=\"max\" data-toolbar=\"bottom\" data-toolbar-fixed=\"off\">1.-Politica-de-Calidad-del-SCPN<\/a>\n\t\t<\/div>\n\t<\/div>\n<\/div><\/div><div class=\"vc_empty_space\"   style=\"height: 18px\"><span class=\"vc_empty_space_inner\"><\/span><\/div><div id=\"wd-67b3b73bf0508\" class=\"wd-rs-67b3b73bf0508  wd-button-wrapper text-center\"><a href=\"#my_popup\" title=\"\" class=\"btn btn-color-primary btn-style-bordered btn-style-rectangle btn-size-default btn-full-width wd-open-popup\">Objetivos de Calidad del SCPN<\/a><\/div><div id=\"my_popup\" class=\"mfp-with-anim wd-popup wd-popup-element mfp-hide wd-rs-67b3b73bf0508\" style=\"max-width:800px;\"><div class=\"wd-popup-inner\">\n\t<div class=\"wpb_raw_code wpb_content_element wpb_raw_html\" >\n\t\t<div class=\"wpb_wrapper\">\n\t\t\t<a href=\"https:\/\/www.cesantiapn.com.ec\/wp-content\/uploads\/2025\/02\/2.-Objetivos-de-Calidad.pdf\" class=\"pdfemb-viewer\" style=\"\" data-width=\"max\" data-height=\"max\" data-toolbar=\"bottom\" data-toolbar-fixed=\"off\">2.-Objetivos-de-Calidad<\/a>\n\t\t<\/div>\n\t<\/div>\n<\/div><\/div><\/div><\/div><\/div><div class=\"wpb_column vc_column_container vc_col-sm-6\"><div class=\"vc_column-inner\"><div class=\"wpb_wrapper\">\n\t<div class=\"wpb_raw_code wpb_content_element wpb_raw_html\" >\n\t\t<div class=\"wpb_wrapper\">\n\t\t\t<a href=\"https:\/\/www.cesantiapn.com.ec\/wp-content\/uploads\/2023\/11\/CESANTIA.pdf\" class=\"pdfemb-viewer\" style=\"\" data-width=\"max\" data-height=\"max\" data-toolbar=\"bottom\" data-toolbar-fixed=\"off\">CESANTIA<\/a>\n\t\t<\/div>\n\t<\/div>\n\n\t<div class=\"wpb_text_column wpb_content_element\" >\n\t\t<div class=\"wpb_wrapper\">\n\t\t\t<p>Planificaci\u00f3n Estrat\u00e9gica del Servicio de Cesant\u00eda de la Polic\u00eda Nacional 2022 &#8211; 2025 &#8211; <a href=\"https:\/\/www.cesantiapn.com.ec\/wp-content\/uploads\/2025\/11\/1.-PLANIFICACION-ESTRATEGICA-INSTITUCIONAL-POSTERIOR-A-REVISION-UNIDADES-27-06-2022-1.pdf\" target=\"_blank\" rel=\"noopener\">Descargar Aqu\u00ed<\/a><\/p>\n\n\t\t<\/div>\n\t<\/div>\n<\/div><\/div><\/div><\/div>\n<\/div>","protected":false},"excerpt":{"rendered":"Normativa El presente reglamento establece normas de car\u00e1cter general y obligatorio, a ser aplicadas en el Servicio de Cesant\u00eda de","protected":false},"author":14,"featured_media":0,"parent":0,"menu_order":0,"comment_status":"closed","ping_status":"closed","template":"","meta":{"footnotes":""},"yoast_head":"<!-- This site is optimized with the Yoast SEO plugin v22.3 - https:\/\/yoast.com\/wordpress\/plugins\/seo\/ -->\n<title>Normativa - Servicio de Cesant\u00eda de la Polic\u00eda Nacional<\/title>\n<meta name=\"robots\" content=\"index, follow, max-snippet:-1, max-image-preview:large, max-video-preview:-1\" \/>\n<link rel=\"canonical\" href=\"https:\/\/www.cesantiapn.com.ec\/es\/planificacion-institucional\/\" \/>\n<meta property=\"og:locale\" content=\"es_ES\" \/>\n<meta property=\"og:type\" content=\"article\" \/>\n<meta property=\"og:title\" content=\"Normativa - Servicio de Cesant\u00eda de la Polic\u00eda Nacional\" \/>\n<meta property=\"og:url\" content=\"https:\/\/www.cesantiapn.com.ec\/es\/planificacion-institucional\/\" \/>\n<meta property=\"og:site_name\" content=\"Servicio de Cesant\u00eda de la Polic\u00eda Nacional\" \/>\n<meta property=\"article:modified_time\" content=\"2025-11-14T17:29:07+00:00\" \/>\n<meta name=\"twitter:card\" content=\"summary_large_image\" \/>\n<meta name=\"twitter:label1\" content=\"Tiempo de lectura\" \/>\n\t<meta name=\"twitter:data1\" content=\"2 minutos\" \/>\n<script type=\"application\/ld+json\" class=\"yoast-schema-graph\">{\"@context\":\"https:\/\/schema.org\",\"@graph\":[{\"@type\":\"WebPage\",\"@id\":\"https:\/\/www.cesantiapn.com.ec\/planificacion-institucional\/\",\"url\":\"https:\/\/www.cesantiapn.com.ec\/planificacion-institucional\/\",\"name\":\"Normativa - Servicio de Cesant\u00eda de la Polic\u00eda Nacional\",\"isPartOf\":{\"@id\":\"https:\/\/www.cesantiapn.com.ec\/#website\"},\"datePublished\":\"2023-09-01T16:10:35+00:00\",\"dateModified\":\"2025-11-14T17:29:07+00:00\",\"breadcrumb\":{\"@id\":\"https:\/\/www.cesantiapn.com.ec\/planificacion-institucional\/#breadcrumb\"},\"inLanguage\":\"es\",\"potentialAction\":[{\"@type\":\"ReadAction\",\"target\":[\"https:\/\/www.cesantiapn.com.ec\/planificacion-institucional\/\"]}]},{\"@type\":\"BreadcrumbList\",\"@id\":\"https:\/\/www.cesantiapn.com.ec\/planificacion-institucional\/#breadcrumb\",\"itemListElement\":[{\"@type\":\"ListItem\",\"position\":1,\"name\":\"Portada\",\"item\":\"https:\/\/www.cesantiapn.com.ec\/\"},{\"@type\":\"ListItem\",\"position\":2,\"name\":\"Normativa\"}]},{\"@type\":\"WebSite\",\"@id\":\"https:\/\/www.cesantiapn.com.ec\/#website\",\"url\":\"https:\/\/www.cesantiapn.com.ec\/\",\"name\":\"Servicio de Cesant\u00eda de la Polic\u00eda Nacional\",\"description\":\"\",\"potentialAction\":[{\"@type\":\"SearchAction\",\"target\":{\"@type\":\"EntryPoint\",\"urlTemplate\":\"https:\/\/www.cesantiapn.com.ec\/?s={search_term_string}\"},\"query-input\":\"required name=search_term_string\"}],\"inLanguage\":\"es\"}]}<\/script>\n<!-- \/ Yoast SEO plugin. -->","yoast_head_json":{"title":"Normativa - Servicio de Cesant\u00eda de la Polic\u00eda Nacional","robots":{"index":"index","follow":"follow","max-snippet":"max-snippet:-1","max-image-preview":"max-image-preview:large","max-video-preview":"max-video-preview:-1"},"canonical":"https:\/\/www.cesantiapn.com.ec\/es\/planificacion-institucional\/","og_locale":"es_ES","og_type":"article","og_title":"Normativa - Servicio de Cesant\u00eda de la Polic\u00eda Nacional","og_url":"https:\/\/www.cesantiapn.com.ec\/es\/planificacion-institucional\/","og_site_name":"Servicio de Cesant\u00eda de la Polic\u00eda Nacional","article_modified_time":"2025-11-14T17:29:07+00:00","twitter_card":"summary_large_image","twitter_misc":{"Tiempo de lectura":"2 minutos"},"schema":{"@context":"https:\/\/schema.org","@graph":[{"@type":"WebPage","@id":"https:\/\/www.cesantiapn.com.ec\/planificacion-institucional\/","url":"https:\/\/www.cesantiapn.com.ec\/planificacion-institucional\/","name":"Normativa - Servicio de Cesant\u00eda de la Polic\u00eda Nacional","isPartOf":{"@id":"https:\/\/www.cesantiapn.com.ec\/#website"},"datePublished":"2023-09-01T16:10:35+00:00","dateModified":"2025-11-14T17:29:07+00:00","breadcrumb":{"@id":"https:\/\/www.cesantiapn.com.ec\/planificacion-institucional\/#breadcrumb"},"inLanguage":"es","potentialAction":[{"@type":"ReadAction","target":["https:\/\/www.cesantiapn.com.ec\/planificacion-institucional\/"]}]},{"@type":"BreadcrumbList","@id":"https:\/\/www.cesantiapn.com.ec\/planificacion-institucional\/#breadcrumb","itemListElement":[{"@type":"ListItem","position":1,"name":"Portada","item":"https:\/\/www.cesantiapn.com.ec\/"},{"@type":"ListItem","position":2,"name":"Normativa"}]},{"@type":"WebSite","@id":"https:\/\/www.cesantiapn.com.ec\/#website","url":"https:\/\/www.cesantiapn.com.ec\/","name":"Servicio de Cesant\u00eda de la Polic\u00eda Nacional","description":"","potentialAction":[{"@type":"SearchAction","target":{"@type":"EntryPoint","urlTemplate":"https:\/\/www.cesantiapn.com.ec\/?s={search_term_string}"},"query-input":"required name=search_term_string"}],"inLanguage":"es"}]}},"_links":{"self":[{"href":"https:\/\/www.cesantiapn.com.ec\/es\/wp-json\/wp\/v2\/pages\/20936"}],"collection":[{"href":"https:\/\/www.cesantiapn.com.ec\/es\/wp-json\/wp\/v2\/pages"}],"about":[{"href":"https:\/\/www.cesantiapn.com.ec\/es\/wp-json\/wp\/v2\/types\/page"}],"author":[{"embeddable":true,"href":"https:\/\/www.cesantiapn.com.ec\/es\/wp-json\/wp\/v2\/users\/14"}],"replies":[{"embeddable":true,"href":"https:\/\/www.cesantiapn.com.ec\/es\/wp-json\/wp\/v2\/comments?post=20936"}],"version-history":[{"count":25,"href":"https:\/\/www.cesantiapn.com.ec\/es\/wp-json\/wp\/v2\/pages\/20936\/revisions"}],"predecessor-version":[{"id":24537,"href":"https:\/\/www.cesantiapn.com.ec\/es\/wp-json\/wp\/v2\/pages\/20936\/revisions\/24537"}],"wp:attachment":[{"href":"https:\/\/www.cesantiapn.com.ec\/es\/wp-json\/wp\/v2\/media?parent=20936"}],"curies":[{"name":"wp","href":"https:\/\/api.w.org\/{rel}","templated":true}]}}