{"id":20944,"date":"2023-09-01T11:11:53","date_gmt":"2023-09-01T16:11:53","guid":{"rendered":"https:\/\/www.cesantiapn.com.ec\/?page_id=20944"},"modified":"2025-04-07T17:00:26","modified_gmt":"2025-04-07T22:00:26","slug":"punto-verde","status":"publish","type":"page","link":"https:\/\/www.cesantiapn.com.ec\/es\/punto-verde\/","title":{"rendered":"Punto verde"},"content":{"rendered":"<div class=\"wpb-content-wrapper\"><div class=\"vc_row wpb_row vc_row-fluid vc_custom_1698344842093 wd-rs-653aafba00295\"><div class=\"wpb_column vc_column_container vc_col-sm-2\"><div class=\"vc_column-inner\"><div class=\"wpb_wrapper\"><\/div><\/div><\/div><div class=\"wpb_column vc_column_container vc_col-sm-8\"><div class=\"vc_column-inner\"><div class=\"wpb_wrapper\">\t\t\t<link rel=\"stylesheet\" id=\"wd-section-title-css\" href=\"https:\/\/www.cesantiapn.com.ec\/wp-content\/themes\/woodmart\/css\/parts\/el-section-title.min.css?ver=2.2\" type=\"text\/css\" media=\"all\" \/> \t\t\t\t\t\t<link rel=\"stylesheet\" id=\"wd-section-title-style-simple-and-brd-css\" href=\"https:\/\/www.cesantiapn.com.ec\/wp-content\/themes\/woodmart\/css\/parts\/el-section-title-style-simple-and-brd.min.css?ver=2.2\" type=\"text\/css\" media=\"all\" \/> \t\t\t\t\t\t<link rel=\"stylesheet\" id=\"wd-mod-highlighted-text-css\" href=\"https:\/\/www.cesantiapn.com.ec\/wp-content\/themes\/woodmart\/css\/parts\/mod-highlighted-text.min.css?ver=2.2\" type=\"text\/css\" media=\"all\" \/> \t\t\t\n\t\t<div id=\"wd-6551828cd6c11\" class=\"title-wrapper wd-wpb set-mb-s reset-last-child  wd-rs-6551828cd6c11 wd-title-color-primary wd-title-style-simple text-center  wd-underline-colored\">\n\t\t\t\t\t\t\t<div class=\"title-subtitle  subtitle-color-primary font-default subtitle-style-default wd-font-weight-700 wd-fontsize-xs\"><u>PUNTO VERDE<\/u><\/div>\n\t\t\t\n\t\t\t<div class=\"liner-continer\">\n\t\t\t\t<h4 class=\"woodmart-title-container title  wd-font-weight-700 wd-fontsize-xl\" >Buenas pr\u00e1cticas ambientales<\/h4>\n\t\t\t\t\t\t\t<\/div>\n\t\t\t\n\t\t\t\n\t\t\t\n\t\t<\/div>\n\t\t\n\t\t\t\t<div id=\"wd-654cfaf7b4379\" class=\"wd-image wd-wpb wd-rs-654cfaf7b4379 text-center\">\n\t\t\t\n\t\t\t<img loading=\"lazy\" decoding=\"async\" width=\"2048\" height=\"969\" src=\"https:\/\/www.cesantiapn.com.ec\/wp-content\/uploads\/2023\/09\/EQNwsrpWoAAN_XQ-e1699543824974.jpeg\" class=\"attachment-full size-full\" alt=\"\" srcset=\"https:\/\/www.cesantiapn.com.ec\/wp-content\/uploads\/2023\/09\/EQNwsrpWoAAN_XQ-e1699543824974.jpeg 2048w, https:\/\/www.cesantiapn.com.ec\/wp-content\/uploads\/2023\/09\/EQNwsrpWoAAN_XQ-e1699543824974-300x142.jpeg 300w, https:\/\/www.cesantiapn.com.ec\/wp-content\/uploads\/2023\/09\/EQNwsrpWoAAN_XQ-e1699543824974-1024x485.jpeg 1024w, https:\/\/www.cesantiapn.com.ec\/wp-content\/uploads\/2023\/09\/EQNwsrpWoAAN_XQ-e1699543824974-768x363.jpeg 768w, https:\/\/www.cesantiapn.com.ec\/wp-content\/uploads\/2023\/09\/EQNwsrpWoAAN_XQ-e1699543824974-1536x727.jpeg 1536w\" sizes=\"(max-width: 2048px) 100vw, 2048px\" \/>\n\t\t\t\t\t<\/div>\n\t\t<\/div><\/div><\/div><div class=\"wpb_column vc_column_container vc_col-sm-2\"><div class=\"vc_column-inner\"><div class=\"wpb_wrapper\"><\/div><\/div><\/div><\/div><div class=\"vc_row wpb_row vc_row-fluid vc_custom_1699840571592 vc_row-has-fill vc_row-o-equal-height vc_row-o-content-middle vc_row-flex wd-rs-65518279c846d wd-section-stretch-content\"><div class=\"wpb_column vc_column_container vc_col-sm-4\"><div class=\"vc_column-inner\"><div class=\"wpb_wrapper\">\t\t<div id=\"wd-6557d30be768e\" class=\"wd-image wd-wpb wd-rs-6557d30be768e text-center\">\n\t\t\t\n\t\t\t<img loading=\"lazy\" decoding=\"async\" width=\"231\" height=\"300\" src=\"https:\/\/www.cesantiapn.com.ec\/wp-content\/uploads\/2023\/10\/eco-1-231x300.png\" class=\"attachment-medium size-medium\" alt=\"\" srcset=\"https:\/\/www.cesantiapn.com.ec\/wp-content\/uploads\/2023\/10\/eco-1-231x300.png 231w, https:\/\/www.cesantiapn.com.ec\/wp-content\/uploads\/2023\/10\/eco-1.png 500w\" sizes=\"(max-width: 231px) 100vw, 231px\" \/>\n\t\t\t\t\t<\/div>\n\t\t<\/div><\/div><\/div><div class=\"wpb_column vc_column_container vc_col-sm-8\"><div class=\"vc_column-inner\"><div class=\"wpb_wrapper\">\t\t\t<link rel=\"stylesheet\" id=\"wd-text-block-css\" href=\"https:\/\/www.cesantiapn.com.ec\/wp-content\/themes\/woodmart\/css\/parts\/el-text-block.min.css?ver=2.2\" type=\"text\/css\" media=\"all\" \/> \t\t\t\t\t<div id=\"wd-654cf9b750c11\" class=\"wd-text-block wd-wpb reset-last-child wd-rs-654cf9b750c11 text-left\">\n\t\t\t<p align=\"justify\">El Servicio de Cesant\u00eda de la Polic\u00eda Nacional, dentro de su accionar y responsabilidad con el planeta es acreedor al reconocimiento de \u201cPunto Verde\u201d por buenas pr\u00e1cticas ambientales, pues transmite a sus socios y empleados el valor del reciclaje, sum\u00e1ndose as\u00ed al indicador contable de recursos de Huella Ecol\u00f3gica, que ha permitido reducir los desechos s\u00f3lidos u org\u00e1nicos propias de la actividad productiva de la instituci\u00f3n.<\/p>\n<p align=\"justify\">Un aspecto que distingue al SCPN, es la permanente b\u00fasqueda de excelencia, responsabilidad, conciencia en el uso de los recursos s\u00f3lidos que al generarse en el entorno tiene un impacto ambiental, que trabajado bajo par\u00e1metros estrictos de conciencia ambiental nos han permitido alcanzar altos \u00edndices de disponibilidad, confiabilidad, y eficiencia actuando responsablemente con el ambiente.<\/p>\n\t\t<\/div>\n\t\t<\/div><\/div><\/div><\/div><div class=\"vc_row wpb_row vc_row-fluid vc_row-o-equal-height vc_row-o-content-middle vc_row-flex wd-rs-64f266b6efd5d\"><div class=\"wpb_column vc_column_container vc_col-sm-6\"><div class=\"vc_column-inner\"><div class=\"wpb_wrapper\">\t\t<div id=\"wd-654cf9de18e0f\" class=\"wd-text-block wd-wpb reset-last-child wd-rs-654cf9de18e0f text-left\">\n\t\t\t<p align=\"justify\">Contar con el reconocimiento de \u201cPunto Verde\u201d, ha constituido un gran reto de doble v\u00eda por un lado en la ejecuci\u00f3n de actividades en los ejes tem\u00e1ticos de gesti\u00f3n de desechos, gesti\u00f3n de papel, uso eficiente de agua, energ\u00eda y combustibles, capacitaci\u00f3n, difusi\u00f3n, promoci\u00f3n, compras responsables y por otro el est\u00edmulo que exige mayor responsabilidad alcanzando niveles de conciencia que se extiendan a la familia ampliada de los funcionarios del fondo priorizando la b\u00fasqueda de actividades que eviten el consumo inconsciente de los recursos que afecten al ambiente y sean replicadas en sus hogares.<\/p>\n\t\t<\/div>\n\t\t<\/div><\/div><\/div><div class=\"wpb_column vc_column_container vc_col-sm-6\"><div class=\"vc_column-inner\"><div class=\"wpb_wrapper\">\t\t<div id=\"wd-654cf9cb0b773\" class=\"wd-text-block wd-wpb reset-last-child wd-rs-654cf9cb0b773 text-left\">\n\t\t\t<p align=\"justify\">Enmarcados en est\u00e1ndares de desempe\u00f1o se ha podido evolucionar en una conciencia ambiental, fortaleciendo as\u00ed el compromiso y participaci\u00f3n que ha permitido incorporar aspectos como el desarrollo sustentable, ambiente laboral, satisfacci\u00f3n del cliente particularizando el alcance en las \u00e1reas administrativas.<\/p>\n\t\t<\/div>\n\t\t<div id=\"wd-655182f555570\" class=\"wd-rs-655182f555570  wd-button-wrapper text-center\"><a href=\"https:\/\/www.cesantiapn.com.ec\/wp-content\/uploads\/2023\/09\/Politica-Cultura-Ambiental.docx\" title=\"\" target=\"_blank\" class=\"btn btn-scheme-light btn-scheme-hover-light btn-style-default btn-style-rectangle btn-size-default btn-full-width\">Pol\u00edtica Cultura Ambiental<\/a><\/div><div class=\"vc_empty_space\"   style=\"height: 20px\"><span class=\"vc_empty_space_inner\"><\/span><\/div><div id=\"wd-655182fe23866\" class=\"wd-rs-655182fe23866  wd-button-wrapper text-center\"><a href=\"https:\/\/www.cesantiapn.com.ec\/wp-content\/uploads\/2023\/09\/SALUDO.docx\" title=\"\" target=\"_blank\" class=\"btn btn-scheme-light btn-scheme-hover-light btn-style-default btn-style-rectangle btn-size-default btn-full-width\">Saludo<\/a><\/div><div class=\"vc_empty_space\"   style=\"height: 20px\"><span class=\"vc_empty_space_inner\"><\/span><\/div><\/div><\/div><\/div><\/div><div class=\"vc_row wpb_row vc_row-fluid\"><div class=\"wpb_column vc_column_container vc_col-sm-12\"><div class=\"vc_column-inner\"><div class=\"wpb_wrapper\">\n\t\t<div id=\"wd-67ec55f79249f\" class=\"title-wrapper wd-wpb set-mb-s reset-last-child  wd-rs-67ec55f79249f wd-title-color-primary wd-title-style-simple text-center  wd-underline-colored\">\n\t\t\t\t\t\t\t<div class=\"title-subtitle  subtitle-color-primary font-default subtitle-style-default wd-font-weight-700 wd-fontsize-xs\"><u>PUNTO VERDE<\/u><\/div>\n\t\t\t\n\t\t\t<div class=\"liner-continer\">\n\t\t\t\t<h4 class=\"woodmart-title-container title  wd-font-weight-700 wd-fontsize-xl\" >Campa\u00f1as realizadas<\/h4>\n\t\t\t\t\t\t\t<\/div>\n\t\t\t\n\t\t\t\n\t\t\t\n\t\t<\/div>\n\t\t\n\t\t\t\t\t<link rel=\"stylesheet\" id=\"wd-accordion-css\" href=\"https:\/\/www.cesantiapn.com.ec\/wp-content\/themes\/woodmart\/css\/parts\/el-accordion.min.css?ver=2.2\" type=\"text\/css\" media=\"all\" \/> \t\t\t\n\t\t<div id=\"wd-67ec55b85db26\" class=\"wd-accordion wd-wpb wd-rs-67ec55b85db26  wd-style-default\" data-state=\"first\">\n\t\t\t\t\t\t\t\n\t\t\t\t\n\t\t\t\t<div class=\"wd-accordion-item\">\n\t\t\t\t\t<div class=\"wd-accordion-title wd-active font-primary wd-fontsize-s text-left wd-opener-pos-left wd-font-weight-600\" data-accordion-index=\"0\">\n\t\t\t\t\t\t<div class=\"wd-accordion-title-text\">\n\t\t\t\t\t\t\t\t\t\t\t\t\t\t<span>\n\t\t\t\t\t\t\t\t20219\t\t\t\t\t\t\t<\/span>\n\t\t\t\t\t\t<\/div>\n\t\t\t\t\t\t<span class=\"wd-accordion-opener wd-opener-style-arrow\"><\/span>\n\t\t\t\t\t<\/div>\n\n\t\t\t\t\t<div class=\"wd-accordion-content reset-last-child wd-active\" data-accordion-index=\"0\">\n\t\t\t\t\t\t\t\t\t\t\t\t\t\n<ul>\n<li><strong><a href=\"https:\/\/drive.google.com\/drive\/folders\/1OXWxpHvcPU4uPSxscWzsmEAceSn0jLrh?usp=sharing\">Campa\u00f1a con conciencia ECO<\/a><\/strong><\/li>\n<li><strong><a href=\"https:\/\/drive.google.com\/drive\/folders\/19X2Q4BX0tZd_qEY4kAB9xj_tRFmTvjzc?usp=sharing\">Campa\u00f1a ECO<\/a><\/strong><\/li>\n<\/ul>\n\t\t\t\t\t\t\t\t\t\t\t<\/div>\n\t\t\t\t<\/div>\n\t\t\t\t\t\t\t\n\t\t\t\t\n\t\t\t\t<div class=\"wd-accordion-item\">\n\t\t\t\t\t<div class=\"wd-accordion-title font-primary wd-fontsize-s text-left wd-opener-pos-left wd-font-weight-600\" data-accordion-index=\"1\">\n\t\t\t\t\t\t<div class=\"wd-accordion-title-text\">\n\t\t\t\t\t\t\t\t\t\t\t\t\t\t<span>\n\t\t\t\t\t\t\t\t2020\t\t\t\t\t\t\t<\/span>\n\t\t\t\t\t\t<\/div>\n\t\t\t\t\t\t<span class=\"wd-accordion-opener wd-opener-style-arrow\"><\/span>\n\t\t\t\t\t<\/div>\n\n\t\t\t\t\t<div class=\"wd-accordion-content reset-last-child\" data-accordion-index=\"1\">\n\t\t\t\t\t\t\t\t\t\t\t\t\t\n<ul>\n<li><strong><a href=\"https:\/\/drive.google.com\/drive\/folders\/1zllR_Z4WwDEi8QdJ73SDKvNJ94gpR07_?usp=sharing\">Consejos atenci\u00f3n al p\u00fablico COVID<\/a><\/strong><\/li>\n<li><strong><a href=\"https:\/\/drive.google.com\/drive\/folders\/1VzoC6MCcyeWIoO68r_xcoFciRBwRjbNc?usp=sharing\">Consejos de limpieza COVID<\/a><\/strong><\/li>\n<li><strong><a href=\"https:\/\/drive.google.com\/drive\/folders\/1mswSVyabQEoW3KYOIr8a-0AFN-fj9psV?usp=sharing\">Uso correcto mascarilla COVID<\/a><\/strong><\/li>\n<\/ul>\n\t\t\t\t\t\t\t\t\t\t\t<\/div>\n\t\t\t\t<\/div>\n\t\t\t\t\t\t\t\n\t\t\t\t\n\t\t\t\t<div class=\"wd-accordion-item\">\n\t\t\t\t\t<div class=\"wd-accordion-title font-primary wd-fontsize-s text-left wd-opener-pos-left wd-font-weight-600\" data-accordion-index=\"2\">\n\t\t\t\t\t\t<div class=\"wd-accordion-title-text\">\n\t\t\t\t\t\t\t\t\t\t\t\t\t\t<span>\n\t\t\t\t\t\t\t\t2021\t\t\t\t\t\t\t<\/span>\n\t\t\t\t\t\t<\/div>\n\t\t\t\t\t\t<span class=\"wd-accordion-opener wd-opener-style-arrow\"><\/span>\n\t\t\t\t\t<\/div>\n\n\t\t\t\t\t<div class=\"wd-accordion-content reset-last-child\" data-accordion-index=\"2\">\n\t\t\t\t\t\t\t\t\t\t\t\t\t\n<ul>\n<li><a href=\"https:\/\/drive.google.com\/drive\/folders\/1CzeXrjWXs5-8q3PY8qRfmjObb0poNNI5?usp=sharing\"><strong>Campa\u00f1a buenas pr\u00e1cticas ambientales<\/strong><\/a><\/li>\n<\/ul>\n\t\t\t\t\t\t\t\t\t\t\t<\/div>\n\t\t\t\t<\/div>\n\t\t\t\t\t\t\t\n\t\t\t\t\n\t\t\t\t<div class=\"wd-accordion-item\">\n\t\t\t\t\t<div class=\"wd-accordion-title font-primary wd-fontsize-s text-left wd-opener-pos-left wd-font-weight-600\" data-accordion-index=\"3\">\n\t\t\t\t\t\t<div class=\"wd-accordion-title-text\">\n\t\t\t\t\t\t\t\t\t\t\t\t\t\t<span>\n\t\t\t\t\t\t\t\t2022 - 2023\t\t\t\t\t\t\t<\/span>\n\t\t\t\t\t\t<\/div>\n\t\t\t\t\t\t<span class=\"wd-accordion-opener wd-opener-style-arrow\"><\/span>\n\t\t\t\t\t<\/div>\n\n\t\t\t\t\t<div class=\"wd-accordion-content reset-last-child\" data-accordion-index=\"3\">\n\t\t\t\t\t\t\t\t\t\t\t\t\t\n<ul>\n<li><a href=\"https:\/\/drive.google.com\/drive\/folders\/1jPCbqYBwXsM4Z9YVrTK2JwEToM5xQQ9i?usp=sharing\"><strong>Campa\u00f1a Trasnformamos tu econom\u00eda s<\/strong><\/a><\/li>\n<\/ul>\n\t\t\t\t\t\t\t\t\t\t\t<\/div>\n\t\t\t\t<\/div>\n\t\t\t\t\t\t\t\n\t\t\t\t\n\t\t\t\t<div class=\"wd-accordion-item\">\n\t\t\t\t\t<div class=\"wd-accordion-title font-primary wd-fontsize-s text-left wd-opener-pos-left wd-font-weight-600\" data-accordion-index=\"4\">\n\t\t\t\t\t\t<div class=\"wd-accordion-title-text\">\n\t\t\t\t\t\t\t\t\t\t\t\t\t\t<span>\n\t\t\t\t\t\t\t\t2024 - 2025\t\t\t\t\t\t\t<\/span>\n\t\t\t\t\t\t<\/div>\n\t\t\t\t\t\t<span class=\"wd-accordion-opener wd-opener-style-arrow\"><\/span>\n\t\t\t\t\t<\/div>\n\n\t\t\t\t\t<div class=\"wd-accordion-content reset-last-child\" data-accordion-index=\"4\">\n\t\t\t\t\t\t\t\t\t\t\t\t\t\n<ul>\n<li><a href=\"https:\/\/drive.google.com\/drive\/folders\/14hsz31cJXyVsg4a3-YG9wkK-0nplsvc9?usp=sharing\"><b>Cuidemos nuestro planeta<\/b><\/a><\/li>\n<\/ul>\n\t\t\t\t\t\t\t\t\t\t\t<\/div>\n\t\t\t\t<\/div>\n\t\t\t\t\t\t\t\t\t\t\t\t\t\t<\/div>\n\n\t\t<\/div><\/div><\/div><\/div><div class=\"vc_row wpb_row vc_row-fluid\"><div class=\"wpb_column vc_column_container vc_col-sm-12\"><div class=\"vc_column-inner\"><div class=\"wpb_wrapper\">\n\t\t<div id=\"wd-67ec5a09235f5\" class=\"title-wrapper wd-wpb set-mb-s reset-last-child  wd-rs-67ec5a09235f5 wd-title-color-primary wd-title-style-simple text-center  wd-underline-colored\">\n\t\t\t\t\t\t\t<div class=\"title-subtitle  subtitle-color-primary font-default subtitle-style-default wd-font-weight-700 wd-fontsize-xs\"><u>PUNTO VERDE<\/u><\/div>\n\t\t\t\n\t\t\t<div class=\"liner-continer\">\n\t\t\t\t<h4 class=\"woodmart-title-container title  wd-font-weight-700 wd-fontsize-xl\" >Videos<\/h4>\n\t\t\t\t\t\t\t<\/div>\n\t\t\t\n\t\t\t\n\t\t\t\n\t\t<\/div>\n\t\t\n\t\t\n\t\t<div id=\"wd-67ec55b85db26\" class=\"wd-accordion wd-wpb wd-rs-67ec55b85db26  wd-style-default\" data-state=\"first\">\n\t\t\t\t\t\t\t\n\t\t\t\t\n\t\t\t\t<div class=\"wd-accordion-item\">\n\t\t\t\t\t<div class=\"wd-accordion-title wd-active font-primary wd-fontsize-s text-left wd-opener-pos-left wd-font-weight-600\" data-accordion-index=\"0\">\n\t\t\t\t\t\t<div class=\"wd-accordion-title-text\">\n\t\t\t\t\t\t\t\t\t\t\t\t\t\t<span>\n\t\t\t\t\t\t\t\tPrimer programa\t\t\t\t\t\t\t<\/span>\n\t\t\t\t\t\t<\/div>\n\t\t\t\t\t\t<span class=\"wd-accordion-opener wd-opener-style-arrow\"><\/span>\n\t\t\t\t\t<\/div>\n\n\t\t\t\t\t<div class=\"wd-accordion-content reset-last-child wd-active\" data-accordion-index=\"0\">\n\t\t\t\t\t\t\t\t\t\t\t\t\t\n<ul>\n<li><a href=\"https:\/\/fb.watch\/fFwQdbLPle\/\"><b>Video\u00a0<\/b><\/a><\/li>\n<\/ul>\n\t\t\t\t\t\t\t\t\t\t\t<\/div>\n\t\t\t\t<\/div>\n\t\t\t\t\t\t\t\n\t\t\t\t\n\t\t\t\t<div class=\"wd-accordion-item\">\n\t\t\t\t\t<div class=\"wd-accordion-title font-primary wd-fontsize-s text-left wd-opener-pos-left wd-font-weight-600\" data-accordion-index=\"1\">\n\t\t\t\t\t\t<div class=\"wd-accordion-title-text\">\n\t\t\t\t\t\t\t\t\t\t\t\t\t\t<span>\n\t\t\t\t\t\t\t\tSegundo programa\t\t\t\t\t\t\t<\/span>\n\t\t\t\t\t\t<\/div>\n\t\t\t\t\t\t<span class=\"wd-accordion-opener wd-opener-style-arrow\"><\/span>\n\t\t\t\t\t<\/div>\n\n\t\t\t\t\t<div class=\"wd-accordion-content reset-last-child\" data-accordion-index=\"1\">\n\t\t\t\t\t\t\t\t\t\t\t\t\t\n<ul>\n<li><a href=\"https:\/\/fb.watch\/fFwRFRCJJy\/\">Video<\/a><\/li>\n<\/ul>\n\t\t\t\t\t\t\t\t\t\t\t<\/div>\n\t\t\t\t<\/div>\n\t\t\t\t\t\t\t\n\t\t\t\t\n\t\t\t\t<div class=\"wd-accordion-item\">\n\t\t\t\t\t<div class=\"wd-accordion-title font-primary wd-fontsize-s text-left wd-opener-pos-left wd-font-weight-600\" data-accordion-index=\"2\">\n\t\t\t\t\t\t<div class=\"wd-accordion-title-text\">\n\t\t\t\t\t\t\t\t\t\t\t\t\t\t<span>\n\t\t\t\t\t\t\t\tTercer programa\t\t\t\t\t\t\t<\/span>\n\t\t\t\t\t\t<\/div>\n\t\t\t\t\t\t<span class=\"wd-accordion-opener wd-opener-style-arrow\"><\/span>\n\t\t\t\t\t<\/div>\n\n\t\t\t\t\t<div class=\"wd-accordion-content reset-last-child\" data-accordion-index=\"2\">\n\t\t\t\t\t\t\t\t\t\t\t\t\t\n<ul>\n<li><a href=\"https:\/\/fb.watch\/fFwT0II239\/\"><b>Video<\/b><\/a><\/li>\n<\/ul>\n\t\t\t\t\t\t\t\t\t\t\t<\/div>\n\t\t\t\t<\/div>\n\t\t\t\t\t\t\t\n\t\t\t\t\n\t\t\t\t<div class=\"wd-accordion-item\">\n\t\t\t\t\t<div class=\"wd-accordion-title font-primary wd-fontsize-s text-left wd-opener-pos-left wd-font-weight-600\" data-accordion-index=\"3\">\n\t\t\t\t\t\t<div class=\"wd-accordion-title-text\">\n\t\t\t\t\t\t\t\t\t\t\t\t\t\t<span>\n\t\t\t\t\t\t\t\tCuarto programa\t\t\t\t\t\t\t<\/span>\n\t\t\t\t\t\t<\/div>\n\t\t\t\t\t\t<span class=\"wd-accordion-opener wd-opener-style-arrow\"><\/span>\n\t\t\t\t\t<\/div>\n\n\t\t\t\t\t<div class=\"wd-accordion-content reset-last-child\" data-accordion-index=\"3\">\n\t\t\t\t\t\t\t\t\t\t\t\t\t\n<ul>\n<li><a href=\"https:\/\/fb.watch\/fFwUoOcsVH\/\"><strong>Video\u00a0<\/strong><\/a><\/li>\n<\/ul>\n\t\t\t\t\t\t\t\t\t\t\t<\/div>\n\t\t\t\t<\/div>\n\t\t\t\t\t\t\t\n\t\t\t\t\n\t\t\t\t<div class=\"wd-accordion-item\">\n\t\t\t\t\t<div class=\"wd-accordion-title font-primary wd-fontsize-s text-left wd-opener-pos-left wd-font-weight-600\" data-accordion-index=\"4\">\n\t\t\t\t\t\t<div class=\"wd-accordion-title-text\">\n\t\t\t\t\t\t\t\t\t\t\t\t\t\t<span>\n\t\t\t\t\t\t\t\tQuinto programa\t\t\t\t\t\t\t<\/span>\n\t\t\t\t\t\t<\/div>\n\t\t\t\t\t\t<span class=\"wd-accordion-opener wd-opener-style-arrow\"><\/span>\n\t\t\t\t\t<\/div>\n\n\t\t\t\t\t<div class=\"wd-accordion-content reset-last-child\" data-accordion-index=\"4\">\n\t\t\t\t\t\t\t\t\t\t\t\t\t\n<ul>\n<li><a href=\"https:\/\/fb.watch\/fFwVW-tLyz\/\"><strong>Video\u00a0<\/strong><\/a><\/li>\n<\/ul>\n\t\t\t\t\t\t\t\t\t\t\t<\/div>\n\t\t\t\t<\/div>\n\t\t\t\t\t\t\t\n\t\t\t\t\n\t\t\t\t<div class=\"wd-accordion-item\">\n\t\t\t\t\t<div class=\"wd-accordion-title font-primary wd-fontsize-s text-left wd-opener-pos-left wd-font-weight-600\" data-accordion-index=\"5\">\n\t\t\t\t\t\t<div class=\"wd-accordion-title-text\">\n\t\t\t\t\t\t\t\t\t\t\t\t\t\t<span>\n\t\t\t\t\t\t\t\tSexto programa\t\t\t\t\t\t\t<\/span>\n\t\t\t\t\t\t<\/div>\n\t\t\t\t\t\t<span class=\"wd-accordion-opener wd-opener-style-arrow\"><\/span>\n\t\t\t\t\t<\/div>\n\n\t\t\t\t\t<div class=\"wd-accordion-content reset-last-child\" data-accordion-index=\"5\">\n\t\t\t\t\t\t\t\t\t\t\t\t\t\n<ul>\n<li><a href=\"https:\/\/fb.watch\/fFwWwnOy7A\/\"><strong>Video\u00a0<\/strong><\/a><\/li>\n<\/ul>\n\t\t\t\t\t\t\t\t\t\t\t<\/div>\n\t\t\t\t<\/div>\n\t\t\t\t\t\t\t\t\t\t\t\t\t\t<\/div>\n\n\t\t<\/div><\/div><\/div><\/div>\n<\/div>","protected":false},"excerpt":{"rendered":"PUNTO VERDE Buenas pr\u00e1cticas ambientales El Servicio de Cesant\u00eda de la Polic\u00eda Nacional, dentro de su accionar y responsabilidad con","protected":false},"author":14,"featured_media":0,"parent":0,"menu_order":0,"comment_status":"closed","ping_status":"closed","template":"","meta":{"footnotes":""},"yoast_head":"<!-- This site is optimized with the Yoast SEO plugin v22.3 - https:\/\/yoast.com\/wordpress\/plugins\/seo\/ -->\n<title>Punto verde - Servicio de Cesant\u00eda de la Polic\u00eda Nacional<\/title>\n<meta name=\"robots\" content=\"index, follow, max-snippet:-1, max-image-preview:large, max-video-preview:-1\" \/>\n<link rel=\"canonical\" href=\"https:\/\/www.cesantiapn.com.ec\/es\/punto-verde\/\" \/>\n<meta property=\"og:locale\" content=\"es_ES\" \/>\n<meta property=\"og:type\" content=\"article\" \/>\n<meta property=\"og:title\" content=\"Punto verde - Servicio de Cesant\u00eda de la Polic\u00eda Nacional\" \/>\n<meta property=\"og:url\" content=\"https:\/\/www.cesantiapn.com.ec\/es\/punto-verde\/\" \/>\n<meta property=\"og:site_name\" content=\"Servicio de Cesant\u00eda de la Polic\u00eda Nacional\" \/>\n<meta property=\"article:modified_time\" content=\"2025-04-07T22:00:26+00:00\" \/>\n<meta name=\"twitter:card\" content=\"summary_large_image\" \/>\n<meta name=\"twitter:label1\" content=\"Tiempo de lectura\" \/>\n\t<meta name=\"twitter:data1\" content=\"3 minutos\" \/>\n<script type=\"application\/ld+json\" class=\"yoast-schema-graph\">{\"@context\":\"https:\/\/schema.org\",\"@graph\":[{\"@type\":\"WebPage\",\"@id\":\"https:\/\/www.cesantiapn.com.ec\/punto-verde\/\",\"url\":\"https:\/\/www.cesantiapn.com.ec\/punto-verde\/\",\"name\":\"Punto verde - Servicio de Cesant\u00eda de la Polic\u00eda Nacional\",\"isPartOf\":{\"@id\":\"https:\/\/www.cesantiapn.com.ec\/#website\"},\"datePublished\":\"2023-09-01T16:11:53+00:00\",\"dateModified\":\"2025-04-07T22:00:26+00:00\",\"breadcrumb\":{\"@id\":\"https:\/\/www.cesantiapn.com.ec\/punto-verde\/#breadcrumb\"},\"inLanguage\":\"es\",\"potentialAction\":[{\"@type\":\"ReadAction\",\"target\":[\"https:\/\/www.cesantiapn.com.ec\/punto-verde\/\"]}]},{\"@type\":\"BreadcrumbList\",\"@id\":\"https:\/\/www.cesantiapn.com.ec\/punto-verde\/#breadcrumb\",\"itemListElement\":[{\"@type\":\"ListItem\",\"position\":1,\"name\":\"Portada\",\"item\":\"https:\/\/www.cesantiapn.com.ec\/\"},{\"@type\":\"ListItem\",\"position\":2,\"name\":\"Punto verde\"}]},{\"@type\":\"WebSite\",\"@id\":\"https:\/\/www.cesantiapn.com.ec\/#website\",\"url\":\"https:\/\/www.cesantiapn.com.ec\/\",\"name\":\"Servicio de Cesant\u00eda de la Polic\u00eda Nacional\",\"description\":\"\",\"potentialAction\":[{\"@type\":\"SearchAction\",\"target\":{\"@type\":\"EntryPoint\",\"urlTemplate\":\"https:\/\/www.cesantiapn.com.ec\/?s={search_term_string}\"},\"query-input\":\"required name=search_term_string\"}],\"inLanguage\":\"es\"}]}<\/script>\n<!-- \/ Yoast SEO plugin. -->","yoast_head_json":{"title":"Punto verde - Servicio de Cesant\u00eda de la Polic\u00eda Nacional","robots":{"index":"index","follow":"follow","max-snippet":"max-snippet:-1","max-image-preview":"max-image-preview:large","max-video-preview":"max-video-preview:-1"},"canonical":"https:\/\/www.cesantiapn.com.ec\/es\/punto-verde\/","og_locale":"es_ES","og_type":"article","og_title":"Punto verde - Servicio de Cesant\u00eda de la Polic\u00eda Nacional","og_url":"https:\/\/www.cesantiapn.com.ec\/es\/punto-verde\/","og_site_name":"Servicio de Cesant\u00eda de la Polic\u00eda Nacional","article_modified_time":"2025-04-07T22:00:26+00:00","twitter_card":"summary_large_image","twitter_misc":{"Tiempo de lectura":"3 minutos"},"schema":{"@context":"https:\/\/schema.org","@graph":[{"@type":"WebPage","@id":"https:\/\/www.cesantiapn.com.ec\/punto-verde\/","url":"https:\/\/www.cesantiapn.com.ec\/punto-verde\/","name":"Punto verde - Servicio de Cesant\u00eda de la Polic\u00eda Nacional","isPartOf":{"@id":"https:\/\/www.cesantiapn.com.ec\/#website"},"datePublished":"2023-09-01T16:11:53+00:00","dateModified":"2025-04-07T22:00:26+00:00","breadcrumb":{"@id":"https:\/\/www.cesantiapn.com.ec\/punto-verde\/#breadcrumb"},"inLanguage":"es","potentialAction":[{"@type":"ReadAction","target":["https:\/\/www.cesantiapn.com.ec\/punto-verde\/"]}]},{"@type":"BreadcrumbList","@id":"https:\/\/www.cesantiapn.com.ec\/punto-verde\/#breadcrumb","itemListElement":[{"@type":"ListItem","position":1,"name":"Portada","item":"https:\/\/www.cesantiapn.com.ec\/"},{"@type":"ListItem","position":2,"name":"Punto verde"}]},{"@type":"WebSite","@id":"https:\/\/www.cesantiapn.com.ec\/#website","url":"https:\/\/www.cesantiapn.com.ec\/","name":"Servicio de Cesant\u00eda de la Polic\u00eda Nacional","description":"","potentialAction":[{"@type":"SearchAction","target":{"@type":"EntryPoint","urlTemplate":"https:\/\/www.cesantiapn.com.ec\/?s={search_term_string}"},"query-input":"required name=search_term_string"}],"inLanguage":"es"}]}},"_links":{"self":[{"href":"https:\/\/www.cesantiapn.com.ec\/es\/wp-json\/wp\/v2\/pages\/20944"}],"collection":[{"href":"https:\/\/www.cesantiapn.com.ec\/es\/wp-json\/wp\/v2\/pages"}],"about":[{"href":"https:\/\/www.cesantiapn.com.ec\/es\/wp-json\/wp\/v2\/types\/page"}],"author":[{"embeddable":true,"href":"https:\/\/www.cesantiapn.com.ec\/es\/wp-json\/wp\/v2\/users\/14"}],"replies":[{"embeddable":true,"href":"https:\/\/www.cesantiapn.com.ec\/es\/wp-json\/wp\/v2\/comments?post=20944"}],"version-history":[{"count":20,"href":"https:\/\/www.cesantiapn.com.ec\/es\/wp-json\/wp\/v2\/pages\/20944\/revisions"}],"predecessor-version":[{"id":24137,"href":"https:\/\/www.cesantiapn.com.ec\/es\/wp-json\/wp\/v2\/pages\/20944\/revisions\/24137"}],"wp:attachment":[{"href":"https:\/\/www.cesantiapn.com.ec\/es\/wp-json\/wp\/v2\/media?parent=20944"}],"curies":[{"name":"wp","href":"https:\/\/api.w.org\/{rel}","templated":true}]}}