{"id":20978,"date":"2023-09-01T11:29:38","date_gmt":"2023-09-01T16:29:38","guid":{"rendered":"https:\/\/www.cesantiapn.com.ec\/?page_id=20978"},"modified":"2023-11-14T12:15:27","modified_gmt":"2023-11-14T17:15:27","slug":"turno-para-proceso-de-pago","status":"publish","type":"page","link":"https:\/\/www.cesantiapn.com.ec\/es\/turno-para-proceso-de-pago\/","title":{"rendered":"Turno para proceso de pago"},"content":{"rendered":"<div class=\"wpb-content-wrapper\"><div class=\"vc_row wpb_row vc_row-fluid vc_custom_1698338678830 wd-rs-653a97a939b54\"><div class=\"wpb_column vc_column_container vc_col-sm-2\"><div class=\"vc_column-inner\"><div class=\"wpb_wrapper\"><\/div><\/div><\/div><div class=\"wpb_column vc_column_container vc_col-sm-8\"><div class=\"vc_column-inner\"><div class=\"wpb_wrapper\">\t\t\t<link rel=\"stylesheet\" id=\"wd-section-title-css\" href=\"https:\/\/www.cesantiapn.com.ec\/wp-content\/themes\/woodmart\/css\/parts\/el-section-title.min.css?ver=2.2\" type=\"text\/css\" media=\"all\" \/> \t\t\t\t\t\t<link rel=\"stylesheet\" id=\"wd-section-title-style-simple-and-brd-css\" href=\"https:\/\/www.cesantiapn.com.ec\/wp-content\/themes\/woodmart\/css\/parts\/el-section-title-style-simple-and-brd.min.css?ver=2.2\" type=\"text\/css\" media=\"all\" \/> \t\t\t\t\t\t<link rel=\"stylesheet\" id=\"wd-mod-highlighted-text-css\" href=\"https:\/\/www.cesantiapn.com.ec\/wp-content\/themes\/woodmart\/css\/parts\/mod-highlighted-text.min.css?ver=2.2\" type=\"text\/css\" media=\"all\" \/> \t\t\t\n\t\t<div id=\"wd-6551aca78c1f1\" class=\"title-wrapper wd-wpb set-mb-s reset-last-child  wd-rs-6551aca78c1f1 wd-title-color-primary wd-title-style-simple text-center  wd-underline-colored\">\n\t\t\t\n\t\t\t<div class=\"liner-continer\">\n\t\t\t\t<h4 class=\"woodmart-title-container title  wd-font-weight-700 wd-fontsize-xxl\" >Proceso para el pago del Seguro de Cesant\u00eda y Devoluci\u00f3n de Aportes<\/h4>\n\t\t\t\t\t\t\t<\/div>\n\t\t\t\n\t\t\t\n\t\t\t\n\t\t<\/div>\n\t\t\n\t\t<\/div><\/div><\/div><div class=\"wpb_column vc_column_container vc_col-sm-2\"><div class=\"vc_column-inner\"><div class=\"wpb_wrapper\"><\/div><\/div><\/div><\/div><div class=\"vc_row wpb_row vc_row-fluid wd-rs-653a97a0b67a5\"><div class=\"wpb_column vc_column_container vc_col-sm-12\"><div class=\"vc_column-inner\"><div class=\"wpb_wrapper\"><div class=\"vc_row wpb_row vc_inner vc_row-fluid vc_row-o-equal-height vc_row-o-content-middle vc_row-flex wd-rs-64f275c53f73a\"><div class=\"wpb_column vc_column_container vc_col-sm-6\"><div class=\"vc_column-inner\"><div class=\"wpb_wrapper\">\t\t<div id=\"wd-6553aaf6e20fd\" class=\"wd-image wd-wpb wd-rs-6553aaf6e20fd text-center\">\n\t\t\t\n\t\t\t<img loading=\"lazy\" decoding=\"async\" width=\"1080\" height=\"1200\" src=\"https:\/\/www.cesantiapn.com.ec\/wp-content\/uploads\/2023\/11\/policia.jpg\" class=\"attachment-full size-full\" alt=\"\" srcset=\"https:\/\/www.cesantiapn.com.ec\/wp-content\/uploads\/2023\/11\/policia.jpg 1080w, https:\/\/www.cesantiapn.com.ec\/wp-content\/uploads\/2023\/11\/policia-270x300.jpg 270w, https:\/\/www.cesantiapn.com.ec\/wp-content\/uploads\/2023\/11\/policia-922x1024.jpg 922w, https:\/\/www.cesantiapn.com.ec\/wp-content\/uploads\/2023\/11\/policia-768x853.jpg 768w, https:\/\/www.cesantiapn.com.ec\/wp-content\/uploads\/2023\/11\/policia-11x12.jpg 11w\" sizes=\"(max-width: 1080px) 100vw, 1080px\" \/>\n\t\t\t\t\t<\/div>\n\t\t<\/div><\/div><\/div><div class=\"wpb_column vc_column_container vc_col-sm-6\"><div class=\"vc_column-inner\"><div class=\"wpb_wrapper\">\n\t\t<div id=\"wd-6551acb20748d\" class=\"title-wrapper wd-wpb set-mb-s reset-last-child  wd-rs-6551acb20748d wd-title-color-default wd-title-style-default text-center  wd-underline-colored\">\n\t\t\t\n\t\t\t<div class=\"liner-continer\">\n\t\t\t\t<h4 class=\"woodmart-title-container title  wd-font-weight-500 wd-fontsize-l\" >ACEPTACI\u00d3N DEL INICIO DEL TR\u00c1MITE<\/h4>\n\t\t\t\t\t\t\t<\/div>\n\t\t\t\n\t\t\t\n\t\t\t\n\t\t<\/div>\n\t\t\n\t\t\t\t\t<link rel=\"stylesheet\" id=\"wd-text-block-css\" href=\"https:\/\/www.cesantiapn.com.ec\/wp-content\/themes\/woodmart\/css\/parts\/el-text-block.min.css?ver=2.2\" type=\"text\/css\" media=\"all\" \/> \t\t\t\t\t<div id=\"wd-64f275f738c24\" class=\"wd-text-block wd-wpb reset-last-child wd-rs-64f275f738c24 text-left\">\n\t\t\t<p align=\"justify\">Ingrese al Sistema SIIPNE 3W y acepte iniciar sesi\u00f3n con el proceso virtual de generaci\u00f3n de certificado.<\/p>\n<p align=\"justify\"><strong>Verificar que los 6 certificados se encuentren correctamente generados.<\/strong><\/p>\n\t\t<\/div>\n\t\t\t\t\t<link rel=\"stylesheet\" id=\"wd-list-css\" href=\"https:\/\/www.cesantiapn.com.ec\/wp-content\/themes\/woodmart\/css\/parts\/el-list.min.css?ver=2.2\" type=\"text\/css\" media=\"all\" \/> \t\t\t\n\t\t<ul class=\"wd-rs-64f276669818c wd-list wd-wpb color-scheme- wd-fontsize-xs wd-list-type-icon wd-list-style-default wd-justify-left\" id=\"wd-64f276669818c\">\n\t\t\t\t\t\t\t\t\t\t\t<li>\n\t\t\t\t\t<span class=\"list-icon fas fa-arrow-right\"><\/span>\n\t\t\t\t\t<span class=\"list-content\">Certificado de historia laboral<\/span>\n\t\t\t\t\t\t\t\t\t<\/li>\n\t\t\t\t\t\t\t\t\t\t\t<li>\n\t\t\t\t\t<span class=\"list-icon fas fa-arrow-right\"><\/span>\n\t\t\t\t\t<span class=\"list-content\">Certificado de entrega de prendas de estado<\/span>\n\t\t\t\t\t\t\t\t\t<\/li>\n\t\t\t\t\t\t\t\t\t\t\t<li>\n\t\t\t\t\t<span class=\"list-icon fas fa-arrow-right\"><\/span>\n\t\t\t\t\t<span class=\"list-content\">Certificado de no adeudar a la Direcci\u00f3n de Bienestar Social<\/span>\n\t\t\t\t\t\t\t\t\t<\/li>\n\t\t\t\t\t\t\t\t\t\t\t<li>\n\t\t\t\t\t<span class=\"list-icon fas fa-arrow-right\"><\/span>\n\t\t\t\t\t<span class=\"list-content\">Certificado de no adeudar a la Direcci\u00f3n Nacional Financiera<\/span>\n\t\t\t\t\t\t\t\t\t<\/li>\n\t\t\t\t\t\t\t\t\t\t\t<li>\n\t\t\t\t\t<span class=\"list-icon fas fa-arrow-right\"><\/span>\n\t\t\t\t\t<span class=\"list-content\">Certificado de no adeudar al Hospital de la PP.NN.<\/span>\n\t\t\t\t\t\t\t\t\t<\/li>\n\t\t\t\t\t\t\t\t\t\t\t<li>\n\t\t\t\t\t<span class=\"list-icon fas fa-arrow-right\"><\/span>\n\t\t\t\t\t<span class=\"list-content\">Certificado de cobro de haberes del \u00faltimo mes. En caso de cumplir 20 a\u00f1os de servicio, deber\u00e1 adjuntar el certificado de no adeudar al ISSPOL.<\/span>\n\t\t\t\t\t\t\t\t\t<\/li>\n\t\t\t\t\t<\/ul>\n\t\t<div id=\"wd-6553ab17a488b\" class=\"wd-rs-6553ab17a488b  wd-button-wrapper text-center\"><a href=\"https:\/\/turnos.cesantiapn.com.ec\/\" title=\"\" target=\"_blank\" class=\"btn btn-scheme-light btn-scheme-hover-light btn-style-3d btn-style-rectangle btn-size-large btn-full-width btn-icon-pos-left\">TURNO EN L\u00cdNEA<span class=\"wd-btn-icon\"><span class=\"wd-icon fas fa-mouse-pointer\"><\/span><\/span><\/a><\/div><div class=\"vc_empty_space\"   style=\"height: 32px\"><span class=\"vc_empty_space_inner\"><\/span><\/div><\/div><\/div><\/div><\/div><\/div><\/div><\/div><\/div><div class=\"vc_row wpb_row vc_row-fluid vc_custom_1698808153676 vc_row-has-fill wd-rs-6541c18e26230 wd-section-stretch-content-no-pd\"><div class=\"wpb_column vc_column_container vc_col-sm-2 wd-rs-653a96a1b0e4a\"><div class=\"vc_column-inner vc_custom_1698338416441\"><div class=\"wpb_wrapper\"><\/div><\/div><\/div><div class=\"wpb_column vc_column_container vc_col-sm-8 wd-rs-6541ce971c0ac\"><div class=\"vc_column-inner\"><div class=\"wpb_wrapper\">\t\t<div id=\"wd-653a966ad76f9\" class=\"wd-text-block wd-wpb reset-last-child wd-rs-653a966ad76f9 text-left\">\n\t\t\t<p align=\"justify\">Para asegurar una atenci\u00f3n eficiente, es conveniente que el aportante se presente en la instituci\u00f3n con 15 minutos de anticipaci\u00f3n a la hora citada, con los requisitos: turno impreso, copia de c\u00e9dula a color y certificado bancario.<\/p>\n\t\t<\/div>\n\t\t<\/div><\/div><\/div><div class=\"wpb_column vc_column_container vc_col-sm-2\"><div class=\"vc_column-inner\"><div class=\"wpb_wrapper\"><\/div><\/div><\/div><\/div>\n<\/div>","protected":false},"excerpt":{"rendered":"Proceso para el pago del Seguro de Cesant\u00eda y Devoluci\u00f3n de Aportes ACEPTACI\u00d3N DEL INICIO DEL TR\u00c1MITE Ingrese al Sistema","protected":false},"author":14,"featured_media":0,"parent":0,"menu_order":0,"comment_status":"closed","ping_status":"closed","template":"","meta":{"footnotes":""},"yoast_head":"<!-- This site is optimized with the Yoast SEO plugin v22.3 - https:\/\/yoast.com\/wordpress\/plugins\/seo\/ -->\n<title>Turno para proceso de pago - Servicio de Cesant\u00eda de la Polic\u00eda Nacional<\/title>\n<meta name=\"robots\" content=\"index, follow, max-snippet:-1, max-image-preview:large, max-video-preview:-1\" \/>\n<link rel=\"canonical\" href=\"https:\/\/www.cesantiapn.com.ec\/es\/turno-para-proceso-de-pago\/\" \/>\n<meta property=\"og:locale\" content=\"es_ES\" \/>\n<meta property=\"og:type\" content=\"article\" \/>\n<meta property=\"og:title\" content=\"Turno para proceso de pago - Servicio de Cesant\u00eda de la Polic\u00eda Nacional\" \/>\n<meta property=\"og:url\" content=\"https:\/\/www.cesantiapn.com.ec\/es\/turno-para-proceso-de-pago\/\" \/>\n<meta property=\"og:site_name\" content=\"Servicio de Cesant\u00eda de la Polic\u00eda Nacional\" \/>\n<meta property=\"article:modified_time\" content=\"2023-11-14T17:15:27+00:00\" \/>\n<meta name=\"twitter:card\" content=\"summary_large_image\" \/>\n<meta name=\"twitter:label1\" content=\"Tiempo de lectura\" \/>\n\t<meta name=\"twitter:data1\" content=\"2 minutos\" \/>\n<script type=\"application\/ld+json\" class=\"yoast-schema-graph\">{\"@context\":\"https:\/\/schema.org\",\"@graph\":[{\"@type\":\"WebPage\",\"@id\":\"https:\/\/www.cesantiapn.com.ec\/turno-para-proceso-de-pago\/\",\"url\":\"https:\/\/www.cesantiapn.com.ec\/turno-para-proceso-de-pago\/\",\"name\":\"Turno para proceso de pago - Servicio de Cesant\u00eda de la Polic\u00eda Nacional\",\"isPartOf\":{\"@id\":\"https:\/\/www.cesantiapn.com.ec\/#website\"},\"datePublished\":\"2023-09-01T16:29:38+00:00\",\"dateModified\":\"2023-11-14T17:15:27+00:00\",\"breadcrumb\":{\"@id\":\"https:\/\/www.cesantiapn.com.ec\/turno-para-proceso-de-pago\/#breadcrumb\"},\"inLanguage\":\"es\",\"potentialAction\":[{\"@type\":\"ReadAction\",\"target\":[\"https:\/\/www.cesantiapn.com.ec\/turno-para-proceso-de-pago\/\"]}]},{\"@type\":\"BreadcrumbList\",\"@id\":\"https:\/\/www.cesantiapn.com.ec\/turno-para-proceso-de-pago\/#breadcrumb\",\"itemListElement\":[{\"@type\":\"ListItem\",\"position\":1,\"name\":\"Portada\",\"item\":\"https:\/\/www.cesantiapn.com.ec\/\"},{\"@type\":\"ListItem\",\"position\":2,\"name\":\"Turno para proceso de pago\"}]},{\"@type\":\"WebSite\",\"@id\":\"https:\/\/www.cesantiapn.com.ec\/#website\",\"url\":\"https:\/\/www.cesantiapn.com.ec\/\",\"name\":\"Servicio de Cesant\u00eda de la Polic\u00eda Nacional\",\"description\":\"\",\"potentialAction\":[{\"@type\":\"SearchAction\",\"target\":{\"@type\":\"EntryPoint\",\"urlTemplate\":\"https:\/\/www.cesantiapn.com.ec\/?s={search_term_string}\"},\"query-input\":\"required name=search_term_string\"}],\"inLanguage\":\"es\"}]}<\/script>\n<!-- \/ Yoast SEO plugin. -->","yoast_head_json":{"title":"Turno para proceso de pago - Servicio de Cesant\u00eda de la Polic\u00eda Nacional","robots":{"index":"index","follow":"follow","max-snippet":"max-snippet:-1","max-image-preview":"max-image-preview:large","max-video-preview":"max-video-preview:-1"},"canonical":"https:\/\/www.cesantiapn.com.ec\/es\/turno-para-proceso-de-pago\/","og_locale":"es_ES","og_type":"article","og_title":"Turno para proceso de pago - Servicio de Cesant\u00eda de la Polic\u00eda Nacional","og_url":"https:\/\/www.cesantiapn.com.ec\/es\/turno-para-proceso-de-pago\/","og_site_name":"Servicio de Cesant\u00eda de la Polic\u00eda Nacional","article_modified_time":"2023-11-14T17:15:27+00:00","twitter_card":"summary_large_image","twitter_misc":{"Tiempo de lectura":"2 minutos"},"schema":{"@context":"https:\/\/schema.org","@graph":[{"@type":"WebPage","@id":"https:\/\/www.cesantiapn.com.ec\/turno-para-proceso-de-pago\/","url":"https:\/\/www.cesantiapn.com.ec\/turno-para-proceso-de-pago\/","name":"Turno para proceso de pago - Servicio de Cesant\u00eda de la Polic\u00eda Nacional","isPartOf":{"@id":"https:\/\/www.cesantiapn.com.ec\/#website"},"datePublished":"2023-09-01T16:29:38+00:00","dateModified":"2023-11-14T17:15:27+00:00","breadcrumb":{"@id":"https:\/\/www.cesantiapn.com.ec\/turno-para-proceso-de-pago\/#breadcrumb"},"inLanguage":"es","potentialAction":[{"@type":"ReadAction","target":["https:\/\/www.cesantiapn.com.ec\/turno-para-proceso-de-pago\/"]}]},{"@type":"BreadcrumbList","@id":"https:\/\/www.cesantiapn.com.ec\/turno-para-proceso-de-pago\/#breadcrumb","itemListElement":[{"@type":"ListItem","position":1,"name":"Portada","item":"https:\/\/www.cesantiapn.com.ec\/"},{"@type":"ListItem","position":2,"name":"Turno para proceso de pago"}]},{"@type":"WebSite","@id":"https:\/\/www.cesantiapn.com.ec\/#website","url":"https:\/\/www.cesantiapn.com.ec\/","name":"Servicio de Cesant\u00eda de la Polic\u00eda Nacional","description":"","potentialAction":[{"@type":"SearchAction","target":{"@type":"EntryPoint","urlTemplate":"https:\/\/www.cesantiapn.com.ec\/?s={search_term_string}"},"query-input":"required name=search_term_string"}],"inLanguage":"es"}]}},"_links":{"self":[{"href":"https:\/\/www.cesantiapn.com.ec\/es\/wp-json\/wp\/v2\/pages\/20978"}],"collection":[{"href":"https:\/\/www.cesantiapn.com.ec\/es\/wp-json\/wp\/v2\/pages"}],"about":[{"href":"https:\/\/www.cesantiapn.com.ec\/es\/wp-json\/wp\/v2\/types\/page"}],"author":[{"embeddable":true,"href":"https:\/\/www.cesantiapn.com.ec\/es\/wp-json\/wp\/v2\/users\/14"}],"replies":[{"embeddable":true,"href":"https:\/\/www.cesantiapn.com.ec\/es\/wp-json\/wp\/v2\/comments?post=20978"}],"version-history":[{"count":14,"href":"https:\/\/www.cesantiapn.com.ec\/es\/wp-json\/wp\/v2\/pages\/20978\/revisions"}],"predecessor-version":[{"id":21675,"href":"https:\/\/www.cesantiapn.com.ec\/es\/wp-json\/wp\/v2\/pages\/20978\/revisions\/21675"}],"wp:attachment":[{"href":"https:\/\/www.cesantiapn.com.ec\/es\/wp-json\/wp\/v2\/media?parent=20978"}],"curies":[{"name":"wp","href":"https:\/\/api.w.org\/{rel}","templated":true}]}}