{"id":24258,"date":"2025-06-24T17:13:34","date_gmt":"2025-06-24T22:13:34","guid":{"rendered":"https:\/\/www.cesantiapn.com.ec\/?page_id=24258"},"modified":"2025-06-24T17:20:49","modified_gmt":"2025-06-24T22:20:49","slug":"bases-convenio-seguros","status":"publish","type":"page","link":"https:\/\/www.cesantiapn.com.ec\/es\/bases-convenio-seguros\/","title":{"rendered":"bases convenio seguros"},"content":{"rendered":"<div class=\"wpb-content-wrapper\"><div class=\"vc_row wpb_row vc_row-fluid\"><div class=\"wpb_column vc_column_container vc_col-sm-12\"><div class=\"vc_column-inner\"><div class=\"wpb_wrapper\">\n\t<div  class=\"wpb_single_image wpb_content_element vc_align_left\">\n\t\t\n\t\t<figure class=\"wpb_wrapper vc_figure\">\n\t\t\t<div class=\"vc_single_image-wrapper   vc_box_border_grey\"><img loading=\"lazy\" decoding=\"async\" width=\"1024\" height=\"417\" src=\"https:\/\/www.cesantiapn.com.ec\/wp-content\/uploads\/2025\/06\/Banner-seguros-2-24.06.2025-1024x417.png\" class=\"vc_single_image-img attachment-large\" alt=\"\" title=\"Banner-seguros-2-24.06.2025\" srcset=\"https:\/\/www.cesantiapn.com.ec\/wp-content\/uploads\/2025\/06\/Banner-seguros-2-24.06.2025-1024x417.png 1024w, https:\/\/www.cesantiapn.com.ec\/wp-content\/uploads\/2025\/06\/Banner-seguros-2-24.06.2025-300x122.png 300w, https:\/\/www.cesantiapn.com.ec\/wp-content\/uploads\/2025\/06\/Banner-seguros-2-24.06.2025-768x313.png 768w, https:\/\/www.cesantiapn.com.ec\/wp-content\/uploads\/2025\/06\/Banner-seguros-2-24.06.2025-18x7.png 18w, https:\/\/www.cesantiapn.com.ec\/wp-content\/uploads\/2025\/06\/Banner-seguros-2-24.06.2025.png 1152w\" sizes=\"(max-width: 1024px) 100vw, 1024px\" \/><\/div>\n\t\t<\/figure>\n\t<\/div>\n\n\t<div class=\"wpb_text_column wpb_content_element\" >\n\t\t<div class=\"wpb_wrapper\">\n\t\t\t<p><strong>OBJETIVO:<\/strong><br \/>\nAsegurar los bienes muebles e inmuebles objeto de garant\u00eda en las operaciones de cr\u00e9ditos que otorga el SCPN, con la finalidad de precautelar los intereses institucionales.<\/p>\n<p><strong>ALCANCE:<\/strong><br \/>\nLa cobertura de la p\u00f3liza de seguro deber\u00e1 cubrir el bien mueble e inmueble objeto de garant\u00eda de las operaciones de cr\u00e9ditos que otorga el SCPN, conforme sus condiciones particulares.<\/p>\n\n\t\t<\/div>\n\t<\/div>\n<\/div><\/div><\/div><\/div><div class=\"vc_row wpb_row vc_row-fluid\"><div class=\"wpb_column vc_column_container vc_col-sm-12\"><div class=\"vc_column-inner\"><div class=\"wpb_wrapper\">\t\t\t<link rel=\"stylesheet\" id=\"wd-accordion-css\" href=\"https:\/\/www.cesantiapn.com.ec\/wp-content\/themes\/woodmart\/css\/parts\/el-accordion.min.css?ver=2.2\" type=\"text\/css\" media=\"all\" \/> \t\t\t\n\t\t<div id=\"wd-\" class=\"wd-accordion wd-wpb  wd-style-default\" data-state=\"first\">\n\t\t\t\t\t\t\t\n\t\t\t\t\n\t\t\t\t<div class=\"wd-accordion-item\">\n\t\t\t\t\t<div class=\"wd-accordion-title wd-active font-primary wd-fontsize-s text-left wd-opener-pos-left wd-font-weight-600\" data-accordion-index=\"0\">\n\t\t\t\t\t\t<div class=\"wd-accordion-title-text\">\n\t\t\t\t\t\t\t\t\t\t\t\t\t\t<span>\n\t\t\t\t\t\t\t\tBase del Consurso\t\t\t\t\t\t\t<\/span>\n\t\t\t\t\t\t<\/div>\n\t\t\t\t\t\t<span class=\"wd-accordion-opener wd-opener-style-arrow\"><\/span>\n\t\t\t\t\t<\/div>\n\n\t\t\t\t\t<div class=\"wd-accordion-content reset-last-child wd-active\" data-accordion-index=\"0\">\n\t\t\t\t\t\t\t\t\t\t\t\t\t<p><a href=\"https:\/\/www.cesantiapn.com.ec\/wp-content\/uploads\/2025\/06\/8_OBJETO-DE-CONTRATACION-next.pdf\">Descargar Aqu\u00ed<\/a><\/p>\n\t\t\t\t\t\t\t\t\t\t\t<\/div>\n\t\t\t\t<\/div>\n\t\t\t\t\t\t\t\n\t\t\t\t\n\t\t\t\t<div class=\"wd-accordion-item\">\n\t\t\t\t\t<div class=\"wd-accordion-title font-primary wd-fontsize-s text-left wd-opener-pos-left wd-font-weight-600\" data-accordion-index=\"1\">\n\t\t\t\t\t\t<div class=\"wd-accordion-title-text\">\n\t\t\t\t\t\t\t\t\t\t\t\t\t\t<span>\n\t\t\t\t\t\t\t\tCronograma\t\t\t\t\t\t\t<\/span>\n\t\t\t\t\t\t<\/div>\n\t\t\t\t\t\t<span class=\"wd-accordion-opener wd-opener-style-arrow\"><\/span>\n\t\t\t\t\t<\/div>\n\n\t\t\t\t\t<div class=\"wd-accordion-content reset-last-child\" data-accordion-index=\"1\">\n\t\t\t\t\t\t\t\t\t\t\t\t\t<p><a href=\"https:\/\/www.cesantiapn.com.ec\/wp-content\/uploads\/2025\/06\/10_cronograma.pdf\">Descargar Aqu\u00ed<\/a><\/p>\n\t\t\t\t\t\t\t\t\t\t\t<\/div>\n\t\t\t\t<\/div>\n\t\t\t\t\t\t\t\t\t\t\t\t\t\t<\/div>\n\n\t\t<\/div><\/div><\/div><\/div><div class=\"vc_row wpb_row vc_row-fluid\"><div class=\"wpb_column vc_column_container vc_col-sm-12\"><div class=\"vc_column-inner\"><div class=\"wpb_wrapper\"><\/div><\/div><\/div><\/div>\n<\/div>","protected":false},"excerpt":{"rendered":"OBJETIVO: Asegurar los bienes muebles e inmuebles objeto de garant\u00eda en las operaciones de cr\u00e9ditos que otorga el SCPN, con","protected":false},"author":20,"featured_media":0,"parent":0,"menu_order":0,"comment_status":"closed","ping_status":"closed","template":"","meta":{"footnotes":""},"yoast_head":"<!-- This site is optimized with the Yoast SEO plugin v22.3 - https:\/\/yoast.com\/wordpress\/plugins\/seo\/ -->\n<title>bases convenio seguros - Servicio de Cesant\u00eda de la Polic\u00eda Nacional<\/title>\n<meta name=\"description\" content=\"Bases Convenio Seguros\" \/>\n<meta name=\"robots\" content=\"index, follow, max-snippet:-1, max-image-preview:large, max-video-preview:-1\" \/>\n<link rel=\"canonical\" href=\"https:\/\/www.cesantiapn.com.ec\/es\/bases-convenio-seguros\/\" \/>\n<meta property=\"og:locale\" content=\"es_ES\" \/>\n<meta property=\"og:type\" content=\"article\" \/>\n<meta property=\"og:title\" content=\"bases convenio seguros - Servicio de Cesant\u00eda de la Polic\u00eda Nacional\" \/>\n<meta property=\"og:description\" content=\"Bases Convenio Seguros\" \/>\n<meta property=\"og:url\" content=\"https:\/\/www.cesantiapn.com.ec\/es\/bases-convenio-seguros\/\" \/>\n<meta property=\"og:site_name\" content=\"Servicio de Cesant\u00eda de la Polic\u00eda Nacional\" \/>\n<meta property=\"article:modified_time\" content=\"2025-06-24T22:20:49+00:00\" \/>\n<meta name=\"twitter:card\" content=\"summary_large_image\" \/>\n<meta name=\"twitter:label1\" content=\"Tiempo de lectura\" \/>\n\t<meta name=\"twitter:data1\" content=\"1 minuto\" \/>\n<script type=\"application\/ld+json\" class=\"yoast-schema-graph\">{\"@context\":\"https:\/\/schema.org\",\"@graph\":[{\"@type\":\"WebPage\",\"@id\":\"https:\/\/www.cesantiapn.com.ec\/bases-convenio-seguros\/\",\"url\":\"https:\/\/www.cesantiapn.com.ec\/bases-convenio-seguros\/\",\"name\":\"bases convenio seguros - Servicio de Cesant\u00eda de la Polic\u00eda Nacional\",\"isPartOf\":{\"@id\":\"https:\/\/www.cesantiapn.com.ec\/#website\"},\"datePublished\":\"2025-06-24T22:13:34+00:00\",\"dateModified\":\"2025-06-24T22:20:49+00:00\",\"description\":\"Bases Convenio Seguros\",\"breadcrumb\":{\"@id\":\"https:\/\/www.cesantiapn.com.ec\/bases-convenio-seguros\/#breadcrumb\"},\"inLanguage\":\"es\",\"potentialAction\":[{\"@type\":\"ReadAction\",\"target\":[\"https:\/\/www.cesantiapn.com.ec\/bases-convenio-seguros\/\"]}]},{\"@type\":\"BreadcrumbList\",\"@id\":\"https:\/\/www.cesantiapn.com.ec\/bases-convenio-seguros\/#breadcrumb\",\"itemListElement\":[{\"@type\":\"ListItem\",\"position\":1,\"name\":\"Portada\",\"item\":\"https:\/\/www.cesantiapn.com.ec\/\"},{\"@type\":\"ListItem\",\"position\":2,\"name\":\"bases convenio seguros\"}]},{\"@type\":\"WebSite\",\"@id\":\"https:\/\/www.cesantiapn.com.ec\/#website\",\"url\":\"https:\/\/www.cesantiapn.com.ec\/\",\"name\":\"Servicio de Cesant\u00eda de la Polic\u00eda Nacional\",\"description\":\"\",\"potentialAction\":[{\"@type\":\"SearchAction\",\"target\":{\"@type\":\"EntryPoint\",\"urlTemplate\":\"https:\/\/www.cesantiapn.com.ec\/?s={search_term_string}\"},\"query-input\":\"required name=search_term_string\"}],\"inLanguage\":\"es\"}]}<\/script>\n<!-- \/ Yoast SEO plugin. -->","yoast_head_json":{"title":"bases convenio seguros - Servicio de Cesant\u00eda de la Polic\u00eda Nacional","description":"Bases Convenio Seguros","robots":{"index":"index","follow":"follow","max-snippet":"max-snippet:-1","max-image-preview":"max-image-preview:large","max-video-preview":"max-video-preview:-1"},"canonical":"https:\/\/www.cesantiapn.com.ec\/es\/bases-convenio-seguros\/","og_locale":"es_ES","og_type":"article","og_title":"bases convenio seguros - Servicio de Cesant\u00eda de la Polic\u00eda Nacional","og_description":"Bases Convenio Seguros","og_url":"https:\/\/www.cesantiapn.com.ec\/es\/bases-convenio-seguros\/","og_site_name":"Servicio de Cesant\u00eda de la Polic\u00eda Nacional","article_modified_time":"2025-06-24T22:20:49+00:00","twitter_card":"summary_large_image","twitter_misc":{"Tiempo de lectura":"1 minuto"},"schema":{"@context":"https:\/\/schema.org","@graph":[{"@type":"WebPage","@id":"https:\/\/www.cesantiapn.com.ec\/bases-convenio-seguros\/","url":"https:\/\/www.cesantiapn.com.ec\/bases-convenio-seguros\/","name":"bases convenio seguros - Servicio de Cesant\u00eda de la Polic\u00eda Nacional","isPartOf":{"@id":"https:\/\/www.cesantiapn.com.ec\/#website"},"datePublished":"2025-06-24T22:13:34+00:00","dateModified":"2025-06-24T22:20:49+00:00","description":"Bases Convenio Seguros","breadcrumb":{"@id":"https:\/\/www.cesantiapn.com.ec\/bases-convenio-seguros\/#breadcrumb"},"inLanguage":"es","potentialAction":[{"@type":"ReadAction","target":["https:\/\/www.cesantiapn.com.ec\/bases-convenio-seguros\/"]}]},{"@type":"BreadcrumbList","@id":"https:\/\/www.cesantiapn.com.ec\/bases-convenio-seguros\/#breadcrumb","itemListElement":[{"@type":"ListItem","position":1,"name":"Portada","item":"https:\/\/www.cesantiapn.com.ec\/"},{"@type":"ListItem","position":2,"name":"bases convenio seguros"}]},{"@type":"WebSite","@id":"https:\/\/www.cesantiapn.com.ec\/#website","url":"https:\/\/www.cesantiapn.com.ec\/","name":"Servicio de Cesant\u00eda de la Polic\u00eda Nacional","description":"","potentialAction":[{"@type":"SearchAction","target":{"@type":"EntryPoint","urlTemplate":"https:\/\/www.cesantiapn.com.ec\/?s={search_term_string}"},"query-input":"required name=search_term_string"}],"inLanguage":"es"}]}},"_links":{"self":[{"href":"https:\/\/www.cesantiapn.com.ec\/es\/wp-json\/wp\/v2\/pages\/24258"}],"collection":[{"href":"https:\/\/www.cesantiapn.com.ec\/es\/wp-json\/wp\/v2\/pages"}],"about":[{"href":"https:\/\/www.cesantiapn.com.ec\/es\/wp-json\/wp\/v2\/types\/page"}],"author":[{"embeddable":true,"href":"https:\/\/www.cesantiapn.com.ec\/es\/wp-json\/wp\/v2\/users\/20"}],"replies":[{"embeddable":true,"href":"https:\/\/www.cesantiapn.com.ec\/es\/wp-json\/wp\/v2\/comments?post=24258"}],"version-history":[{"count":5,"href":"https:\/\/www.cesantiapn.com.ec\/es\/wp-json\/wp\/v2\/pages\/24258\/revisions"}],"predecessor-version":[{"id":24267,"href":"https:\/\/www.cesantiapn.com.ec\/es\/wp-json\/wp\/v2\/pages\/24258\/revisions\/24267"}],"wp:attachment":[{"href":"https:\/\/www.cesantiapn.com.ec\/es\/wp-json\/wp\/v2\/media?parent=24258"}],"curies":[{"name":"wp","href":"https:\/\/api.w.org\/{rel}","templated":true}]}}