{"id":24279,"date":"2025-07-02T15:10:40","date_gmt":"2025-07-02T20:10:40","guid":{"rendered":"https:\/\/www.cesantiapn.com.ec\/?page_id=24279"},"modified":"2025-07-02T15:26:21","modified_gmt":"2025-07-02T20:26:21","slug":"resoluciones-operadores-de-valores","status":"publish","type":"page","link":"https:\/\/www.cesantiapn.com.ec\/es\/resoluciones-operadores-de-valores\/","title":{"rendered":"Resoluciones &#8211; Operadores de Valores"},"content":{"rendered":"<div class=\"wpb-content-wrapper\"><div class=\"vc_row wpb_row vc_row-fluid vc_custom_1699844401948 wd-rs-6551916a22fdd wd-section-stretch\"><div class=\"wpb_column vc_column_container vc_col-sm-12\"><div class=\"vc_column-inner\"><div class=\"wpb_wrapper\">\n\t<div  class=\"wpb_single_image wpb_content_element vc_align_left\">\n\t\t\n\t\t<figure class=\"wpb_wrapper vc_figure\">\n\t\t\t<div class=\"vc_single_image-wrapper   vc_box_border_grey\"><img loading=\"lazy\" decoding=\"async\" width=\"1685\" height=\"462\" src=\"https:\/\/www.cesantiapn.com.ec\/wp-content\/uploads\/2025\/07\/Banner-resoluciones-02.07.2025.png\" class=\"vc_single_image-img attachment-full\" alt=\"\" title=\"Banner-resoluciones-02.07.2025\" srcset=\"https:\/\/www.cesantiapn.com.ec\/wp-content\/uploads\/2025\/07\/Banner-resoluciones-02.07.2025.png 1685w, https:\/\/www.cesantiapn.com.ec\/wp-content\/uploads\/2025\/07\/Banner-resoluciones-02.07.2025-300x82.png 300w, https:\/\/www.cesantiapn.com.ec\/wp-content\/uploads\/2025\/07\/Banner-resoluciones-02.07.2025-1024x281.png 1024w, https:\/\/www.cesantiapn.com.ec\/wp-content\/uploads\/2025\/07\/Banner-resoluciones-02.07.2025-768x211.png 768w, https:\/\/www.cesantiapn.com.ec\/wp-content\/uploads\/2025\/07\/Banner-resoluciones-02.07.2025-1536x421.png 1536w, https:\/\/www.cesantiapn.com.ec\/wp-content\/uploads\/2025\/07\/Banner-resoluciones-02.07.2025-18x5.png 18w\" sizes=\"(max-width: 1685px) 100vw, 1685px\" \/><\/div>\n\t\t<\/figure>\n\t<\/div>\n<\/div><\/div><\/div><\/div><div class=\"vc_row wpb_row vc_row-fluid\"><div class=\"wpb_column vc_column_container vc_col-sm-12\"><div class=\"vc_column-inner\"><div class=\"wpb_wrapper\"><div class=\"vc_empty_space\"   style=\"height: 32px\"><span class=\"vc_empty_space_inner\"><\/span><\/div><div class=\"vc_empty_space\"   style=\"height: 32px\"><span class=\"vc_empty_space_inner\"><\/span><\/div><div class=\"vc_empty_space\"   style=\"height: 32px\"><span class=\"vc_empty_space_inner\"><\/span><\/div><div class=\"vc_empty_space\"   style=\"height: 32px\"><span class=\"vc_empty_space_inner\"><\/span><\/div><\/div><\/div><\/div><\/div><div class=\"vc_row wpb_row vc_row-fluid\"><div class=\"wpb_column vc_column_container vc_col-sm-4\"><div class=\"vc_column-inner\"><div class=\"wpb_wrapper\"><div class=\"vc_icon_element vc_icon_element-outer Instructivo vc_icon_element-align-center vc_icon_element-have-style\"><div class=\"vc_icon_element-inner vc_icon_element-color-white vc_icon_element-have-style-inner vc_icon_element-size-md vc_icon_element-style-rounded vc_icon_element-background vc_icon_element-background-color-custom\"  style=\"background-color:#243269\"><span class=\"vc_icon_element-icon fas fa-file-alt\" ><\/span><a class=\"vc_icon_element-link\" href=\"https:\/\/www.cesantiapn.com.ec\/wp-content\/uploads\/2024\/01\/INSTRUCTIVO-ELECCION-DELEGADOS-SCPN-firmado_comp.pdf\"  title=\"\" target=\"_self\"><\/a><\/div><\/div>\n\t<div class=\"wpb_text_column wpb_content_element\" >\n\t\t<div class=\"wpb_wrapper\">\n\t\t\t<p style=\"text-align: center;\"><strong>Resoluci\u00f3n No. SCVS-IRCVSQ-DRMV-2025-00025023<\/strong><\/p>\n\n\t\t<\/div>\n\t<\/div>\n<div id=\"wd-686595c348528\" class=\"wd-rs-686595c348528  wd-button-wrapper text-center\"><a href=\"https:\/\/www.cesantiapn.com.ec\/wp-content\/uploads\/2025\/07\/Resolucion-No.-SCVS-IRCVSQ-DRMV-2025-00025023-Jessica-Toscano.pdf\" title=\"\" target=\"_blank\" class=\"btn btn-scheme-light btn-scheme-hover-light btn-style-default btn-style-rectangle btn-size-default\">Descargar aqu\u00ed<\/a><\/div><\/div><\/div><\/div><div class=\"wpb_column vc_column_container vc_col-sm-4\"><div class=\"vc_column-inner\"><div class=\"wpb_wrapper\"><div class=\"vc_icon_element vc_icon_element-outer Instructivo vc_icon_element-align-center vc_icon_element-have-style\"><div class=\"vc_icon_element-inner vc_icon_element-color-white vc_icon_element-have-style-inner vc_icon_element-size-md vc_icon_element-style-rounded vc_icon_element-background vc_icon_element-background-color-custom\"  style=\"background-color:#243269\"><span class=\"vc_icon_element-icon fas fa-file-alt\" ><\/span><a class=\"vc_icon_element-link\" href=\"https:\/\/www.cesantiapn.com.ec\/wp-content\/uploads\/2024\/01\/PPT-Procedimiento-Asamblea-General-Ordinaria-09.01.2024-1.pdf\"  title=\"\" target=\"_self\"><\/a><\/div><\/div>\n\t<div class=\"wpb_text_column wpb_content_element\" >\n\t\t<div class=\"wpb_wrapper\">\n\t\t\t<p style=\"text-align: center;\"><strong>Resoluci\u00f3n No. SCVS-IRCVSQ-DRMV-2025-00025024<\/strong><\/p>\n\n\t\t<\/div>\n\t<\/div>\n<div id=\"wd-686595d09d66a\" class=\"wd-rs-686595d09d66a  wd-button-wrapper text-center\"><a href=\"https:\/\/www.cesantiapn.com.ec\/wp-content\/uploads\/2025\/07\/Resolucion-No.-SCVS-IRCVSQ-DRMV-2025-00025024-Willan-Gualotuna.pdf\" title=\"\" target=\"_blank\" class=\"btn btn-scheme-light btn-scheme-hover-light btn-style-default btn-style-rectangle btn-size-default\">Descargar aqu\u00ed<\/a><\/div><\/div><\/div><\/div><div class=\"wpb_column vc_column_container vc_col-sm-4\"><div class=\"vc_column-inner\"><div class=\"wpb_wrapper\"><div class=\"vc_icon_element vc_icon_element-outer Instructivo vc_icon_element-align-center vc_icon_element-have-style\"><div class=\"vc_icon_element-inner vc_icon_element-color-white vc_icon_element-have-style-inner vc_icon_element-size-md vc_icon_element-style-rounded vc_icon_element-background vc_icon_element-background-color-custom\"  style=\"background-color:#243269\"><span class=\"vc_icon_element-icon fas fa-file-alt\" ><\/span><a class=\"vc_icon_element-link\" href=\"https:\/\/www.cesantiapn.com.ec\/wp-content\/uploads\/2024\/01\/LISTADO-SOCIOS-EN-GRADO-DE-POLICIA-aportantes-SCPN.pdf\"  title=\"\" target=\"_self\"><\/a><\/div><\/div>\n\t<div class=\"wpb_text_column wpb_content_element\" >\n\t\t<div class=\"wpb_wrapper\">\n\t\t\t<p style=\"text-align: center;\"><strong>Resoluci\u00f3n No. SCVS-IRCVSQ-DRMV-2025-00024985<\/strong><\/p>\n\n\t\t<\/div>\n\t<\/div>\n<div id=\"wd-686595dd8819b\" class=\"wd-rs-686595dd8819b  wd-button-wrapper text-center\"><a href=\"https:\/\/www.cesantiapn.com.ec\/wp-content\/uploads\/2025\/07\/Resolucion-No.-SCVS-IRCVSQ-DRMV-2025-00024985-Veronica-Carrera-SCPN-signed.pdf\" title=\"\" target=\"_blank\" class=\"btn btn-scheme-light btn-scheme-hover-light btn-style-default btn-style-rectangle btn-size-default\">Descargar aqu\u00ed<\/a><\/div><\/div><\/div><\/div><\/div><div class=\"vc_row wpb_row vc_row-fluid\"><div class=\"wpb_column vc_column_container vc_col-sm-12\"><div class=\"vc_column-inner\"><div class=\"wpb_wrapper\"><div class=\"vc_empty_space\"   style=\"height: 32px\"><span class=\"vc_empty_space_inner\"><\/span><\/div><div class=\"vc_empty_space\"   style=\"height: 32px\"><span class=\"vc_empty_space_inner\"><\/span><\/div><div class=\"vc_empty_space\"   style=\"height: 32px\"><span class=\"vc_empty_space_inner\"><\/span><\/div><div class=\"vc_empty_space\"   style=\"height: 32px\"><span class=\"vc_empty_space_inner\"><\/span><\/div><div class=\"vc_empty_space\"   style=\"height: 32px\"><span class=\"vc_empty_space_inner\"><\/span><\/div><div class=\"vc_empty_space\"   style=\"height: 32px\"><span class=\"vc_empty_space_inner\"><\/span><\/div><div class=\"vc_empty_space\"   style=\"height: 32px\"><span class=\"vc_empty_space_inner\"><\/span><\/div><div class=\"vc_empty_space\"   style=\"height: 32px\"><span class=\"vc_empty_space_inner\"><\/span><\/div><div class=\"vc_empty_space\"   style=\"height: 32px\"><span class=\"vc_empty_space_inner\"><\/span><\/div><div class=\"vc_empty_space\"   style=\"height: 32px\"><span class=\"vc_empty_space_inner\"><\/span><\/div><\/div><\/div><\/div><\/div>\n<\/div>","protected":false},"excerpt":{"rendered":"Resoluci\u00f3n No. SCVS-IRCVSQ-DRMV-2025-00025023 Descargar aqu\u00ed Resoluci\u00f3n No. SCVS-IRCVSQ-DRMV-2025-00025024 Descargar aqu\u00ed Resoluci\u00f3n No. SCVS-IRCVSQ-DRMV-2025-00024985 Descargar aqu\u00ed","protected":false},"author":18,"featured_media":0,"parent":0,"menu_order":0,"comment_status":"closed","ping_status":"closed","template":"","meta":{"footnotes":""},"yoast_head":"<!-- This site is optimized with the Yoast SEO plugin v22.3 - https:\/\/yoast.com\/wordpress\/plugins\/seo\/ -->\n<title>Resoluciones - Operadores de Valores - Servicio de Cesant\u00eda de la Polic\u00eda Nacional<\/title>\n<meta name=\"robots\" content=\"index, follow, max-snippet:-1, max-image-preview:large, max-video-preview:-1\" \/>\n<link rel=\"canonical\" href=\"https:\/\/www.cesantiapn.com.ec\/es\/resoluciones-operadores-de-valores\/\" \/>\n<meta property=\"og:locale\" content=\"es_ES\" \/>\n<meta property=\"og:type\" content=\"article\" \/>\n<meta property=\"og:title\" content=\"Resoluciones - Operadores de Valores - Servicio de Cesant\u00eda de la Polic\u00eda Nacional\" \/>\n<meta property=\"og:url\" content=\"https:\/\/www.cesantiapn.com.ec\/es\/resoluciones-operadores-de-valores\/\" \/>\n<meta property=\"og:site_name\" content=\"Servicio de Cesant\u00eda de la Polic\u00eda Nacional\" \/>\n<meta property=\"article:modified_time\" content=\"2025-07-02T20:26:21+00:00\" \/>\n<meta name=\"twitter:card\" content=\"summary_large_image\" \/>\n<meta name=\"twitter:label1\" content=\"Tiempo de lectura\" \/>\n\t<meta name=\"twitter:data1\" content=\"1 minuto\" \/>\n<script type=\"application\/ld+json\" class=\"yoast-schema-graph\">{\"@context\":\"https:\/\/schema.org\",\"@graph\":[{\"@type\":\"WebPage\",\"@id\":\"https:\/\/www.cesantiapn.com.ec\/resoluciones-operadores-de-valores\/\",\"url\":\"https:\/\/www.cesantiapn.com.ec\/resoluciones-operadores-de-valores\/\",\"name\":\"Resoluciones - Operadores de Valores - Servicio de Cesant\u00eda de la Polic\u00eda Nacional\",\"isPartOf\":{\"@id\":\"https:\/\/www.cesantiapn.com.ec\/#website\"},\"datePublished\":\"2025-07-02T20:10:40+00:00\",\"dateModified\":\"2025-07-02T20:26:21+00:00\",\"breadcrumb\":{\"@id\":\"https:\/\/www.cesantiapn.com.ec\/resoluciones-operadores-de-valores\/#breadcrumb\"},\"inLanguage\":\"es\",\"potentialAction\":[{\"@type\":\"ReadAction\",\"target\":[\"https:\/\/www.cesantiapn.com.ec\/resoluciones-operadores-de-valores\/\"]}]},{\"@type\":\"BreadcrumbList\",\"@id\":\"https:\/\/www.cesantiapn.com.ec\/resoluciones-operadores-de-valores\/#breadcrumb\",\"itemListElement\":[{\"@type\":\"ListItem\",\"position\":1,\"name\":\"Portada\",\"item\":\"https:\/\/www.cesantiapn.com.ec\/\"},{\"@type\":\"ListItem\",\"position\":2,\"name\":\"Resoluciones &#8211; Operadores de Valores\"}]},{\"@type\":\"WebSite\",\"@id\":\"https:\/\/www.cesantiapn.com.ec\/#website\",\"url\":\"https:\/\/www.cesantiapn.com.ec\/\",\"name\":\"Servicio de Cesant\u00eda de la Polic\u00eda Nacional\",\"description\":\"\",\"potentialAction\":[{\"@type\":\"SearchAction\",\"target\":{\"@type\":\"EntryPoint\",\"urlTemplate\":\"https:\/\/www.cesantiapn.com.ec\/?s={search_term_string}\"},\"query-input\":\"required name=search_term_string\"}],\"inLanguage\":\"es\"}]}<\/script>\n<!-- \/ Yoast SEO plugin. -->","yoast_head_json":{"title":"Resoluciones - Operadores de Valores - Servicio de Cesant\u00eda de la Polic\u00eda Nacional","robots":{"index":"index","follow":"follow","max-snippet":"max-snippet:-1","max-image-preview":"max-image-preview:large","max-video-preview":"max-video-preview:-1"},"canonical":"https:\/\/www.cesantiapn.com.ec\/es\/resoluciones-operadores-de-valores\/","og_locale":"es_ES","og_type":"article","og_title":"Resoluciones - Operadores de Valores - Servicio de Cesant\u00eda de la Polic\u00eda Nacional","og_url":"https:\/\/www.cesantiapn.com.ec\/es\/resoluciones-operadores-de-valores\/","og_site_name":"Servicio de Cesant\u00eda de la Polic\u00eda Nacional","article_modified_time":"2025-07-02T20:26:21+00:00","twitter_card":"summary_large_image","twitter_misc":{"Tiempo de lectura":"1 minuto"},"schema":{"@context":"https:\/\/schema.org","@graph":[{"@type":"WebPage","@id":"https:\/\/www.cesantiapn.com.ec\/resoluciones-operadores-de-valores\/","url":"https:\/\/www.cesantiapn.com.ec\/resoluciones-operadores-de-valores\/","name":"Resoluciones - Operadores de Valores - Servicio de Cesant\u00eda de la Polic\u00eda Nacional","isPartOf":{"@id":"https:\/\/www.cesantiapn.com.ec\/#website"},"datePublished":"2025-07-02T20:10:40+00:00","dateModified":"2025-07-02T20:26:21+00:00","breadcrumb":{"@id":"https:\/\/www.cesantiapn.com.ec\/resoluciones-operadores-de-valores\/#breadcrumb"},"inLanguage":"es","potentialAction":[{"@type":"ReadAction","target":["https:\/\/www.cesantiapn.com.ec\/resoluciones-operadores-de-valores\/"]}]},{"@type":"BreadcrumbList","@id":"https:\/\/www.cesantiapn.com.ec\/resoluciones-operadores-de-valores\/#breadcrumb","itemListElement":[{"@type":"ListItem","position":1,"name":"Portada","item":"https:\/\/www.cesantiapn.com.ec\/"},{"@type":"ListItem","position":2,"name":"Resoluciones &#8211; Operadores de Valores"}]},{"@type":"WebSite","@id":"https:\/\/www.cesantiapn.com.ec\/#website","url":"https:\/\/www.cesantiapn.com.ec\/","name":"Servicio de Cesant\u00eda de la Polic\u00eda Nacional","description":"","potentialAction":[{"@type":"SearchAction","target":{"@type":"EntryPoint","urlTemplate":"https:\/\/www.cesantiapn.com.ec\/?s={search_term_string}"},"query-input":"required name=search_term_string"}],"inLanguage":"es"}]}},"_links":{"self":[{"href":"https:\/\/www.cesantiapn.com.ec\/es\/wp-json\/wp\/v2\/pages\/24279"}],"collection":[{"href":"https:\/\/www.cesantiapn.com.ec\/es\/wp-json\/wp\/v2\/pages"}],"about":[{"href":"https:\/\/www.cesantiapn.com.ec\/es\/wp-json\/wp\/v2\/types\/page"}],"author":[{"embeddable":true,"href":"https:\/\/www.cesantiapn.com.ec\/es\/wp-json\/wp\/v2\/users\/18"}],"replies":[{"embeddable":true,"href":"https:\/\/www.cesantiapn.com.ec\/es\/wp-json\/wp\/v2\/comments?post=24279"}],"version-history":[{"count":8,"href":"https:\/\/www.cesantiapn.com.ec\/es\/wp-json\/wp\/v2\/pages\/24279\/revisions"}],"predecessor-version":[{"id":24289,"href":"https:\/\/www.cesantiapn.com.ec\/es\/wp-json\/wp\/v2\/pages\/24279\/revisions\/24289"}],"wp:attachment":[{"href":"https:\/\/www.cesantiapn.com.ec\/es\/wp-json\/wp\/v2\/media?parent=24279"}],"curies":[{"name":"wp","href":"https:\/\/api.w.org\/{rel}","templated":true}]}}