{"id":24759,"date":"2026-02-27T15:52:39","date_gmt":"2026-02-27T20:52:39","guid":{"rendered":"https:\/\/www.cesantiapn.com.ec\/?page_id=24759"},"modified":"2026-04-01T10:04:18","modified_gmt":"2026-04-01T15:04:18","slug":"rendicion-de-cuentas-2025","status":"publish","type":"page","link":"https:\/\/www.cesantiapn.com.ec\/es\/rendicion-de-cuentas-2025\/","title":{"rendered":"Rendici\u00f3n de Cuentas 2025"},"content":{"rendered":"<div class=\"wpb-content-wrapper\"><div class=\"vc_row wpb_row vc_row-fluid vc_custom_1700151505156 wd-rs-655640cdbaaf7\"><div class=\"wpb_column vc_column_container vc_col-sm-12\"><div class=\"vc_column-inner\"><div class=\"wpb_wrapper\">\n\t\t\t<!-- START seguros REVOLUTION SLIDER 6.6.18 --><p class=\"rs-p-wp-fix\"><\/p>\n\t\t\t<rs-module-wrap id=\"rev_slider_26_1_wrapper\" data-source=\"gallery\" style=\"visibility:hidden;background:transparent;padding:0;margin:0px auto;margin-top:0;margin-bottom:0;\">\n\t\t\t\t<rs-module id=\"rev_slider_26_1\" style=\"\" data-version=\"6.6.18\">\n\t\t\t\t\t<rs-slides style=\"overflow: hidden; position: absolute;\">\n\t\t\t\t\t\t<rs-slide style=\"position: absolute;\" data-key=\"rs-84\" data-title=\"Slide\" data-anim=\"ms:50;\" data-in=\"o:0;\" data-out=\"a:false;\">\n\t\t\t\t\t\t\t<img decoding=\"async\" src=\"\/\/www.cesantiapn.com.ec\/wp-content\/plugins\/revslider\/public\/assets\/assets\/dummy.png\" alt=\"Slide\" title=\"banner-a1\" width=\"1920\" height=\"614\" class=\"rev-slidebg tp-rs-img rs-lazyload\" data-lazyload=\"\/\/www.cesantiapn.com.ec\/wp-content\/plugins\/revslider\/public\/assets\/assets\/transparent.png\" data-bg=\"c:#f6f6f6;\" data-no-retina>\n<!--\n\t\t\t\t\t\t\t--><rs-layer\n\t\t\t\t\t\t\t\tid=\"slider-26-slide-84-layer-1\" \n\t\t\t\t\t\t\t\tdata-type=\"image\"\n\t\t\t\t\t\t\t\tdata-rsp_ch=\"on\"\n\t\t\t\t\t\t\t\tdata-xy=\"x:c;xo:0,0,0,638px;y:m;yo:0,0,0,36px;\"\n\t\t\t\t\t\t\t\tdata-text=\"w:normal;s:20,10,7,4;l:0,13,9,6;\"\n\t\t\t\t\t\t\t\tdata-dim=\"w:1920px,1024px,778px,480px;h:500px,266px,202px,124px;\"\n\t\t\t\t\t\t\t\tdata-vbility=\"t,t,f,f\"\n\t\t\t\t\t\t\t\tdata-frame_999=\"o:0;st:w;\"\n\t\t\t\t\t\t\t\tstyle=\"z-index:6;\"\n\t\t\t\t\t\t\t><img decoding=\"async\" src=\"\/\/www.cesantiapn.com.ec\/wp-content\/plugins\/revslider\/public\/assets\/assets\/dummy.png\" alt=\"\" class=\"tp-rs-img rs-lazyload\" width=\"1920\" height=\"500\" data-lazyload=\"\/\/www.cesantiapn.com.ec\/wp-content\/uploads\/2023\/11\/transparencia-2.jpg\" data-no-retina> \n\t\t\t\t\t\t\t<\/rs-layer><!--\n\n\t\t\t\t\t\t\t--><rs-layer\n\t\t\t\t\t\t\t\tid=\"slider-26-slide-84-layer-2\" \n\t\t\t\t\t\t\t\tdata-type=\"shape\"\n\t\t\t\t\t\t\t\tdata-rsp_ch=\"on\"\n\t\t\t\t\t\t\t\tdata-xy=\"xo:-148px,0,-2px,-1px;yo:26px,250px,379px,233px;\"\n\t\t\t\t\t\t\t\tdata-text=\"w:normal;s:20,10,7,4;l:0,13,9,6;\"\n\t\t\t\t\t\t\t\tdata-dim=\"w:720,384px,305px,188px;h:577px,266px,203px,125px;\"\n\t\t\t\t\t\t\t\tdata-vbility=\"t,t,f,f\"\n\t\t\t\t\t\t\t\tdata-frame_999=\"o:0;st:w;\"\n\t\t\t\t\t\t\t\tstyle=\"z-index:7;background-color:#ffffff;\"\n\t\t\t\t\t\t\t> \n\t\t\t\t\t\t\t<\/rs-layer><!--\n\n\t\t\t\t\t\t\t--><rs-layer\n\t\t\t\t\t\t\t\tid=\"slider-26-slide-84-layer-11\" \n\t\t\t\t\t\t\t\tdata-type=\"text\"\n\t\t\t\t\t\t\t\tdata-color=\"#24254c\"\n\t\t\t\t\t\t\t\tdata-rsp_ch=\"on\"\n\t\t\t\t\t\t\t\tdata-xy=\"x:c;xo:-634px,-345px,-265px,-64px;yo:358px,430px,506px,157px;\"\n\t\t\t\t\t\t\t\tdata-text=\"w:normal;s:50,26,19,25;l:65,34,25,15;fw:700;\"\n\t\t\t\t\t\t\t\tdata-dim=\"w:auto,auto,auto,331px;h:auto,auto,auto,30px;\"\n\t\t\t\t\t\t\t\tdata-frame_999=\"o:0;st:w;\"\n\t\t\t\t\t\t\t\tstyle=\"z-index:9;font-family:'Montserrat';\"\n\t\t\t\t\t\t\t>RENDICI\u00d3N DE CUENTAS \n\t\t\t\t\t\t\t<\/rs-layer><!--\n\n\t\t\t\t\t\t\t--><rs-layer\n\t\t\t\t\t\t\t\tid=\"slider-26-slide-84-layer-12\" \n\t\t\t\t\t\t\t\tdata-type=\"text\"\n\t\t\t\t\t\t\t\tdata-color=\"#24254c\"\n\t\t\t\t\t\t\t\tdata-rsp_ch=\"on\"\n\t\t\t\t\t\t\t\tdata-xy=\"x:c;xo:-474px,-252px,-191px,0;y:t,t,t,m;yo:282px,150px,534px,83px;\"\n\t\t\t\t\t\t\t\tdata-text=\"w:normal;s:30,16,12,18;l:35,18,13,20;fw:500;\"\n\t\t\t\t\t\t\t\tdata-dim=\"w:740px,394px,299px,443px;\"\n\t\t\t\t\t\t\t\tdata-frame_0=\"x:0,0,0,0px;y:0,0,0,0px;\"\n\t\t\t\t\t\t\t\tdata-frame_1=\"x:0,0,0,0px;y:0,0,0,0px;\"\n\t\t\t\t\t\t\t\tdata-frame_999=\"o:0;st:w;\"\n\t\t\t\t\t\t\t\tstyle=\"z-index:8;font-family:'Montserrat';\"\n\t\t\t\t\t\t\t> \n\t\t\t\t\t\t\t<\/rs-layer><!--\n-->\t\t\t\t\t\t<\/rs-slide>\n\t\t\t\t\t<\/rs-slides>\n\t\t\t\t<\/rs-module>\n\t\t\t\t<script>\n\t\t\t\t\tsetREVStartSize({c: 'rev_slider_26_1',rl:[192,1366,778,480],el:[500,767.988,960,250],gw:[1920,1024,778,480],gh:[500,768,960,250],type:'standard',justify:'',layout:'fullwidth',mh:\"0\"});if (window.RS_MODULES!==undefined && window.RS_MODULES.modules!==undefined && window.RS_MODULES.modules[\"revslider261\"]!==undefined) {window.RS_MODULES.modules[\"revslider261\"].once = false;window.revapi26 = undefined;if (window.RS_MODULES.checkMinimal!==undefined) window.RS_MODULES.checkMinimal()}\n\t\t\t\t<\/script>\n\t\t\t<\/rs-module-wrap>\n\t\t\t<!-- END REVOLUTION SLIDER -->\n<\/div><\/div><\/div><\/div><div class=\"vc_row wpb_row vc_row-fluid\"><div class=\"wpb_column vc_column_container vc_col-sm-12\"><div class=\"vc_column-inner\"><div class=\"wpb_wrapper\"><div class=\"vc_empty_space\"   style=\"height: 50px\"><span class=\"vc_empty_space_inner\"><\/span><\/div>\t\t\t<link rel=\"stylesheet\" id=\"wd-section-title-css\" href=\"https:\/\/www.cesantiapn.com.ec\/wp-content\/themes\/woodmart\/css\/parts\/el-section-title.min.css?ver=2.2\" type=\"text\/css\" media=\"all\" \/> \t\t\t\t\t\t<link rel=\"stylesheet\" id=\"wd-mod-highlighted-text-css\" href=\"https:\/\/www.cesantiapn.com.ec\/wp-content\/themes\/woodmart\/css\/parts\/mod-highlighted-text.min.css?ver=2.2\" type=\"text\/css\" media=\"all\" \/> \t\t\t\n\t\t<div id=\"wd-69a20202d2077\" class=\"title-wrapper wd-wpb set-mb-s reset-last-child  wd-rs-69a20202d2077 wd-title-color-default wd-title-style-default text-left  wd-underline-colored\">\n\t\t\t\n\t\t\t<div class=\"liner-continer\">\n\t\t\t\t<h4 class=\"woodmart-title-container title  wd-font-weight- wd-fontsize-l\" >- 2025<\/h4>\n\t\t\t\t\t\t\t<\/div>\n\t\t\t\n\t\t\t\n\t\t\t\n\t\t<\/div>\n\t\t\n\t\t<\/div><\/div><\/div><\/div><div class=\"vc_row wpb_row vc_row-fluid vc_custom_1700158194433 vc_row-o-full-height vc_row-o-columns-top vc_row-o-equal-height vc_row-o-content-middle vc_row-flex wd-rs-65565ae816dbf\"><div class=\"wpb_column vc_column_container vc_col-sm-9\"><div class=\"vc_column-inner\"><div class=\"wpb_wrapper\">\t\t\t<link rel=\"stylesheet\" id=\"wd-accordion-css\" href=\"https:\/\/www.cesantiapn.com.ec\/wp-content\/themes\/woodmart\/css\/parts\/el-accordion.min.css?ver=2.2\" type=\"text\/css\" media=\"all\" \/> \t\t\t\n\t\t<div id=\"wd-65415b9fb4e81\" class=\"wd-accordion wd-wpb wd-rs-65415b9fb4e81  wd-style-default\" data-state=\"all_closed\">\n\t\t\t\t\t\t\t\n\t\t\t\t\n\t\t\t\t<div class=\"wd-accordion-item\">\n\t\t\t\t\t<div class=\"wd-accordion-title font-primary wd-fontsize-s text-left wd-opener-pos-left wd-font-weight-600\" data-accordion-index=\"0\">\n\t\t\t\t\t\t<div class=\"wd-accordion-title-text\">\n\t\t\t\t\t\t\t\t\t\t\t\t\t\t<span>\n\t\t\t\t\t\t\t\tFASE 1 - ORGANIZACI\u00d3N INTERNA INSTITUCIONAL\t\t\t\t\t\t\t<\/span>\n\t\t\t\t\t\t<\/div>\n\t\t\t\t\t\t<span class=\"wd-accordion-opener wd-opener-style-plus\"><\/span>\n\t\t\t\t\t<\/div>\n\n\t\t\t\t\t<div class=\"wd-accordion-content reset-last-child\" data-accordion-index=\"0\">\n\t\t\t\t\t\t\t\t\t\t\t\t\t&nbsp;\r\n<p style=\"padding-left: 80px;\"><strong>CONFORMACI\u00d3N DEL EQUIPO DE RENDICI\u00d3N DE CUENTAS\u00a0<\/strong><\/p>\r\n&nbsp;\r\n<ul>\r\n \t<li style=\"list-style-type: none;\">\r\n<ul>\r\n \t<li style=\"list-style-type: none;\">\r\n<ul>\r\n \t<li style=\"list-style-type: none;\">\r\n<ol>\r\n \t<li>RESOLUCI\u00d3N No. CPCCS-PLE-SG-004-O-2026-0030 - 28-01-2026 - CPCCS - <a href=\"https:\/\/www.cesantiapn.com.ec\/wp-content\/uploads\/2026\/02\/1.-Resolucion_no_cpccs-ple-sg-004-o-2026-0030.pdf\">Descargar<\/a><\/li>\r\n \t<li>DISPOSICI\u00d3N DE CUMPLIMIENTO Y EJECUCI\u00d3N DEL NUEVO REGLAMENTO DE RENDICI\u00d3N DE CUENTAS - CPCCS - Memorando Nro. SCPN-DE-2026-1082-M - <a href=\"https:\/\/www.cesantiapn.com.ec\/wp-content\/uploads\/2026\/02\/2.-Disposicion-Cumplimiento-Reglamento-Rendicion-de-cuentas-CPCCS-SCPN-DE-2026-1082-M.pdf\">Descargar<\/a><\/li>\r\n \t<li>DISPOSICI\u00d3N DE CUMPLIMIENTO Y EJECUCI\u00d3N DEL NUEVO REGLAMENTO DE RENDICI\u00d3N DE CUENTAS - CPCCS - Memorando Nro. SCPN-PLG-2026-0250-M - <a href=\"https:\/\/www.cesantiapn.com.ec\/wp-content\/uploads\/2026\/02\/3.-Disposicion-Cumplimiento-Reglamento-rendicion-Cta.-CPCCS-SCPN-PLG-2026-0250-M.pdf\">Descargar<\/a><\/li>\r\n \t<li>PROCESO DE RENDICI\u00d3N DE CUENTAS SCPN 2025 \/ FASE 0 ORGANIZACI\u00d3N INTERNA \/ REQUERIMIENTO CREACI\u00d3N Y PUBLICACI\u00d3N DE LAS FASES DE RENDICI\u00d3N DE CUENTAS DEL SCPN\u00a0 2025 - METODOLOG\u00cdA CPCCS - Oficio Nro. SCPN-PLG-2026-0139-O -\u00a0<a href=\"https:\/\/www.cesantiapn.com.ec\/wp-content\/uploads\/2026\/03\/4.-DISPOSICION-DCE-CREE-LINK-PAG.-WEB-ORGANIZACION-INTERNA-SCPN-PLG-2026-0139-O.pdf\">Descargar<\/a><\/li>\r\n \t<li>FASE 0 \/ ORGANIZACI\u00d3N INTERNA INSTITUCIONAL \/ EQUIPO DE RENDICI\u00d3N DE CUENTAS DEL SERVICIO DE CESANT\u00cdA DE LA POLIC\u00cdA NACIONAL - Oficio Nro. SCPN-PLG-2026-0140-O -\u00a0<a href=\"https:\/\/www.cesantiapn.com.ec\/wp-content\/uploads\/2026\/03\/5.-EQUIPO-RC-2025-SCPN-OFICIO-NRO.-SCPN-PLG-2026-0140-O.pdf\">Descargar<\/a><\/li>\r\n \t<li>FASE 0 - ORGANIZACI\u00d3N INSTITUCIONAL INTERNA - <a href=\"https:\/\/www.cesantiapn.com.ec\/wp-content\/uploads\/2026\/03\/6.-DETALLE-ORGANIZACION-INTERNA-INSTITUCIONAL-SCPN-2025.pdf\">Descargar<\/a><\/li>\r\n<\/ol>\r\n<\/li>\r\n<\/ul>\r\n<\/li>\r\n<\/ul>\r\n<\/li>\r\n<\/ul>\r\n<ul>\r\n \t<li style=\"list-style-type: none;\">\r\n<ul>\r\n \t<li style=\"list-style-type: none;\">\r\n<ul>\r\n \t<li style=\"list-style-type: none;\"><\/li>\r\n<\/ul>\r\n<\/li>\r\n<\/ul>\r\n<\/li>\r\n<\/ul>\r\n&nbsp;\t\t\t\t\t\t\t\t\t\t\t<\/div>\n\t\t\t\t<\/div>\n\t\t\t\t\t\t\t\n\t\t\t\t\n\t\t\t\t<div class=\"wd-accordion-item\">\n\t\t\t\t\t<div class=\"wd-accordion-title font-primary wd-fontsize-s text-left wd-opener-pos-left wd-font-weight-600\" data-accordion-index=\"1\">\n\t\t\t\t\t\t<div class=\"wd-accordion-title-text\">\n\t\t\t\t\t\t\t\t\t\t\t\t\t\t<span>\n\t\t\t\t\t\t\t\tFASE 2 - ELABORACI\u00d3N DEL INFORME DE RENDICI\u00d3N DE CUENTAS\t\t\t\t\t\t\t<\/span>\n\t\t\t\t\t\t<\/div>\n\t\t\t\t\t\t<span class=\"wd-accordion-opener wd-opener-style-plus\"><\/span>\n\t\t\t\t\t<\/div>\n\n\t\t\t\t\t<div class=\"wd-accordion-content reset-last-child\" data-accordion-index=\"1\">\n\t\t\t\t\t\t\t\t\t\t\t\t\t&nbsp;\r\n<p style=\"padding-left: 80px;\"><strong>EVALUACI\u00d3N DE LA GESTI\u00d3N INSTITUCIONAL\u00a0<\/strong><\/p>\r\n&nbsp;\r\n<ol>\r\n \t<li>REFERENTE A LA DISPOSICI\u00d3N CUMPLIMIENTO DE LA FASE Nro. 1 - ELABORACI\u00d3N DEL INFORME DE RENDICI\u00d3N DE CUENTAS\/ PER\u00cdODO ENERO - DICIEMBRE 2025\/ Metodolog\u00eda Consejo de Participaci\u00f3n Ciudadana y Control Social (CPCCS) - <a href=\"https:\/\/www.cesantiapn.com.ec\/wp-content\/uploads\/2026\/03\/1.-DISPOSICION-ELABORACION-INFORME-NARRATIVO-RC-2025-SCPN-DE-2026-1672-M.pdf\" target=\"_blank\" rel=\"noopener\">Descargar<\/a><\/li>\r\n \t<li>CUMPLIMIENTO DE LA FASE Nro. 1 - ELABORACI\u00d3N DEL INFORME DE RENDICI\u00d3N DE CUENTAS\/ PER\u00cdODO ENERO - DICIEMBRE 2025\/ Metodolog\u00eda Consejo de Participaci\u00f3n Ciudadana y Control Social (CPCCS) - <a href=\"https:\/\/www.cesantiapn.com.ec\/wp-content\/uploads\/2026\/03\/2.-LINEAMIENTOS-ELABORACION-INFORME-NARRATIVO-SCPN-PLG-2026-0169-O.pdf\">Descargar<\/a><\/li>\r\n \t<li>ELABORACI\u00d3N DEL INFORME DE RENDICI\u00d3N DE CUENTAS - HABILITACI\u00d3N DE CANALES VIRTUALES Y PRESENCIALES DE ACCESO P\u00daBLICO Y ABIERTO - <a href=\"https:\/\/www.cesantiapn.com.ec\/wp-content\/uploads\/2026\/03\/3.-REQUERIMIENTO-HABILITACION-CANALES-VIRTUALES-R.C.-2025-SCPN-PLG-2026-0171-O-1.pdf\">Descargar<\/a><\/li>\r\n \t<li>VIDEO DE INVITACI\u00d3N DE TEM\u00c1TICAS\u00a0 A TRATAR EN RENDICI\u00d3N DE CUENTAS. -<a href=\"https:\/\/www.cesantiapn.com.ec\/wp-content\/uploads\/2026\/03\/VIDEO-Rendicion-de-Cuentas.mp4\"> Descargar<\/a><\/li>\r\n \t<li>FORMULARIO DE LEVANTAMIENTO DE TEM\u00c1TICAS PARA RENDICI\u00d3N DE CUENTAS. - <a href=\"https:\/\/docs.google.com\/forms\/d\/e\/1FAIpQLSdiD-5Isb-2M1U9NRArRPk7nW23-lqvj7MECqjOoqv9ZiMJPA\/viewform\">Descargar<\/a><\/li>\r\n \t<li>INFORME DE EVALUACI\u00d3N DE COMPRAS P\u00daBLICAS 2025. - <a href=\"https:\/\/www.cesantiapn.com.ec\/wp-content\/uploads\/2026\/03\/1INFOR_1.pdf\">Descargar<\/a><\/li>\r\n \t<li>INFORME DE EVALUACI\u00d3N ECON\u00d3MICO-FINANCIERA 2025. -<a href=\"https:\/\/www.cesantiapn.com.ec\/wp-content\/uploads\/2026\/03\/5INFOR_1.pdf\"> Descargar<\/a><\/li>\r\n<\/ol>\r\n&nbsp;\r\n<p style=\"padding-left: 80px;\"><strong>FORMULARIO\u00a0<\/strong><\/p>\r\n&nbsp;\r\n<ol>\r\n \t<li>FORMULARIO DE RECEPCI\u00d3N DE TEM\u00c1TICAS<a href=\"https:\/\/docs.google.com\/forms\/d\/e\/1FAIpQLSdiD-5Isb-2M1U9NRArRPk7nW23-lqvj7MECqjOoqv9ZiMJPA\/viewform\"> - Ver formulario<\/a><\/li>\r\n \t<li>MATRIZ PRELIMINAR DE RENDICI\u00d3N DE CUENTAS PERIODO 2025 -<a href=\"https:\/\/www.cesantiapn.com.ec\/wp-content\/uploads\/2026\/03\/1.-MATRIZ-PRELIMINAR-CPCCS-RENDICION-DE-CUENTAS-SCPN-2025-SCPN.pdf\"> Descargar<\/a><\/li>\r\n<\/ol>\r\n&nbsp;\r\n<p style=\"padding-left: 80px;\"><strong>INFORME DE RENDICI\u00d3N DE CUENTAS\u00a0<\/strong><\/p>\r\n&nbsp;\r\n<ol>\r\n \t<li>INFORME GENERAL DE EVALUACI\u00d3N INSTITUCIONAL - ASAMBLEA - 2025 - 2026 - <a href=\"https:\/\/www.cesantiapn.com.ec\/wp-content\/uploads\/2026\/03\/SCPN-INFORME-DE-GESTION-SCPN-ENERO-2025-FEBRERO-2026-JUNTA-DIRECTIVA.pdf\">Descargar<\/a><\/li>\r\n \t<li>PRESENTACI\u00d3N DEL INFORME NARRATIVO - ASAMBLEA - 2025 - 2026 - <a href=\"https:\/\/www.cesantiapn.com.ec\/wp-content\/uploads\/2026\/03\/Informe-Gestion-JD-26.03.2026-FINAL.pdf\">Descargar<\/a><\/li>\r\n<\/ol>\r\n&nbsp;\r\n<p style=\"padding-left: 80px;\"><strong>SOCIALIZACI\u00d3N INTERNA Y APROBACI\u00d3N<\/strong><\/p>\r\n&nbsp;\r\n<ol>\r\n \t<li>APROBACI\u00d3N Y PUBLICACI\u00d3N DE LA MATRIZ DE RENDICI\u00d3N DE CUENTAS DEL SCPN CORRESPONDIENTE AL PERIODO FISCAL 2025 DE ACUERDO A LOS LINEAMIENTOS ESTABLECIDOS POR EL CPCCS - <a href=\"https:\/\/www.cesantiapn.com.ec\/wp-content\/uploads\/2026\/04\/APROBACION-PUBLICACION-MATRIZ-RENDICION-DE-CUENTAS-SCPN-DE-2026-2142-M.pdf\">Descargar<\/a><\/li>\r\n \t<li>APROBACI\u00d3N Y PUBLICACI\u00d3N DE LA MATRIZ DE RENDICI\u00d3N DE CUENTAS DEL SCPN CORRESPONDIENTE AL PERIODO FISCAL 2025 DE ACUERDO A LOS LINEAMIENTOS ESTABLECIDOS POR EL CPCCS - <a href=\"https:\/\/www.cesantiapn.com.ec\/wp-content\/uploads\/2026\/04\/APROBACION-PUBLICACION-MATRIZ-RENDICION-DE-CUENTAS-SCPN-PLG-2026-0427-M.pdf\">Descargar<\/a><\/li>\r\n \t<li>INVITACI\u00d3N - <a href=\"https:\/\/www.cesantiapn.com.ec\/wp-content\/uploads\/2026\/04\/Invitaciones-Rendicion-de-Cuentas-2025-FINAL.png\">Descargar<\/a><\/li>\r\n<\/ol>\r\n&nbsp;\t\t\t\t\t\t\t\t\t\t\t<\/div>\n\t\t\t\t<\/div>\n\t\t\t\t\t\t\t\n\t\t\t\t\n\t\t\t\t<div class=\"wd-accordion-item\">\n\t\t\t\t\t<div class=\"wd-accordion-title font-primary wd-fontsize-s text-left wd-opener-pos-left wd-font-weight-600\" data-accordion-index=\"2\">\n\t\t\t\t\t\t<div class=\"wd-accordion-title-text\">\n\t\t\t\t\t\t\t\t\t\t\t\t\t\t<span>\n\t\t\t\t\t\t\t\tFASE 3 - DELIBERACI\u00d3N P\u00daBLICA SOBRE EL INFORME DE RENDICI\u00d3N DE CUENTAS\t\t\t\t\t\t\t<\/span>\n\t\t\t\t\t\t<\/div>\n\t\t\t\t\t\t<span class=\"wd-accordion-opener wd-opener-style-plus\"><\/span>\n\t\t\t\t\t<\/div>\n\n\t\t\t\t\t<div class=\"wd-accordion-content reset-last-child\" data-accordion-index=\"2\">\n\t\t\t\t\t\t\t\t\t\t\t\t\t\t\t\t\t\t\t\t\t\t\t\t<\/div>\n\t\t\t\t<\/div>\n\t\t\t\t\t\t\t\n\t\t\t\t\n\t\t\t\t<div class=\"wd-accordion-item\">\n\t\t\t\t\t<div class=\"wd-accordion-title font-primary wd-fontsize-s text-left wd-opener-pos-left wd-font-weight-600\" data-accordion-index=\"3\">\n\t\t\t\t\t\t<div class=\"wd-accordion-title-text\">\n\t\t\t\t\t\t\t\t\t\t\t\t\t\t<span>\n\t\t\t\t\t\t\t\tFASE 4 - ENTREGA DEL INFORME DE RENDICI\u00d3N DE CUENTAS AL CPCCS\t\t\t\t\t\t\t<\/span>\n\t\t\t\t\t\t<\/div>\n\t\t\t\t\t\t<span class=\"wd-accordion-opener wd-opener-style-plus\"><\/span>\n\t\t\t\t\t<\/div>\n\n\t\t\t\t\t<div class=\"wd-accordion-content reset-last-child\" data-accordion-index=\"3\">\n\t\t\t\t\t\t\t\t\t\t\t\t\t\t\t\t\t\t\t\t\t\t\t\t<\/div>\n\t\t\t\t<\/div>\n\t\t\t\t\t\t\t\t\t\t\t\t\t\t<\/div>\n\n\t\t<\/div><\/div><\/div><\/div><div class=\"vc_row wpb_row vc_row-fluid\"><div class=\"wpb_column vc_column_container vc_col-sm-12\"><div class=\"vc_column-inner\"><div class=\"wpb_wrapper\"><div class=\"vc_empty_space\"   style=\"height: 50px\"><span class=\"vc_empty_space_inner\"><\/span><\/div><\/div><\/div><\/div><\/div><div class=\"vc_row wpb_row vc_row-fluid vc_custom_1700158194433 vc_row-o-full-height vc_row-o-columns-top vc_row-o-equal-height vc_row-o-content-middle vc_row-flex wd-rs-65565ae816dbf\"><div class=\"wpb_column vc_column_container vc_col-sm-9\"><div class=\"vc_column-inner\"><div class=\"wpb_wrapper\"><div class=\"vc_row wpb_row vc_inner vc_row-fluid vc_custom_1698784345236 vc_row-has-fill vc_row-o-equal-height vc_row-o-content-middle vc_row-flex wd-rs-6541648faa3f1\"><div class=\"wpb_column vc_column_container vc_col-sm-8\"><div class=\"vc_column-inner\"><div class=\"wpb_wrapper\">\n\t\t<div id=\"wd-6541647c73536\" class=\"title-wrapper wd-wpb set-mb-s reset-last-child  wd-rs-6541647c73536 wd-title-color-default wd-title-style-default text-left  wd-underline-colored\">\n\t\t\t\n\t\t\t<div class=\"liner-continer\">\n\t\t\t\t<h4 class=\"woodmart-title-container title  wd-font-weight-700 wd-fontsize-l\" >Pr\u00e9stamo Emergente<\/h4>\n\t\t\t\t\t\t\t<\/div>\n\t\t\t\n\t\t\t\n\t\t\t\n\t\t<\/div>\n\t\t\n\t\t\t\t\t<link rel=\"stylesheet\" id=\"wd-text-block-css\" href=\"https:\/\/www.cesantiapn.com.ec\/wp-content\/themes\/woodmart\/css\/parts\/el-text-block.min.css?ver=2.2\" type=\"text\/css\" media=\"all\" \/> \t\t\t\t\t<div id=\"wd-654163d55253e\" class=\"wd-text-block wd-wpb reset-last-child wd-rs-654163d55253e text-left\">\n\t\t\t<p>Que los contratiempos no cambien tu d\u00eda, ahora estas respaldado ante cualquier emergencia.<\/p>\n\t\t<\/div>\n\t\t<\/div><\/div><\/div><div class=\"wpb_column vc_column_container vc_col-sm-4\"><div class=\"vc_column-inner\"><div class=\"wpb_wrapper\"><div id=\"wd-6578473763745\" class=\"wd-rs-6578473763745  wd-button-wrapper text-center\"><a href=\"https:\/\/www.cesantiapn.com.ec\/es\/credito-emergente-3\/\" title=\"\" target=\"_blank\" class=\"btn btn-color-white btn-style-3d btn-style-rectangle btn-size-default\">M\u00e1s informaci\u00f3n &gt;&gt;<\/a><\/div><div class=\"vc_empty_space hidden-lg\"   style=\"height: 32px\"><span class=\"vc_empty_space_inner\"><\/span><\/div><\/div><\/div><\/div><\/div><\/div><\/div><\/div><\/div><div class=\"vc_row wpb_row vc_row-fluid\"><div class=\"wpb_column vc_column_container vc_col-sm-12\"><div class=\"vc_column-inner\"><div class=\"wpb_wrapper\"><\/div><\/div><\/div><\/div>\n<\/div>","protected":false},"excerpt":{"rendered":"RENDICI\u00d3N DE CUENTAS - 2025 FASE 1 - ORGANIZACI\u00d3N INTERNA INSTITUCIONAL &nbsp; CONFORMACI\u00d3N DEL EQUIPO DE RENDICI\u00d3N DE CUENTAS\u00a0 &nbsp;","protected":false},"author":18,"featured_media":0,"parent":0,"menu_order":0,"comment_status":"closed","ping_status":"closed","template":"","meta":{"footnotes":""},"yoast_head":"<!-- This site is optimized with the Yoast SEO plugin v22.3 - https:\/\/yoast.com\/wordpress\/plugins\/seo\/ -->\n<title>Rendici\u00f3n de Cuentas 2025 - Servicio de Cesant\u00eda de la Polic\u00eda Nacional<\/title>\n<meta name=\"robots\" content=\"index, follow, max-snippet:-1, max-image-preview:large, max-video-preview:-1\" \/>\n<link rel=\"canonical\" href=\"https:\/\/www.cesantiapn.com.ec\/es\/rendicion-de-cuentas-2025\/\" \/>\n<meta property=\"og:locale\" content=\"es_ES\" \/>\n<meta property=\"og:type\" content=\"article\" \/>\n<meta property=\"og:title\" content=\"Rendici\u00f3n de Cuentas 2025 - Servicio de Cesant\u00eda de la Polic\u00eda Nacional\" \/>\n<meta property=\"og:url\" content=\"https:\/\/www.cesantiapn.com.ec\/es\/rendicion-de-cuentas-2025\/\" \/>\n<meta property=\"og:site_name\" content=\"Servicio de Cesant\u00eda de la Polic\u00eda Nacional\" \/>\n<meta property=\"article:modified_time\" content=\"2026-04-01T15:04:18+00:00\" \/>\n<meta name=\"twitter:card\" content=\"summary_large_image\" \/>\n<meta name=\"twitter:label1\" content=\"Tiempo de lectura\" \/>\n\t<meta name=\"twitter:data1\" content=\"3 minutos\" \/>\n<script type=\"application\/ld+json\" class=\"yoast-schema-graph\">{\"@context\":\"https:\/\/schema.org\",\"@graph\":[{\"@type\":\"WebPage\",\"@id\":\"https:\/\/www.cesantiapn.com.ec\/rendicion-de-cuentas-2025\/\",\"url\":\"https:\/\/www.cesantiapn.com.ec\/rendicion-de-cuentas-2025\/\",\"name\":\"Rendici\u00f3n de Cuentas 2025 - Servicio de Cesant\u00eda de la Polic\u00eda Nacional\",\"isPartOf\":{\"@id\":\"https:\/\/www.cesantiapn.com.ec\/#website\"},\"datePublished\":\"2026-02-27T20:52:39+00:00\",\"dateModified\":\"2026-04-01T15:04:18+00:00\",\"breadcrumb\":{\"@id\":\"https:\/\/www.cesantiapn.com.ec\/rendicion-de-cuentas-2025\/#breadcrumb\"},\"inLanguage\":\"es\",\"potentialAction\":[{\"@type\":\"ReadAction\",\"target\":[\"https:\/\/www.cesantiapn.com.ec\/rendicion-de-cuentas-2025\/\"]}]},{\"@type\":\"BreadcrumbList\",\"@id\":\"https:\/\/www.cesantiapn.com.ec\/rendicion-de-cuentas-2025\/#breadcrumb\",\"itemListElement\":[{\"@type\":\"ListItem\",\"position\":1,\"name\":\"Portada\",\"item\":\"https:\/\/www.cesantiapn.com.ec\/\"},{\"@type\":\"ListItem\",\"position\":2,\"name\":\"Rendici\u00f3n de Cuentas 2025\"}]},{\"@type\":\"WebSite\",\"@id\":\"https:\/\/www.cesantiapn.com.ec\/#website\",\"url\":\"https:\/\/www.cesantiapn.com.ec\/\",\"name\":\"Servicio de Cesant\u00eda de la Polic\u00eda Nacional\",\"description\":\"\",\"potentialAction\":[{\"@type\":\"SearchAction\",\"target\":{\"@type\":\"EntryPoint\",\"urlTemplate\":\"https:\/\/www.cesantiapn.com.ec\/?s={search_term_string}\"},\"query-input\":\"required name=search_term_string\"}],\"inLanguage\":\"es\"}]}<\/script>\n<!-- \/ Yoast SEO plugin. -->","yoast_head_json":{"title":"Rendici\u00f3n de Cuentas 2025 - Servicio de Cesant\u00eda de la Polic\u00eda Nacional","robots":{"index":"index","follow":"follow","max-snippet":"max-snippet:-1","max-image-preview":"max-image-preview:large","max-video-preview":"max-video-preview:-1"},"canonical":"https:\/\/www.cesantiapn.com.ec\/es\/rendicion-de-cuentas-2025\/","og_locale":"es_ES","og_type":"article","og_title":"Rendici\u00f3n de Cuentas 2025 - Servicio de Cesant\u00eda de la Polic\u00eda Nacional","og_url":"https:\/\/www.cesantiapn.com.ec\/es\/rendicion-de-cuentas-2025\/","og_site_name":"Servicio de Cesant\u00eda de la Polic\u00eda Nacional","article_modified_time":"2026-04-01T15:04:18+00:00","twitter_card":"summary_large_image","twitter_misc":{"Tiempo de lectura":"3 minutos"},"schema":{"@context":"https:\/\/schema.org","@graph":[{"@type":"WebPage","@id":"https:\/\/www.cesantiapn.com.ec\/rendicion-de-cuentas-2025\/","url":"https:\/\/www.cesantiapn.com.ec\/rendicion-de-cuentas-2025\/","name":"Rendici\u00f3n de Cuentas 2025 - Servicio de Cesant\u00eda de la Polic\u00eda Nacional","isPartOf":{"@id":"https:\/\/www.cesantiapn.com.ec\/#website"},"datePublished":"2026-02-27T20:52:39+00:00","dateModified":"2026-04-01T15:04:18+00:00","breadcrumb":{"@id":"https:\/\/www.cesantiapn.com.ec\/rendicion-de-cuentas-2025\/#breadcrumb"},"inLanguage":"es","potentialAction":[{"@type":"ReadAction","target":["https:\/\/www.cesantiapn.com.ec\/rendicion-de-cuentas-2025\/"]}]},{"@type":"BreadcrumbList","@id":"https:\/\/www.cesantiapn.com.ec\/rendicion-de-cuentas-2025\/#breadcrumb","itemListElement":[{"@type":"ListItem","position":1,"name":"Portada","item":"https:\/\/www.cesantiapn.com.ec\/"},{"@type":"ListItem","position":2,"name":"Rendici\u00f3n de Cuentas 2025"}]},{"@type":"WebSite","@id":"https:\/\/www.cesantiapn.com.ec\/#website","url":"https:\/\/www.cesantiapn.com.ec\/","name":"Servicio de Cesant\u00eda de la Polic\u00eda Nacional","description":"","potentialAction":[{"@type":"SearchAction","target":{"@type":"EntryPoint","urlTemplate":"https:\/\/www.cesantiapn.com.ec\/?s={search_term_string}"},"query-input":"required name=search_term_string"}],"inLanguage":"es"}]}},"_links":{"self":[{"href":"https:\/\/www.cesantiapn.com.ec\/es\/wp-json\/wp\/v2\/pages\/24759"}],"collection":[{"href":"https:\/\/www.cesantiapn.com.ec\/es\/wp-json\/wp\/v2\/pages"}],"about":[{"href":"https:\/\/www.cesantiapn.com.ec\/es\/wp-json\/wp\/v2\/types\/page"}],"author":[{"embeddable":true,"href":"https:\/\/www.cesantiapn.com.ec\/es\/wp-json\/wp\/v2\/users\/18"}],"replies":[{"embeddable":true,"href":"https:\/\/www.cesantiapn.com.ec\/es\/wp-json\/wp\/v2\/comments?post=24759"}],"version-history":[{"count":13,"href":"https:\/\/www.cesantiapn.com.ec\/es\/wp-json\/wp\/v2\/pages\/24759\/revisions"}],"predecessor-version":[{"id":24861,"href":"https:\/\/www.cesantiapn.com.ec\/es\/wp-json\/wp\/v2\/pages\/24759\/revisions\/24861"}],"wp:attachment":[{"href":"https:\/\/www.cesantiapn.com.ec\/es\/wp-json\/wp\/v2\/media?parent=24759"}],"curies":[{"name":"wp","href":"https:\/\/api.w.org\/{rel}","templated":true}]}}