{"id":24785,"date":"2026-03-03T13:04:30","date_gmt":"2026-03-03T18:04:30","guid":{"rendered":"https:\/\/www.cesantiapn.com.ec\/?page_id=24785"},"modified":"2026-03-03T13:51:30","modified_gmt":"2026-03-03T18:51:30","slug":"remate-en-sobre-cerrado","status":"publish","type":"page","link":"https:\/\/www.cesantiapn.com.ec\/es\/remate-en-sobre-cerrado\/","title":{"rendered":"REMATE EN SOBRE CERRADO"},"content":{"rendered":"<p style=\"text-align: center;\"><strong>REMATE EN SOBRE CERRADO (MOTOCICLETAS SCPN)<\/strong><\/p>\n<p><img loading=\"lazy\" decoding=\"async\" class=\"size-large wp-image-24788 aligncenter\" src=\"https:\/\/www.cesantiapn.com.ec\/wp-content\/uploads\/2026\/03\/Remate-motos-SCPN-fotos-1024x456.png\" alt=\"\" width=\"1024\" height=\"456\" srcset=\"https:\/\/www.cesantiapn.com.ec\/wp-content\/uploads\/2026\/03\/Remate-motos-SCPN-fotos-1024x456.png 1024w, https:\/\/www.cesantiapn.com.ec\/wp-content\/uploads\/2026\/03\/Remate-motos-SCPN-fotos-300x134.png 300w, https:\/\/www.cesantiapn.com.ec\/wp-content\/uploads\/2026\/03\/Remate-motos-SCPN-fotos-768x342.png 768w, https:\/\/www.cesantiapn.com.ec\/wp-content\/uploads\/2026\/03\/Remate-motos-SCPN-fotos-1536x684.png 1536w, https:\/\/www.cesantiapn.com.ec\/wp-content\/uploads\/2026\/03\/Remate-motos-SCPN-fotos-18x8.png 18w, https:\/\/www.cesantiapn.com.ec\/wp-content\/uploads\/2026\/03\/Remate-motos-SCPN-fotos.png 1563w\" sizes=\"(max-width: 1024px) 100vw, 1024px\" \/><\/p>\n<p>&nbsp;<\/p>\n<p>La Junta de Remates de veh\u00edculos tipo motocicletas del Servicio de Cesant\u00eda de la Polic\u00eda Nacional, pone en conocimiento al p\u00fablico en general, que se proceder\u00e1 al remate de 2 motocicletas de propiedad del SCPN, mediante Concurso de Ofertas en Sobre Cerrado, de acuerdo al siguiente detalle:<\/p>\n<p>&nbsp;<\/p>\n<table style=\"height: 189px;\" border=\"1\" width=\"654\">\n<tbody>\n<tr>\n<td width=\"45\"><strong>ORD<\/strong><\/td>\n<td width=\"58\"><strong>PLACA<\/strong><\/td>\n<td width=\"102\"><strong>CLASE<\/strong><\/td>\n<td width=\"69\"><strong>MODELO<\/strong><\/td>\n<td width=\"61\"><strong>MARCA<\/strong><\/td>\n<td width=\"58\"><strong>COLOR<\/strong><\/td>\n<td width=\"46\"><strong>A\u00d1O<\/strong><\/td>\n<td width=\"64\"><strong>ESTADO<\/strong><\/td>\n<td width=\"65\"><strong>AVAL\u00da<\/strong>O<\/td>\n<\/tr>\n<tr>\n<td style=\"text-align: center;\" width=\"45\">1<\/td>\n<td width=\"58\">EA147I<\/td>\n<td width=\"102\">MOTOCICLETA<\/td>\n<td width=\"69\">TORNADO 250<\/td>\n<td width=\"61\">HONDA<\/td>\n<td width=\"58\">NEGRA<\/td>\n<td width=\"46\">2012<\/td>\n<td width=\"64\">MALO<\/td>\n<td width=\"65\">1.028,25<\/td>\n<\/tr>\n<tr>\n<td style=\"text-align: center;\" width=\"45\">2<\/td>\n<td width=\"58\">K526X<\/td>\n<td width=\"102\">MOTOCICLETA<\/td>\n<td width=\"69\">CGR125STORM<\/td>\n<td width=\"61\">HONDA<\/td>\n<td width=\"58\">AZUL<\/td>\n<td width=\"46\">2010<\/td>\n<td width=\"64\">MALO<\/td>\n<td width=\"65\">900,00<\/td>\n<\/tr>\n<\/tbody>\n<\/table>\n<p>&nbsp;<\/p>\n<p><strong>Horario y lugar de recepci\u00f3n de las ofertas<\/strong><\/p>\n<p>De 08:30 a 16:30 en el Servicio de Cesant\u00eda de la Polic\u00eda Nacional, ubicado en la ciudad de Quito en la Av. 9 de octubre N29-24 y Av. Eloy Alfaro<\/p>\n<p><strong>Apertura de las ofertas y adjudicaci\u00f3n:<\/strong><br \/>\nLa apertura se realizar\u00e1 el lunes 16 de marzo de 2026, a partir de las 10:00, en la sala de reuniones del s\u00e9ptimo piso del Servicio de Cesant\u00eda de la Polic\u00eda Nacional, ubicado en la ciudad de Quito en la Av. 9 de octubre N29-24 y Av. Eloy Alfaro.<\/p>\n<p><strong>Observaci\u00f3n de las motocicletas:<\/strong><\/p>\n<p>Las motocicletas podr\u00e1n ser observados en el parqueadero perteneciente al SCPN ubicado en la Av. Amazonas y Av. Colon, los d\u00edas 10, 11 y 12 de marzo de 2026 desde las 08h30 hasta las 16h30.<\/p>\n<p><strong>Ofertas:<\/strong><br \/>\nInstrucciones para presentar ofertas<\/p>\n<p><strong>Entrega de la oferta<\/strong><br \/>\nLas ofertas deben entregarse en un sobre cerrado en la Secretar\u00eda de la Junta de Remates (Av. 9 de octubre N29-24 y Av. Eloy Alfaro instalaciones del Servicio de Cuant\u00eda de la Polic\u00eda Nacional). El plazo m\u00e1ximo de entrega es hasta el 16 de marzo de 2026, hasta las 09:00.<\/p>\n<p><strong>Requisitos del sobre<\/strong><br \/>\nAdem\u00e1s de su oferta por escrito, debe incluir el 10% del valor total de su oferta como garant\u00eda, este monto puede pagarse de dos formas:<br \/>\nEn <strong>dinero en efectivo o con cheque certificado<\/strong> a nombre del Servicio de Cesant\u00eda de la Polic\u00eda Nacional.<\/p>\n<p><strong>Condiciones de los veh\u00edculos<\/strong><br \/>\n<strong>Precio base:<\/strong> El valor del aval\u00fao oficial es el monto m\u00ednimo para empezar a ofertar.<br \/>\n<strong>Estado actual:<\/strong> Los veh\u00edculos se entregan en las condiciones mec\u00e1nicas en las que se encuentran actualmente.<\/p>\n<p><strong>Pago y entrega<\/strong><br \/>\nEl pago debe ser de contado y la entrega del veh\u00edculo al mejor postor ser\u00e1 inmediata.<\/p>\n<p><strong>Incumplimiento de pago<\/strong><br \/>\nSi el ganador no cancela el valor total de su oferta en el t\u00e9rmino de diez d\u00edas h\u00e1biles siguientes al de la adjudicaci\u00f3n, el remate se declarar\u00e1 fallido (quiebra del remate). En ese caso, el bien se adjudicar\u00e1 autom\u00e1ticamente al siguiente postor que haya ofrecido el mejor precio.<\/p>\n<p><strong>Devoluci\u00f3n de los valores consignados<\/strong><br \/>\nLos valores consignados para intervenir en el remate, por quienes no resultaren beneficiados con la adjudicaci\u00f3n, les ser\u00e1n devueltos despu\u00e9s que el adjudicatario hubiere hecho el pago correspondiente.<\/p>\n<p>&nbsp;<\/p>","protected":false},"excerpt":{"rendered":"<p>REMATE EN SOBRE CERRADO (MOTOCICLETAS SCPN) &nbsp; La Junta de Remates de veh\u00edculos tipo motocicletas del Servicio de Cesant\u00eda de<\/p>","protected":false},"author":18,"featured_media":0,"parent":0,"menu_order":0,"comment_status":"closed","ping_status":"closed","template":"","meta":{"footnotes":""},"yoast_head":"<!-- This site is optimized with the Yoast SEO plugin v22.3 - https:\/\/yoast.com\/wordpress\/plugins\/seo\/ -->\n<title>REMATE EN SOBRE CERRADO - Servicio de Cesant\u00eda de la Polic\u00eda Nacional<\/title>\n<meta name=\"robots\" content=\"index, follow, max-snippet:-1, max-image-preview:large, max-video-preview:-1\" \/>\n<link rel=\"canonical\" href=\"https:\/\/www.cesantiapn.com.ec\/es\/remate-en-sobre-cerrado\/\" \/>\n<meta property=\"og:locale\" content=\"es_ES\" \/>\n<meta property=\"og:type\" content=\"article\" \/>\n<meta property=\"og:title\" content=\"REMATE EN SOBRE CERRADO - Servicio de Cesant\u00eda de la Polic\u00eda Nacional\" \/>\n<meta property=\"og:description\" content=\"REMATE EN SOBRE CERRADO (MOTOCICLETAS SCPN) &nbsp; La Junta de Remates de veh\u00edculos tipo motocicletas del Servicio de Cesant\u00eda de\" \/>\n<meta property=\"og:url\" content=\"https:\/\/www.cesantiapn.com.ec\/es\/remate-en-sobre-cerrado\/\" \/>\n<meta property=\"og:site_name\" content=\"Servicio de Cesant\u00eda de la Polic\u00eda Nacional\" \/>\n<meta property=\"article:modified_time\" content=\"2026-03-03T18:51:30+00:00\" \/>\n<meta property=\"og:image\" content=\"https:\/\/www.cesantiapn.com.ec\/wp-content\/uploads\/2026\/03\/Remate-motos-SCPN-fotos-1024x456.png\" \/>\n<meta name=\"twitter:card\" content=\"summary_large_image\" \/>\n<meta name=\"twitter:label1\" content=\"Tiempo de lectura\" \/>\n\t<meta name=\"twitter:data1\" content=\"3 minutos\" \/>\n<script type=\"application\/ld+json\" class=\"yoast-schema-graph\">{\"@context\":\"https:\/\/schema.org\",\"@graph\":[{\"@type\":\"WebPage\",\"@id\":\"https:\/\/www.cesantiapn.com.ec\/remate-en-sobre-cerrado\/\",\"url\":\"https:\/\/www.cesantiapn.com.ec\/remate-en-sobre-cerrado\/\",\"name\":\"REMATE EN SOBRE CERRADO - Servicio de Cesant\u00eda de la Polic\u00eda Nacional\",\"isPartOf\":{\"@id\":\"https:\/\/www.cesantiapn.com.ec\/#website\"},\"primaryImageOfPage\":{\"@id\":\"https:\/\/www.cesantiapn.com.ec\/remate-en-sobre-cerrado\/#primaryimage\"},\"image\":{\"@id\":\"https:\/\/www.cesantiapn.com.ec\/remate-en-sobre-cerrado\/#primaryimage\"},\"thumbnailUrl\":\"https:\/\/www.cesantiapn.com.ec\/wp-content\/uploads\/2026\/03\/Remate-motos-SCPN-fotos-1024x456.png\",\"datePublished\":\"2026-03-03T18:04:30+00:00\",\"dateModified\":\"2026-03-03T18:51:30+00:00\",\"breadcrumb\":{\"@id\":\"https:\/\/www.cesantiapn.com.ec\/remate-en-sobre-cerrado\/#breadcrumb\"},\"inLanguage\":\"es\",\"potentialAction\":[{\"@type\":\"ReadAction\",\"target\":[\"https:\/\/www.cesantiapn.com.ec\/remate-en-sobre-cerrado\/\"]}]},{\"@type\":\"ImageObject\",\"inLanguage\":\"es\",\"@id\":\"https:\/\/www.cesantiapn.com.ec\/remate-en-sobre-cerrado\/#primaryimage\",\"url\":\"https:\/\/www.cesantiapn.com.ec\/wp-content\/uploads\/2026\/03\/Remate-motos-SCPN-fotos.png\",\"contentUrl\":\"https:\/\/www.cesantiapn.com.ec\/wp-content\/uploads\/2026\/03\/Remate-motos-SCPN-fotos.png\",\"width\":1563,\"height\":696},{\"@type\":\"BreadcrumbList\",\"@id\":\"https:\/\/www.cesantiapn.com.ec\/remate-en-sobre-cerrado\/#breadcrumb\",\"itemListElement\":[{\"@type\":\"ListItem\",\"position\":1,\"name\":\"Portada\",\"item\":\"https:\/\/www.cesantiapn.com.ec\/\"},{\"@type\":\"ListItem\",\"position\":2,\"name\":\"REMATE EN SOBRE CERRADO\"}]},{\"@type\":\"WebSite\",\"@id\":\"https:\/\/www.cesantiapn.com.ec\/#website\",\"url\":\"https:\/\/www.cesantiapn.com.ec\/\",\"name\":\"Servicio de Cesant\u00eda de la Polic\u00eda Nacional\",\"description\":\"\",\"potentialAction\":[{\"@type\":\"SearchAction\",\"target\":{\"@type\":\"EntryPoint\",\"urlTemplate\":\"https:\/\/www.cesantiapn.com.ec\/?s={search_term_string}\"},\"query-input\":\"required name=search_term_string\"}],\"inLanguage\":\"es\"}]}<\/script>\n<!-- \/ Yoast SEO plugin. -->","yoast_head_json":{"title":"REMATE EN SOBRE CERRADO - Servicio de Cesant\u00eda de la Polic\u00eda Nacional","robots":{"index":"index","follow":"follow","max-snippet":"max-snippet:-1","max-image-preview":"max-image-preview:large","max-video-preview":"max-video-preview:-1"},"canonical":"https:\/\/www.cesantiapn.com.ec\/es\/remate-en-sobre-cerrado\/","og_locale":"es_ES","og_type":"article","og_title":"REMATE EN SOBRE CERRADO - Servicio de Cesant\u00eda de la Polic\u00eda Nacional","og_description":"REMATE EN SOBRE CERRADO (MOTOCICLETAS SCPN) &nbsp; La Junta de Remates de veh\u00edculos tipo motocicletas del Servicio de Cesant\u00eda de","og_url":"https:\/\/www.cesantiapn.com.ec\/es\/remate-en-sobre-cerrado\/","og_site_name":"Servicio de Cesant\u00eda de la Polic\u00eda Nacional","article_modified_time":"2026-03-03T18:51:30+00:00","og_image":[{"url":"https:\/\/www.cesantiapn.com.ec\/wp-content\/uploads\/2026\/03\/Remate-motos-SCPN-fotos-1024x456.png"}],"twitter_card":"summary_large_image","twitter_misc":{"Tiempo de lectura":"3 minutos"},"schema":{"@context":"https:\/\/schema.org","@graph":[{"@type":"WebPage","@id":"https:\/\/www.cesantiapn.com.ec\/remate-en-sobre-cerrado\/","url":"https:\/\/www.cesantiapn.com.ec\/remate-en-sobre-cerrado\/","name":"REMATE EN SOBRE CERRADO - Servicio de Cesant\u00eda de la Polic\u00eda Nacional","isPartOf":{"@id":"https:\/\/www.cesantiapn.com.ec\/#website"},"primaryImageOfPage":{"@id":"https:\/\/www.cesantiapn.com.ec\/remate-en-sobre-cerrado\/#primaryimage"},"image":{"@id":"https:\/\/www.cesantiapn.com.ec\/remate-en-sobre-cerrado\/#primaryimage"},"thumbnailUrl":"https:\/\/www.cesantiapn.com.ec\/wp-content\/uploads\/2026\/03\/Remate-motos-SCPN-fotos-1024x456.png","datePublished":"2026-03-03T18:04:30+00:00","dateModified":"2026-03-03T18:51:30+00:00","breadcrumb":{"@id":"https:\/\/www.cesantiapn.com.ec\/remate-en-sobre-cerrado\/#breadcrumb"},"inLanguage":"es","potentialAction":[{"@type":"ReadAction","target":["https:\/\/www.cesantiapn.com.ec\/remate-en-sobre-cerrado\/"]}]},{"@type":"ImageObject","inLanguage":"es","@id":"https:\/\/www.cesantiapn.com.ec\/remate-en-sobre-cerrado\/#primaryimage","url":"https:\/\/www.cesantiapn.com.ec\/wp-content\/uploads\/2026\/03\/Remate-motos-SCPN-fotos.png","contentUrl":"https:\/\/www.cesantiapn.com.ec\/wp-content\/uploads\/2026\/03\/Remate-motos-SCPN-fotos.png","width":1563,"height":696},{"@type":"BreadcrumbList","@id":"https:\/\/www.cesantiapn.com.ec\/remate-en-sobre-cerrado\/#breadcrumb","itemListElement":[{"@type":"ListItem","position":1,"name":"Portada","item":"https:\/\/www.cesantiapn.com.ec\/"},{"@type":"ListItem","position":2,"name":"REMATE EN SOBRE CERRADO"}]},{"@type":"WebSite","@id":"https:\/\/www.cesantiapn.com.ec\/#website","url":"https:\/\/www.cesantiapn.com.ec\/","name":"Servicio de Cesant\u00eda de la Polic\u00eda Nacional","description":"","potentialAction":[{"@type":"SearchAction","target":{"@type":"EntryPoint","urlTemplate":"https:\/\/www.cesantiapn.com.ec\/?s={search_term_string}"},"query-input":"required name=search_term_string"}],"inLanguage":"es"}]}},"_links":{"self":[{"href":"https:\/\/www.cesantiapn.com.ec\/es\/wp-json\/wp\/v2\/pages\/24785"}],"collection":[{"href":"https:\/\/www.cesantiapn.com.ec\/es\/wp-json\/wp\/v2\/pages"}],"about":[{"href":"https:\/\/www.cesantiapn.com.ec\/es\/wp-json\/wp\/v2\/types\/page"}],"author":[{"embeddable":true,"href":"https:\/\/www.cesantiapn.com.ec\/es\/wp-json\/wp\/v2\/users\/18"}],"replies":[{"embeddable":true,"href":"https:\/\/www.cesantiapn.com.ec\/es\/wp-json\/wp\/v2\/comments?post=24785"}],"version-history":[{"count":4,"href":"https:\/\/www.cesantiapn.com.ec\/es\/wp-json\/wp\/v2\/pages\/24785\/revisions"}],"predecessor-version":[{"id":24792,"href":"https:\/\/www.cesantiapn.com.ec\/es\/wp-json\/wp\/v2\/pages\/24785\/revisions\/24792"}],"wp:attachment":[{"href":"https:\/\/www.cesantiapn.com.ec\/es\/wp-json\/wp\/v2\/media?parent=24785"}],"curies":[{"name":"wp","href":"https:\/\/api.w.org\/{rel}","templated":true}]}}